{"id":3849,"date":"2022-12-22T14:53:12","date_gmt":"2022-12-22T13:53:12","guid":{"rendered":"https:\/\/novalliance.net\/?page_id=3849"},"modified":"2023-02-24T09:49:27","modified_gmt":"2023-02-24T08:49:27","slug":"politica-de-qualidade","status":"publish","type":"page","link":"https:\/\/novalliance.net\/pt-pt\/notre-groupe\/politica-de-qualidade\/","title":{"rendered":"Politica de qualidade"},"content":{"rendered":"<h2>A nossa actividade<\/h2>\n<p>O nosso neg\u00f3cio abrange a cria\u00e7\u00e3o e comercializa\u00e7\u00e3o de sementes de vegetais para os tr\u00f3picos, gra\u00e7as a uma organiza\u00e7\u00e3o de investiga\u00e7\u00e3o diversificada, uma capacidade para lan\u00e7ar novas variedades de alto desempenho e equipas capazes de implantar redes em novos mercados.<\/p>\n<p>A produ\u00e7\u00e3o e distribui\u00e7\u00e3o de sementes de qualidade em pa\u00edses tropicais requer antecipa\u00e7\u00e3o, adaptabilidade e know-how. A Novalliance conta com o profissionalismo das suas equipas e com a per\u00edcia das estruturas do grupo para garantir o percurso da semente e assim visar a excel\u00eancia.<\/p>\n<p>Estamos a implementar uma pol\u00edtica de qualidade participativa e protectora, porque a nossa prioridade \u00e9 limitar o risco assumido pelo agricultor. A nossa actividade n\u00e3o se limita a uma simples actividade comercial, mas contribui activamente para a melhoria das condi\u00e7\u00f5es de vida das popula\u00e7\u00f5es locais.<\/p>\n<p><img loading=\"lazy\" decoding=\"async\" class=\"alignnone size-full wp-image-3889\" src=\"https:\/\/novalliance.net\/wp-content\/uploads\/2022\/12\/oqualis-port-1.png\" alt=\"\" width=\"1650\" height=\"3563\" srcset=\"https:\/\/novalliance.net\/wp-content\/uploads\/2022\/12\/oqualis-port-1.png 1650w, https:\/\/novalliance.net\/wp-content\/uploads\/2022\/12\/oqualis-port-1-139x300.png 139w, https:\/\/novalliance.net\/wp-content\/uploads\/2022\/12\/oqualis-port-1-474x1024.png 474w, https:\/\/novalliance.net\/wp-content\/uploads\/2022\/12\/oqualis-port-1-768x1658.png 768w, https:\/\/novalliance.net\/wp-content\/uploads\/2022\/12\/oqualis-port-1-711x1536.png 711w, https:\/\/novalliance.net\/wp-content\/uploads\/2022\/12\/oqualis-port-1-948x2048.png 948w, https:\/\/novalliance.net\/wp-content\/uploads\/2022\/12\/oqualis-port-1-79x170.png 79w, https:\/\/novalliance.net\/wp-content\/uploads\/2022\/12\/oqualis-port-1-1320x2850.png 1320w\" sizes=\"auto, (max-width: 1650px) 100vw, 1650px\" \/><\/p>\n","protected":false},"excerpt":{"rendered":"<p>A nossa actividade O nosso neg\u00f3cio abrange a cria\u00e7\u00e3o e comercializa\u00e7\u00e3o de sementes de vegetais para os tr\u00f3picos, gra\u00e7as a uma organiza\u00e7\u00e3o de investiga\u00e7\u00e3o diversificada, uma capacidade para lan\u00e7ar novas variedades de alto desempenho e equipas capazes de implantar redes em novos mercados. A produ\u00e7\u00e3o e distribui\u00e7\u00e3o de sementes de qualidade em pa\u00edses tropicais requer [&hellip;]<\/p>\n","protected":false},"author":847,"featured_media":0,"parent":1809,"menu_order":104,"comment_status":"open","ping_status":"closed","template":"template-flexible.php","meta":{"_acf_changed":false,"footnotes":""},"class_list":["post-3849","page","type-page","status-publish","hentry"],"acf":[],"_links":{"self":[{"href":"https:\/\/novalliance.net\/pt-pt\/wp-json\/wp\/v2\/pages\/3849","targetHints":{"allow":["GET"]}}],"collection":[{"href":"https:\/\/novalliance.net\/pt-pt\/wp-json\/wp\/v2\/pages"}],"about":[{"href":"https:\/\/novalliance.net\/pt-pt\/wp-json\/wp\/v2\/types\/page"}],"author":[{"embeddable":true,"href":"https:\/\/novalliance.net\/pt-pt\/wp-json\/wp\/v2\/users\/847"}],"replies":[{"embeddable":true,"href":"https:\/\/novalliance.net\/pt-pt\/wp-json\/wp\/v2\/comments?post=3849"}],"version-history":[{"count":5,"href":"https:\/\/novalliance.net\/pt-pt\/wp-json\/wp\/v2\/pages\/3849\/revisions"}],"predecessor-version":[{"id":4033,"href":"https:\/\/novalliance.net\/pt-pt\/wp-json\/wp\/v2\/pages\/3849\/revisions\/4033"}],"up":[{"embeddable":true,"href":"https:\/\/novalliance.net\/pt-pt\/wp-json\/wp\/v2\/pages\/1809"}],"wp:attachment":[{"href":"https:\/\/novalliance.net\/pt-pt\/wp-json\/wp\/v2\/media?parent=3849"}],"curies":[{"name":"wp","href":"https:\/\/api.w.org\/{rel}","templated":true}]}}