{"id":2032,"date":"2021-04-22T10:43:23","date_gmt":"2021-04-22T08:43:23","guid":{"rendered":"https:\/\/novalliance.net\/notre-metier\/distribution\/"},"modified":"2022-07-21T14:48:21","modified_gmt":"2022-07-21T12:48:21","slug":"distribution","status":"publish","type":"page","link":"https:\/\/novalliance.net\/pt-pt\/notre-metier\/distribution\/","title":{"rendered":"DISTRIBUI\u00c7\u00c3O"},"content":{"rendered":"<h1>Distribution<\/h1>\n<ul class=\"sow-slider-images\" data-settings=\"{&quot;pagination&quot;:true,&quot;speed&quot;:800,&quot;timeout&quot;:8000,&quot;swipe&quot;:true}\">\n<li class=\"sow-slider-image\"><img loading=\"lazy\" decoding=\"async\" class=\"attachment-full size-full\" src=\"http:\/\/www.novalliance.net\/wp-content\/uploads\/2017\/05\/visuel_distribution2.jpg\" alt=\"\" width=\"855\" height=\"383\"><\/li>\n<li class=\"sow-slider-image\"><img loading=\"lazy\" decoding=\"async\" class=\"attachment-full size-full\" src=\"http:\/\/www.novalliance.net\/wp-content\/uploads\/2017\/05\/visuel_distribution.jpg\" alt=\"\" width=\"855\" height=\"383\"><\/li>\n<\/ul>\n<ol class=\"sow-slider-pagination\">\n<li><a href=\"#\" data-goto=\"0\">1<\/a><\/li>\n<li><a href=\"#\" data-goto=\"1\">2<\/a><\/li>\n<\/ol>\n<p><img loading=\"lazy\" decoding=\"async\" class=\"so-widget-image\" src=\"http:\/\/www.novalliance.net\/wp-content\/uploads\/2017\/05\/picto-distribution.gif\" width=\"99\" height=\"71\"><\/p>\n<p>Novalliance forme une unit\u00e9 compl\u00e8te et forte qui couvre les principaux territoires de ses march\u00e9s, gr\u00e2ce \u00e0 un r\u00e9seau de distribution diversifi\u00e9 et en croissance continue. Novalliance peut se compter parmi un des plus grands groupes Franco-Africain&nbsp;: compos\u00e9 de 45 soci\u00e9t\u00e9s et 5 marques, le groupe compte plus de 500 collaborateurs dans le monde. Diversit\u00e9 et compl\u00e9mentarit\u00e9 caract\u00e9risent ces soci\u00e9t\u00e9s qui agissent dans des registres distincts et savent conjuguer ensemble leurs talents.<\/p>\n<p>Le Groupe a actuellement deux circuits de distribution&nbsp;:<\/p>\n<p><strong>1) Un circuit de distribution exclusif entre l\u2019entreprise Technisem et les 29 Partners (soci\u00e9t\u00e9s partenaires) pr\u00e9sents en Afrique.<\/strong><\/p>\n<p>Dans un pays, lorsqu\u2019un Partner est cr\u00e9\u00e9, Technisem ne vend plus en direct \u00e0 des distributeurs mais au travers de celle-ci. Ces soci\u00e9t\u00e9s ont en g\u00e9n\u00e9ral un si\u00e8ge social dans une des villes principales du pays et ouvrent ensuite des magasins secondaires. Cela permet de couvrir au maximum le territoire pour \u00eatre au plus proche des producteurs et leur assurer un approvisionnement en continu et de bonne qualit\u00e9.<\/p>\n<p>A l&#8217;\u00e9chelle locale, la distribution chez le Partner s&#8217;organise de la fa\u00e7on suivante :<\/p>\n<ul>\n<li>Une \u00e9quipe de commerciaux terrain et magasin charg\u00e9e d&#8217;assurer la relation client avec la prospection, la promotion des ventes, les ventes et la fid\u00e9lisation de nos clients.<\/li>\n<li>Une \u00e9quipe d&#8217;agents de d\u00e9veloppement charg\u00e9e de promouvoir nos produits et fournir une assistance technique aux producteurs.<\/li>\n<li>Une \u00e9quipe administrative, commerciale et financi\u00e8re qui supervise et coordonne les activit\u00e9s.<\/li>\n<\/ul>\n<p>Notre objectif est de d\u00e9velopper notre r\u00e9seau avec de nouvelles implantations et en parall\u00e8le consolider les Partners d\u00e9j\u00e0 ouvertes afin d&#8217;assurer un maillage complet. Ce large r\u00e9seau de distributeurs et d\u2019\u00e9quipes commerciales constitue une force de vente efficace et qualifi\u00e9e, positionn\u00e9e au plus proche des producteurs, garantissant conseils et appuis techniques.<\/p>\n<p><strong>2) Un circuit de distribution entre Technisem et des clients directs lorsque le pays n\u2019a aucun Partner implant\u00e9.<\/strong><\/p>\n<p>Historiquement, Technisem a toujours travaill\u00e9 avec des clients ind\u00e9pendants mais r\u00e9guliers. Aujourd\u2019hui, en 2017, elle en compte une cinquantaine r\u00e9partie sur 45 pays.<\/p>\n<p>Ce r\u00e9seau rev\u00eat un caract\u00e8re strat\u00e9gique car il est source d\u2019informations et d\u2019inspiration qui irrigue sa r\u00e9flexion et participe ainsi tr\u00e8s activement au renforcement et au d\u00e9veloppement du groupe Novalliance.<\/p>\n<p style=\"text-align: justify\"><img loading=\"lazy\" decoding=\"async\" class=\"alignnone wp-image-1912\" src=\"http:\/\/www.novalliance.net\/wp-content\/uploads\/2017\/05\/agrinova.gif\" alt=\"\" width=\"121\" height=\"52\"> <img loading=\"lazy\" decoding=\"async\" class=\"alignnone wp-image-1913\" src=\"http:\/\/www.novalliance.net\/wp-content\/uploads\/2017\/05\/agroventure.png\" alt=\"\" width=\"125\" height=\"53\"> <img loading=\"lazy\" decoding=\"async\" class=\"alignnone wp-image-1914\" src=\"http:\/\/www.novalliance.net\/wp-content\/uploads\/2017\/05\/armorgenetic.jpg\" alt=\"\" width=\"168\" height=\"40\"> <img loading=\"lazy\" decoding=\"async\" class=\"alignnone wp-image-1915\" src=\"http:\/\/www.novalliance.net\/wp-content\/uploads\/2017\/05\/canyon-seed.png\" alt=\"\" width=\"151\" height=\"57\"> <img loading=\"lazy\" decoding=\"async\" class=\"alignnone wp-image-1916\" src=\"http:\/\/www.novalliance.net\/wp-content\/uploads\/2017\/05\/jardinova.gif\" alt=\"\" width=\"145\" height=\"36\"> <img loading=\"lazy\" decoding=\"async\" class=\"alignnone wp-image-1917\" src=\"http:\/\/www.novalliance.net\/wp-content\/uploads\/2017\/05\/jarditropic.gif\" alt=\"\" width=\"110\" height=\"36\"> <img loading=\"lazy\" decoding=\"async\" class=\"alignnone wp-image-1918\" src=\"http:\/\/www.novalliance.net\/wp-content\/uploads\/2017\/05\/nankogenetic.jpg\" alt=\"\" width=\"158\" height=\"30\"> <img loading=\"lazy\" decoding=\"async\" class=\"alignnone wp-image-1919\" src=\"http:\/\/www.novalliance.net\/wp-content\/uploads\/2017\/05\/nankoprod.jpg\" alt=\"\" width=\"63\" height=\"63\"> <img loading=\"lazy\" decoding=\"async\" class=\"alignnone wp-image-1920\" src=\"http:\/\/www.novalliance.net\/wp-content\/uploads\/2017\/05\/novagenetic.png\" alt=\"\" width=\"96\" height=\"60\"> <img loading=\"lazy\" decoding=\"async\" class=\"alignnone wp-image-1921\" src=\"http:\/\/www.novalliance.net\/wp-content\/uploads\/2017\/05\/seedlab.png\" alt=\"\" width=\"120\" height=\"50\"> <img decoding=\"async\" class=\"alignnone size-full wp-image-1922\" src=\"http:\/\/www.novalliance.net\/wp-content\/uploads\/2017\/05\/semagri.jpg\" alt=\"\"> <img loading=\"lazy\" decoding=\"async\" class=\"alignnone wp-image-1923\" src=\"http:\/\/www.novalliance.net\/wp-content\/uploads\/2017\/05\/semana.png\" alt=\"\" width=\"145\" height=\"45\"> <img loading=\"lazy\" decoding=\"async\" class=\"alignnone wp-image-1924\" src=\"http:\/\/www.novalliance.net\/wp-content\/uploads\/2017\/05\/technisem.gif\" alt=\"\" width=\"134\" height=\"32\"> <img loading=\"lazy\" decoding=\"async\" class=\"alignnone wp-image-1925\" src=\"http:\/\/www.novalliance.net\/wp-content\/uploads\/2017\/05\/tropicana.gif\" alt=\"\" width=\"106\" height=\"41\"> <img loading=\"lazy\" decoding=\"async\" class=\"alignnone wp-image-1926\" src=\"http:\/\/www.novalliance.net\/wp-content\/uploads\/2017\/05\/tropicasem.jpg\" alt=\"\" width=\"130\" height=\"37\"><\/p>\n<p>&nbsp;<\/p>\n<p><a class=\"bouton_bleu\" href=\"\/?page_id=59\">&lt;&lt; Notre m\u00e9tier<\/a><\/p>\n","protected":false},"excerpt":{"rendered":"<p>Distribution 1 2 Novalliance forme une unit\u00e9 compl\u00e8te et forte qui couvre les principaux territoires de ses march\u00e9s, gr\u00e2ce \u00e0 un r\u00e9seau de distribution diversifi\u00e9 et en croissance continue. Novalliance peut se compter parmi un des plus grands groupes Franco-Africain&nbsp;: compos\u00e9 de 45 soci\u00e9t\u00e9s et 5 marques, le groupe compte plus de 500 collaborateurs dans [&hellip;]<\/p>\n","protected":false},"author":1,"featured_media":0,"parent":1980,"menu_order":67,"comment_status":"open","ping_status":"closed","template":"template-flexible.php","meta":{"_acf_changed":false,"footnotes":""},"class_list":["post-2032","page","type-page","status-publish","hentry"],"acf":[],"_links":{"self":[{"href":"https:\/\/novalliance.net\/pt-pt\/wp-json\/wp\/v2\/pages\/2032","targetHints":{"allow":["GET"]}}],"collection":[{"href":"https:\/\/novalliance.net\/pt-pt\/wp-json\/wp\/v2\/pages"}],"about":[{"href":"https:\/\/novalliance.net\/pt-pt\/wp-json\/wp\/v2\/types\/page"}],"author":[{"embeddable":true,"href":"https:\/\/novalliance.net\/pt-pt\/wp-json\/wp\/v2\/users\/1"}],"replies":[{"embeddable":true,"href":"https:\/\/novalliance.net\/pt-pt\/wp-json\/wp\/v2\/comments?post=2032"}],"version-history":[{"count":3,"href":"https:\/\/novalliance.net\/pt-pt\/wp-json\/wp\/v2\/pages\/2032\/revisions"}],"predecessor-version":[{"id":3469,"href":"https:\/\/novalliance.net\/pt-pt\/wp-json\/wp\/v2\/pages\/2032\/revisions\/3469"}],"up":[{"embeddable":true,"href":"https:\/\/novalliance.net\/pt-pt\/wp-json\/wp\/v2\/pages\/1980"}],"wp:attachment":[{"href":"https:\/\/novalliance.net\/pt-pt\/wp-json\/wp\/v2\/media?parent=2032"}],"curies":[{"name":"wp","href":"https:\/\/api.w.org\/{rel}","templated":true}]}}