{"id":2011,"date":"2021-04-22T10:43:23","date_gmt":"2021-04-22T08:43:23","guid":{"rendered":"https:\/\/novalliance.net\/notre-metier\/industrie\/"},"modified":"2021-07-12T12:19:14","modified_gmt":"2021-07-12T10:19:14","slug":"industrie","status":"publish","type":"page","link":"https:\/\/novalliance.net\/pt-pt\/notre-metier\/industrie\/","title":{"rendered":"IND\u00daSTRIA"},"content":{"rendered":"<h1>Industrie<\/h1>\n<ul class=\"sow-slider-images\" data-settings=\"{&quot;pagination&quot;:true,&quot;speed&quot;:800,&quot;timeout&quot;:8000,&quot;swipe&quot;:true}\">\n<li class=\"sow-slider-image\"><img loading=\"lazy\" decoding=\"async\" class=\"attachment-full size-full\" src=\"http:\/\/www.novalliance.net\/wp-content\/uploads\/2017\/05\/visuel_industrie.jpg\" srcset=\"http:\/\/www.novalliance.net\/wp-content\/uploads\/2017\/05\/visuel_industrie-250x112.jpg 640w,http:\/\/www.novalliance.net\/wp-content\/uploads\/2017\/05\/visuel_industrie-500x224.jpg 1024w,http:\/\/www.novalliance.net\/wp-content\/uploads\/2017\/05\/visuel_industrie-800x358.jpg 1440w,http:\/\/www.novalliance.net\/wp-content\/uploads\/2017\/05\/visuel_industrie-800x358.jpg 655w\" alt=\"\" width=\"855\" height=\"383\" \/><\/li>\n<\/ul>\n<ol class=\"sow-slider-pagination\">\n<li><a href=\"#\" data-goto=\"0\">1<\/a><\/li>\n<\/ol>\n<p><img loading=\"lazy\" decoding=\"async\" class=\"so-widget-image\" src=\"http:\/\/www.novalliance.net\/wp-content\/uploads\/2017\/05\/picto-industrie_bleu.gif\" width=\"45\" height=\"105\" \/><\/p>\n<p>\u00c0 l\u2019heure actuelle, le groupe Novalliance dispose de plusieurs sites industriels en France, en Espagne et aux Etats-Unis.<\/p>\n<p>&nbsp;<\/p>\n<p>Le principal site est celui de Technisem, bas\u00e9 \u00e0 Longu\u00e9-Jumelles (49) en France. Il compte environ 8 000 m2 de surface industrielle. Cette usine tr\u00e8s moderne est un v\u00e9ritable atout pour le groupe Novalliance et son d\u00e9veloppement. Elle est dot\u00e9e d\u2019un parc de machines de conditionnement performant et d\u2019une capacit\u00e9 de stockage importante.<\/p>\n<p>Nos autres sites, bas\u00e9s en Espagne et aux Etats-Unis, nous permettent d\u2019augmenter notre capacit\u00e9 d\u2019approvisionnement.<\/p>\n<p><strong>Stockage<\/strong><br \/>\nAfin de garantir une qualit\u00e9 optimale de nos semences, nous les stockons dans des chambres temp\u00e9r\u00e9es avec contr\u00f4le de la temp\u00e9rature et de l\u2019hygrom\u00e9trie. Nos entrep\u00f4ts sont \u00e9galement \u00e9quip\u00e9s de rayonnages m\u00e9talliques avec de larges all\u00e9es permettant d\u2019optimiser la place au sol et clarifier le rangement de nos produits.<\/p>\n<p><strong>Process semences<\/strong><br \/>\nAfin de toujours mieux r\u00e9pondre \u00e0 la demande de ses clients, le groupe Novalliance s\u2019appuie sur un process de fabrication de plus en plus pointu et performant.<br \/>\nApr\u00e8s la r\u00e9ception des semences en vrac, un contr\u00f4le de la qualit\u00e9 est op\u00e9r\u00e9. Les esp\u00e8ces n\u00e9cessitant un nettoyage suppl\u00e9mentaire passe par une \u00e9tape de brossage. Suite \u00e0 cela, nous appliquons un traitement par pelliculage, puis nos semences sont s\u00e9ch\u00e9es afin de retirer l\u2019humidit\u00e9 d\u00fb au traitement.<\/p>\n<p><strong>Conditionnement<\/strong><br \/>\nNos sites industriels disposent de machines de conditionnement tr\u00e8s performantes, adapt\u00e9es \u00e0 notre activit\u00e9 et \u00e0 nos crit\u00e8res de cadences. De plus, nos packagings ont \u00e9t\u00e9 \u00e9tudi\u00e9s et adapt\u00e9s aux contraintes des conditions climatiques de la zone tropicale. En effet, tous nos emballages sont parfaitement \u00e9tanches afin de garantir une conservation optimale de nos semences, et d\u2019en pr\u00e9server la qualit\u00e9.<br \/>\nD\u2019autre part, nous avons une large gamme d\u2019emballage (sachets et bo\u00eetes) avec diff\u00e9rents grammages nous permettant de r\u00e9pondre au mieux aux diverses exigences des march\u00e9s sur lesquels nous travaillons.<\/p>\n<p>&nbsp;<\/p>\n<p><a class=\"bouton_bleu\" href=\"\/?page_id=59\">&lt;&lt; Notre m\u00e9tier<\/a><\/p>\n","protected":false},"excerpt":{"rendered":"<p>Industrie 1 \u00c0 l\u2019heure actuelle, le groupe Novalliance dispose de plusieurs sites industriels en France, en Espagne et aux Etats-Unis. &nbsp; Le principal site est celui de Technisem, bas\u00e9 \u00e0 Longu\u00e9-Jumelles (49) en France. Il compte environ 8 000 m2 de surface industrielle. Cette usine tr\u00e8s moderne est un v\u00e9ritable atout pour le groupe Novalliance [&hellip;]<\/p>\n","protected":false},"author":1,"featured_media":0,"parent":1980,"menu_order":62,"comment_status":"open","ping_status":"closed","template":"template-flexible.php","meta":{"_acf_changed":false,"footnotes":""},"class_list":["post-2011","page","type-page","status-publish","hentry"],"acf":[],"_links":{"self":[{"href":"https:\/\/novalliance.net\/pt-pt\/wp-json\/wp\/v2\/pages\/2011","targetHints":{"allow":["GET"]}}],"collection":[{"href":"https:\/\/novalliance.net\/pt-pt\/wp-json\/wp\/v2\/pages"}],"about":[{"href":"https:\/\/novalliance.net\/pt-pt\/wp-json\/wp\/v2\/types\/page"}],"author":[{"embeddable":true,"href":"https:\/\/novalliance.net\/pt-pt\/wp-json\/wp\/v2\/users\/1"}],"replies":[{"embeddable":true,"href":"https:\/\/novalliance.net\/pt-pt\/wp-json\/wp\/v2\/comments?post=2011"}],"version-history":[{"count":5,"href":"https:\/\/novalliance.net\/pt-pt\/wp-json\/wp\/v2\/pages\/2011\/revisions"}],"predecessor-version":[{"id":2615,"href":"https:\/\/novalliance.net\/pt-pt\/wp-json\/wp\/v2\/pages\/2011\/revisions\/2615"}],"up":[{"embeddable":true,"href":"https:\/\/novalliance.net\/pt-pt\/wp-json\/wp\/v2\/pages\/1980"}],"wp:attachment":[{"href":"https:\/\/novalliance.net\/pt-pt\/wp-json\/wp\/v2\/media?parent=2011"}],"curies":[{"name":"wp","href":"https:\/\/api.w.org\/{rel}","templated":true}]}}