{"id":1809,"date":"2021-04-22T10:43:23","date_gmt":"2021-04-22T08:43:23","guid":{"rendered":"https:\/\/novalliance.net\/notre-groupe\/"},"modified":"2025-07-28T15:52:00","modified_gmt":"2025-07-28T13:52:00","slug":"notre-groupe","status":"publish","type":"page","link":"https:\/\/novalliance.net\/pt-pt\/notre-groupe\/","title":{"rendered":"O grupo"},"content":{"rendered":"<h1 class=\"mt-2\">Novalliance, c\u2019est un groupe<br \/>\nd\u2019envergure\u2026 \u00e0 taille humaine<\/h1>\n<p><strong><img decoding=\"async\" class=\"alignnone size-full wp-image-418\" src=\"http:\/\/www.novalliance.net\/wp-content\/uploads\/2017\/04\/visuel_groupe.png\" alt=\"\" \/><img loading=\"lazy\" decoding=\"async\" class=\"alignnone size-medium wp-image-793\" src=\"https:\/\/novalliance.net\/wp-content\/uploads\/2021\/04\/visuel_groupe-800x359-1-300x135.png\" alt=\"\" width=\"300\" height=\"135\" srcset=\"https:\/\/novalliance.net\/wp-content\/uploads\/2021\/04\/visuel_groupe-800x359-1-300x135.png 300w, https:\/\/novalliance.net\/wp-content\/uploads\/2021\/04\/visuel_groupe-800x359-1-768x345.png 768w, https:\/\/novalliance.net\/wp-content\/uploads\/2021\/04\/visuel_groupe-800x359-1-170x76.png 170w, https:\/\/novalliance.net\/wp-content\/uploads\/2021\/04\/visuel_groupe-800x359-1.png 800w\" sizes=\"auto, (max-width: 300px) 100vw, 300px\" \/><br \/>\n<\/strong><\/p>\n<p><strong>Novalliance est un Groupe relativement nouveau qui se consacre exclusivement \u00e0 la s\u00e9lection, la production et la distribution de semences potag\u00e8res et florales pour les zones tropicales.<br \/>\n<\/strong><\/p>\n<p>Au fil de son d\u00e9veloppement, sa force est d\u2019avoir toujours su pr\u00e9server les qualit\u00e9s de proximit\u00e9 et d\u2019ind\u00e9pendance d\u2019une entreprise familiale b\u00e2tie sur des valeurs fortes, partag\u00e9es par chacun des collaborateurs qui la composent\u00a0: ambition et esprit de conqu\u00eate, la curiosit\u00e9 et l\u2019innovation et le respect des autres.<\/p>\n<p>Compos\u00e9 de 45 soci\u00e9t\u00e9s, le groupe Novalliance compte en 2017 plus de 500 collaborateurs dans le monde et r\u00e9alise un chiffre d\u2019affaires de pr\u00e8s de 30 M\u20ac. Diversit\u00e9 et compl\u00e9mentarit\u00e9 caract\u00e9risent ces soci\u00e9t\u00e9s qui agissent dans des registres distincts et qui savent conjuguer ensemble leurs talents.<\/p>\n<h2>Novalliance c\u2019est l\u2019histoire d\u2019une aventure humaine<\/h2>\n<p style=\"text-align: center;\"><span class=\"chiffre_vert\">650<\/span><br \/>\n<strong>collaborateurs<\/strong><br \/>\n\u00e0 travers le monde<\/p>\n<p style=\"text-align: center;\"><span class=\"chiffre_vert\">45<\/span><br \/>\n<strong>soci\u00e9t\u00e9s<\/strong><br \/>\nrepr\u00e9sent\u00e9es<\/p>\n<p style=\"text-align: center;\"><span class=\"chiffre_vert\">35<\/span><br \/>\n<strong>ans<\/strong><br \/>\nd\u2019exp\u00e9rience<\/p>\n<p style=\"text-align: center;\"><span class=\"chiffre_vert\">30<\/span><br \/>\n<strong>pays<\/strong><br \/>\nrepr\u00e9sent\u00e9s<\/p>\n<p style=\"text-align: center;\"><span class=\"chiffre_vert\">5<\/span><br \/>\n<strong>marques<\/strong><br \/>\nconcern\u00e9es<\/p>\n<p style=\"text-align: center;\"><span class=\"chiffre_vert\">3<\/span><br \/>\n<strong>valeurs<\/strong><br \/>\nfortes<\/p>\n<h2>R\u00e9partition g\u00e9ographique des collaborateurs<\/h2>\n<p><img decoding=\"async\" class=\"alignnone size-full wp-image-131\" src=\"http:\/\/www.novalliance.net\/wp-content\/uploads\/2017\/04\/repartition-mondiale.png\" alt=\"\" \/><\/p>\n<h3>650 collaborateurs dans le monde*<\/h3>\n<p>Novalliance rassemble 650 collaborateurs r\u00e9partis \u00e0 travers le monde. Au total, plus de 30 nationalit\u00e9s sont repr\u00e9sent\u00e9es parmi les salari\u00e9s.*<\/p>\n<p><span style=\"font-size: 10pt;\">*Chiffres de 2021<\/span><\/p>\n","protected":false},"excerpt":{"rendered":"<p>Novalliance, c\u2019est un groupe d\u2019envergure\u2026 \u00e0 taille humaine Novalliance est un Groupe relativement nouveau qui se consacre exclusivement \u00e0 la s\u00e9lection, la production et la distribution de semences potag\u00e8res et florales pour les zones tropicales. Au fil de son d\u00e9veloppement, sa force est d\u2019avoir toujours su pr\u00e9server les qualit\u00e9s de proximit\u00e9 et d\u2019ind\u00e9pendance d\u2019une entreprise [&hellip;]<\/p>\n","protected":false},"author":1,"featured_media":0,"parent":0,"menu_order":79,"comment_status":"open","ping_status":"closed","template":"template-flexible.php","meta":{"_acf_changed":false,"footnotes":""},"class_list":["post-1809","page","type-page","status-publish","hentry"],"acf":[],"_links":{"self":[{"href":"https:\/\/novalliance.net\/pt-pt\/wp-json\/wp\/v2\/pages\/1809","targetHints":{"allow":["GET"]}}],"collection":[{"href":"https:\/\/novalliance.net\/pt-pt\/wp-json\/wp\/v2\/pages"}],"about":[{"href":"https:\/\/novalliance.net\/pt-pt\/wp-json\/wp\/v2\/types\/page"}],"author":[{"embeddable":true,"href":"https:\/\/novalliance.net\/pt-pt\/wp-json\/wp\/v2\/users\/1"}],"replies":[{"embeddable":true,"href":"https:\/\/novalliance.net\/pt-pt\/wp-json\/wp\/v2\/comments?post=1809"}],"version-history":[{"count":12,"href":"https:\/\/novalliance.net\/pt-pt\/wp-json\/wp\/v2\/pages\/1809\/revisions"}],"predecessor-version":[{"id":5557,"href":"https:\/\/novalliance.net\/pt-pt\/wp-json\/wp\/v2\/pages\/1809\/revisions\/5557"}],"wp:attachment":[{"href":"https:\/\/novalliance.net\/pt-pt\/wp-json\/wp\/v2\/media?parent=1809"}],"curies":[{"name":"wp","href":"https:\/\/api.w.org\/{rel}","templated":true}]}}