{"id":1644,"date":"2021-04-22T10:43:23","date_gmt":"2021-04-22T08:43:23","guid":{"rendered":"https:\/\/novalliance.net\/mecenat\/"},"modified":"2021-07-12T12:23:54","modified_gmt":"2021-07-12T10:23:54","slug":"mecenat","status":"publish","type":"page","link":"https:\/\/novalliance.net\/pt-pt\/mecenat\/","title":{"rendered":"Mecenato"},"content":{"rendered":"<h1>Un engament social<\/h1>\n<p><img decoding=\"async\" class=\"size-full wp-image-159\" src=\"http:\/\/www.novalliance.net\/wp-content\/uploads\/2017\/04\/engagement-social.jpg\" srcset=\"http:\/\/www.novalliance.net\/wp-content\/uploads\/2017\/04\/engagement-social-250x112.jpg 640w,http:\/\/www.novalliance.net\/wp-content\/uploads\/2017\/04\/engagement-social-500x225.jpg 1024w,http:\/\/www.novalliance.net\/wp-content\/uploads\/2017\/04\/engagement-social-800x359.jpg 1440w,http:\/\/www.novalliance.net\/wp-content\/uploads\/2017\/04\/engagement-social-800x359.jpg 655w\" alt=\"\" \/><\/p>\n<p><strong>Novalliance a la passion de son m\u00e9tier de semencier. Il est convaincu que les hommes sont la cl\u00e9 de son succ\u00e8s. Pour cette raison, l\u2019engagement social fait \u00e9galement partie int\u00e9grante de la culture du groupe. Sa vocation n\u2019est pas seulement de commercialiser des semences potag\u00e8res mais de se mobiliser plus largement pour le d\u00e9veloppement du continent Africain en s\u2019associant \u00e0 des actions de m\u00e9c\u00e9nat de plusieurs associations qui agissent aupr\u00e8s de ces populations.<\/strong><\/p>\n<p><img loading=\"lazy\" decoding=\"async\" class=\"so-widget-image\" src=\"http:\/\/www.novalliance.net\/wp-content\/uploads\/2017\/04\/NOVA4CHILDREN-800x181.jpg\" srcset=\"http:\/\/www.novalliance.net\/wp-content\/uploads\/2017\/04\/NOVA4CHILDREN-800x181.jpg 800w, http:\/\/www.novalliance.net\/wp-content\/uploads\/2017\/04\/NOVA4CHILDREN-250x56.jpg 250w, http:\/\/www.novalliance.net\/wp-content\/uploads\/2017\/04\/NOVA4CHILDREN-768x173.jpg 768w, http:\/\/www.novalliance.net\/wp-content\/uploads\/2017\/04\/NOVA4CHILDREN-500x113.jpg 500w, http:\/\/www.novalliance.net\/wp-content\/uploads\/2017\/04\/NOVA4CHILDREN-120x27.jpg 120w, http:\/\/www.novalliance.net\/wp-content\/uploads\/2017\/04\/NOVA4CHILDREN-140x32.jpg 140w, http:\/\/www.novalliance.net\/wp-content\/uploads\/2017\/04\/NOVA4CHILDREN-268x60.jpg 268w\" width=\"800\" height=\"181\" \/><\/p>\n<h2>Nova4Children\u00a0: Collecte de dons<\/h2>\n<p style=\"text-align: justify;\">Encourag\u00e9s par le dirigeant de Novalliance Ronan Gorin, plusieurs collaborateurs du Groupe, d\u00e9sireux d\u2019apporter leur contribution aux enfants africains, ont cr\u00e9\u00e9 en 2015 l\u2019association \u00ab Nova4Children \u00bb. Les membres r\u00e9coltent des dons en nature uniquement (mat\u00e9riel scolaire, livres, jouets, v\u00eatements&#8230;) qu\u2019ils r\u00e9ceptionnent et trient avant exp\u00e9dition vers des soci\u00e9t\u00e9s partenaires localis\u00e9es en Afrique (Burkina Faso, Cameroun, Congo et S\u00e9n\u00e9gal) par le biais des conteneurs de semences de Technisem. Les dons sont r\u00e9cup\u00e9r\u00e9s aupr\u00e8s de particuliers, soci\u00e9t\u00e9s ou associations d\u00e9sireux de participer \u00e0 cette action et sont ensuite distribu\u00e9s aux orphelinats, souvent situ\u00e9s en brousse. En 2016, 250 cartons ont \u00e9t\u00e9 distribu\u00e9s dans plus de 20 orphelinats.<\/p>\n<p style=\"text-align: justify;\">\u00ab Cette action donne le sentiment de se sentir utile et d\u2019accomplir une action essentielle pour le bien-\u00eatre des orphelins \u00bb t\u00e9moigne Lisa Moreau, la pr\u00e9sidente de l\u2019association.<\/p>\n<p><img loading=\"lazy\" decoding=\"async\" class=\"so-widget-image\" src=\"http:\/\/www.novalliance.net\/wp-content\/uploads\/2017\/04\/Nova4children-1-318x174.jpg\" srcset=\"\" width=\"318\" height=\"174\" \/><br \/>\n<img loading=\"lazy\" decoding=\"async\" class=\"so-widget-image\" src=\"http:\/\/www.novalliance.net\/wp-content\/uploads\/2017\/04\/logo-seed_original-120x91.png\" srcset=\"http:\/\/www.novalliance.net\/wp-content\/uploads\/2017\/04\/logo-seed_original-120x91.png 120w, http:\/\/www.novalliance.net\/wp-content\/uploads\/2017\/04\/logo-seed_original-250x190.png 250w, http:\/\/www.novalliance.net\/wp-content\/uploads\/2017\/04\/logo-seed_original-768x583.png 768w, http:\/\/www.novalliance.net\/wp-content\/uploads\/2017\/04\/logo-seed_original-500x380.png 500w, http:\/\/www.novalliance.net\/wp-content\/uploads\/2017\/04\/logo-seed_original-140x106.png 140w, http:\/\/www.novalliance.net\/wp-content\/uploads\/2017\/04\/logo-seed_original-800x607.png 800w, http:\/\/www.novalliance.net\/wp-content\/uploads\/2017\/04\/logo-seed_original-268x203.png 268w, http:\/\/www.novalliance.net\/wp-content\/uploads\/2017\/04\/logo-seed_original.png 889w\" width=\"120\" height=\"91\" \/><\/p>\n<h2>Seed Foundation : Accompagnement en Afrique<\/h2>\n<p style=\"text-align: justify;\">Cela fait bient\u00f4t 4 ans que Novalliance, par le biais de la soci\u00e9t\u00e9 Technisem, est partenaire de ce fond de dotation \u00e0 but non lucratif. Cr\u00e9\u00e9 en 2009, Seed Foundation agit pour le d\u00e9veloppement agricole et rural en Afrique afin d\u2019am\u00e9liorer la s\u00e9curit\u00e9 alimentaire et les conditions de vie des populations les plus vuln\u00e9rables. Afin de mettre en place des activit\u00e9s agricoles plus productives, plus r\u00e9mun\u00e9ratrices et plus respectueuses de l\u2019environnement, SEED Foundation travaille avec les petits paysans sur toute la fili\u00e8re agricole : de la production \u00e0 la commercialisation en passant par l\u2019\u00e9tape indispensable de la transformation.<\/p>\n<p><img loading=\"lazy\" decoding=\"async\" class=\"so-widget-image\" src=\"http:\/\/www.novalliance.net\/wp-content\/uploads\/2017\/04\/Seed-Foundation-2-318x174.jpg\" srcset=\"\" width=\"318\" height=\"174\" \/><br \/>\n<img loading=\"lazy\" decoding=\"async\" class=\"so-widget-image\" src=\"http:\/\/www.novalliance.net\/wp-content\/uploads\/2017\/04\/LOGOS-VetA-120x133.jpg\" srcset=\"http:\/\/www.novalliance.net\/wp-content\/uploads\/2017\/04\/LOGOS-VetA-120x133.jpg 120w, http:\/\/www.novalliance.net\/wp-content\/uploads\/2017\/04\/LOGOS-VetA-140x155.jpg 140w, http:\/\/www.novalliance.net\/wp-content\/uploads\/2017\/04\/LOGOS-VetA.jpg 240w\" width=\"120\" height=\"133\" \/><\/p>\n<h2>Village &amp; Avenir\u00a0: Aide des populations du Togo<\/h2>\n<p style=\"text-align: justify;\">Depuis 2015, le Groupe Novalliance, a souhait\u00e9 soutenir l\u2019association en devenant m\u00e9c\u00e8ne. Village &amp; Avenir a \u00e9t\u00e9 cr\u00e9\u00e9e en f\u00e9vrier 2010 par trois personnes soucieuses de venir en aide aux populations tr\u00e8s d\u00e9favoris\u00e9es de la R\u00e9gion des Savanes \u00e0 l\u2019extr\u00eame nord du Togo. 90,5 % de la population de cette r\u00e9gion vit avec moins de 11,45 \u20ac\/mois (source PAYSD). L\u2019association a d\u00e9cid\u00e9 de concentrer ses efforts sur un seul village : Tamatougou et d\u00e9veloppe des soutiens et infrastructures (puits, \u00e9cole).<\/p>\n<p><img loading=\"lazy\" decoding=\"async\" class=\"so-widget-image\" src=\"http:\/\/www.novalliance.net\/wp-content\/uploads\/2017\/04\/Village-et-avenir-1-300x174.jpg\" srcset=\"\" width=\"300\" height=\"174\" \/><\/p>\n<h2>La main tendue\u00a0: Agir en faveur des plus d\u00e9munis<\/h2>\n<p>Les collaborateurs de la soci\u00e9t\u00e9 Semagri au Cameroun, entreprise faisant parti du Groupe Novalliance, ont d\u00e9cid\u00e9 en d\u00e9cembre 2010 de mettre sur pied une association nomm\u00e9e \u00ab\u00a0Main tendue\u00a0\u00bb pour agir en faveur des plus d\u00e9munis, des orphelins et des personnes abandonn\u00e9es. Il travaille en partenariat avec l\u2019association Nova4children et Emma\u00fcs de Saumur pour r\u00e9ceptionner les dons et ensuite les acheminer aupr\u00e8s des diff\u00e9rents orphelinats du Cameroun.<\/p>\n<p><img loading=\"lazy\" decoding=\"async\" class=\"so-widget-image\" src=\"http:\/\/www.novalliance.net\/wp-content\/uploads\/2017\/04\/La-main-tendue-1-318x174.jpg\" srcset=\"\" width=\"318\" height=\"174\" \/><\/p>\n","protected":false},"excerpt":{"rendered":"<p>Un engament social Novalliance a la passion de son m\u00e9tier de semencier. Il est convaincu que les hommes sont la cl\u00e9 de son succ\u00e8s. Pour cette raison, l\u2019engagement social fait \u00e9galement partie int\u00e9grante de la culture du groupe. Sa vocation n\u2019est pas seulement de commercialiser des semences potag\u00e8res mais de se mobiliser plus largement pour [&hellip;]<\/p>\n","protected":false},"author":1,"featured_media":0,"parent":0,"menu_order":121,"comment_status":"open","ping_status":"closed","template":"template-flexible.php","meta":{"_acf_changed":false,"footnotes":""},"class_list":["post-1644","page","type-page","status-publish","hentry"],"acf":[],"_links":{"self":[{"href":"https:\/\/novalliance.net\/pt-pt\/wp-json\/wp\/v2\/pages\/1644","targetHints":{"allow":["GET"]}}],"collection":[{"href":"https:\/\/novalliance.net\/pt-pt\/wp-json\/wp\/v2\/pages"}],"about":[{"href":"https:\/\/novalliance.net\/pt-pt\/wp-json\/wp\/v2\/types\/page"}],"author":[{"embeddable":true,"href":"https:\/\/novalliance.net\/pt-pt\/wp-json\/wp\/v2\/users\/1"}],"replies":[{"embeddable":true,"href":"https:\/\/novalliance.net\/pt-pt\/wp-json\/wp\/v2\/comments?post=1644"}],"version-history":[{"count":4,"href":"https:\/\/novalliance.net\/pt-pt\/wp-json\/wp\/v2\/pages\/1644\/revisions"}],"predecessor-version":[{"id":2620,"href":"https:\/\/novalliance.net\/pt-pt\/wp-json\/wp\/v2\/pages\/1644\/revisions\/2620"}],"wp:attachment":[{"href":"https:\/\/novalliance.net\/pt-pt\/wp-json\/wp\/v2\/media?parent=1644"}],"curies":[{"name":"wp","href":"https:\/\/api.w.org\/{rel}","templated":true}]}}