{"id":61872,"date":"2024-07-15T16:08:06","date_gmt":"2024-07-15T14:08:06","guid":{"rendered":"https:\/\/novalliance.net\/espace-prive\/?page_id=61872"},"modified":"2026-03-30T13:27:22","modified_gmt":"2026-03-30T11:27:22","slug":"juridique","status":"publish","type":"page","link":"https:\/\/novalliance.net\/espace-prive\/juridique\/","title":{"rendered":"Juridique"},"content":{"rendered":"\n<h2 class=\"wp-block-heading\"><mark style=\"background-color:rgba(0, 0, 0, 0)\" class=\"has-inline-color has-vivid-cyan-blue-color\">Processus d\u00e9di\u00e9 &#8211; Demandes au service juridique<\/mark><\/h2>\n\n\n\n<p>Pour accompagner la croissance du Groupe et faire face \u00e0 l\u2019augmentation des sollicitations du service juridique ces derni\u00e8res ann\u00e9es, celui-ci met en place un processus d\u00e9di\u00e9 qui devra dor\u00e9navant \u00eatre suivi. Les objectifs vis\u00e9s : structurer le traitement des demandes, gagner en efficacit\u00e9 et prot\u00e9ger au mieux les int\u00e9r\u00eats du Groupe.<\/p>\n\n\n\n<p>Les principales nouveaut\u00e9s apport\u00e9es par ce processus sont les suivantes :<\/p>\n\n\n\n<ol class=\"wp-block-list\">\n<li>Envoyer sa demande par mail \u00e0 <a href=\"mailto:juridique@novalliance.net\">juridique@novalliance.net<\/a> (plus d\u2019interpellation directe d\u2019un membre de l\u2019\u00e9quipe juridique pour traiter un sujet) ;<\/li>\n\n\n\n<li>Saisir le service juridique uniquement via un formulaire d\u00e9di\u00e9 mis \u00e0 disposition dans l\u2019espace juridique du site Novalliance ;<\/li>\n\n\n\n<li>Valider toute demande par son manager avant tout traitement par le service juridique ;<\/li>\n<\/ol>\n\n\n<div class=\"wp-block-image\">\n<figure class=\"aligncenter size-full is-resized\"><a href=\"https:\/\/novalliance.net\/espace-prive\/wp-content\/uploads\/sites\/5\/2026\/03\/formulaire-de-saisine-service-juridique.docx\"><img loading=\"lazy\" decoding=\"async\" width=\"268\" height=\"263\" src=\"https:\/\/novalliance.net\/espace-prive\/wp-content\/uploads\/sites\/5\/2021\/06\/picto-word-268x263-1.jpeg\" alt=\"\" class=\"wp-image-22991\" style=\"width:120px;height:auto\" srcset=\"https:\/\/novalliance.net\/espace-prive\/wp-content\/uploads\/sites\/5\/2021\/06\/picto-word-268x263-1.jpeg 268w, https:\/\/novalliance.net\/espace-prive\/wp-content\/uploads\/sites\/5\/2021\/06\/picto-word-268x263-1-170x167.jpeg 170w\" sizes=\"auto, (max-width: 268px) 100vw, 268px\" \/><\/a><figcaption class=\"wp-element-caption\"><a href=\"https:\/\/novalliance.net\/espace-prive\/wp-content\/uploads\/sites\/5\/2026\/03\/formulaire-de-saisine-service-juridique.docx\">Formulaire de saisine du service juridique<\/a><\/figcaption><\/figure>\n<\/div>\n\n\n<h1 class=\"wp-block-heading\"><mark style=\"background-color:rgba(0, 0, 0, 0)\" class=\"has-inline-color has-vivid-cyan-blue-color\">Contrefa\u00e7on<mark style=\"background-color:rgba(0, 0, 0, 0)\" class=\"has-inline-color has-vivid-cyan-blue-color\"><\/mark><\/mark><\/h1>\n\n\n\n<h2 class=\"wp-block-heading\"><mark style=\"background-color:rgba(0, 0, 0, 0)\" class=\"has-inline-color has-vivid-red-color\">NOUVEAU<\/mark><\/h2>\n\n\n\n<p>Dans la continuit\u00e9 de notre lutte acharn\u00e9e contre les contrefa\u00e7ons, de nouveaux supports de sensibilisation ont \u00e9t\u00e9 mis \u00e0 disposition : deux vid\u00e9os destin\u00e9es aux clients grossistes, revendeurs et producteurs.<\/p>\n\n\n\n<div class=\"wp-block-columns is-layout-flex wp-container-core-columns-is-layout-9d6595d7 wp-block-columns-is-layout-flex\">\n<div class=\"wp-block-column is-layout-flow wp-block-column-is-layout-flow\">\n<h3 class=\"wp-block-heading has-text-align-center\"><strong><mark style=\"background-color:rgba(0, 0, 0, 0)\" class=\"has-inline-color has-vivid-cyan-blue-color\">Sensibilisation des producteurs \u00e0 la contrefa\u00e7on<\/mark><\/strong><\/h3>\n\n\n<div class=\"wp-block-image\">\n<figure class=\"aligncenter size-large\"><a href=\"https:\/\/youtu.be\/ZjVSTRZn9xw?feature=shared\" target=\"_blank\" rel=\"noopener\"><img loading=\"lazy\" decoding=\"async\" width=\"1024\" height=\"574\" src=\"https:\/\/novalliance.net\/espace-prive\/wp-content\/uploads\/sites\/5\/2025\/01\/capture-decran-2025-01-17-a-14.42.17-1024x574.png\" alt=\"\" class=\"wp-image-65131\" srcset=\"https:\/\/novalliance.net\/espace-prive\/wp-content\/uploads\/sites\/5\/2025\/01\/capture-decran-2025-01-17-a-14.42.17-1024x574.png 1024w, https:\/\/novalliance.net\/espace-prive\/wp-content\/uploads\/sites\/5\/2025\/01\/capture-decran-2025-01-17-a-14.42.17-300x168.png 300w, https:\/\/novalliance.net\/espace-prive\/wp-content\/uploads\/sites\/5\/2025\/01\/capture-decran-2025-01-17-a-14.42.17-768x431.png 768w, https:\/\/novalliance.net\/espace-prive\/wp-content\/uploads\/sites\/5\/2025\/01\/capture-decran-2025-01-17-a-14.42.17-170x95.png 170w, https:\/\/novalliance.net\/espace-prive\/wp-content\/uploads\/sites\/5\/2025\/01\/capture-decran-2025-01-17-a-14.42.17.png 1268w\" sizes=\"auto, (max-width: 1024px) 100vw, 1024px\" \/><\/a><figcaption class=\"wp-element-caption\"><a href=\"https:\/\/youtu.be\/ZjVSTRZn9xw?feature=shared\" target=\"_blank\" rel=\"noopener\">https:\/\/youtu.be\/ZjVSTRZn9xw?feature=shared<\/a><\/figcaption><\/figure>\n<\/div><\/div>\n\n\n\n<div class=\"wp-block-column is-layout-flow wp-block-column-is-layout-flow\">\n<h3 class=\"wp-block-heading has-text-align-center\"><mark style=\"background-color:rgba(0, 0, 0, 0)\" class=\"has-inline-color has-vivid-cyan-blue-color\"><strong>Sensibilisation des revendeurs \u00e0 la contrefa\u00e7on<\/strong><\/mark><\/h3>\n\n\n<div class=\"wp-block-image\">\n<figure class=\"aligncenter size-large\"><a href=\"https:\/\/youtu.be\/wE_9Rp5HVic?feature=shared\" target=\"_blank\" rel=\"noopener\"><img loading=\"lazy\" decoding=\"async\" width=\"1024\" height=\"571\" src=\"https:\/\/novalliance.net\/espace-prive\/wp-content\/uploads\/sites\/5\/2025\/01\/capture-decran-2025-01-17-a-14.44.32-1024x571.png\" alt=\"\" class=\"wp-image-65137\" srcset=\"https:\/\/novalliance.net\/espace-prive\/wp-content\/uploads\/sites\/5\/2025\/01\/capture-decran-2025-01-17-a-14.44.32-1024x571.png 1024w, https:\/\/novalliance.net\/espace-prive\/wp-content\/uploads\/sites\/5\/2025\/01\/capture-decran-2025-01-17-a-14.44.32-300x167.png 300w, https:\/\/novalliance.net\/espace-prive\/wp-content\/uploads\/sites\/5\/2025\/01\/capture-decran-2025-01-17-a-14.44.32-768x428.png 768w, https:\/\/novalliance.net\/espace-prive\/wp-content\/uploads\/sites\/5\/2025\/01\/capture-decran-2025-01-17-a-14.44.32-170x95.png 170w, https:\/\/novalliance.net\/espace-prive\/wp-content\/uploads\/sites\/5\/2025\/01\/capture-decran-2025-01-17-a-14.44.32.png 1268w\" sizes=\"auto, (max-width: 1024px) 100vw, 1024px\" \/><\/a><figcaption class=\"wp-element-caption\"><a href=\"https:\/\/youtu.be\/wE_9Rp5HVic?feature=shared\" target=\"_blank\" rel=\"noopener\">https:\/\/youtu.be\/wE_9Rp5HVic?feature=shared<\/a><\/figcaption><\/figure>\n<\/div><\/div>\n<\/div>\n\n\n\n<div class=\"wp-block-columns is-layout-flex wp-container-core-columns-is-layout-9d6595d7 wp-block-columns-is-layout-flex\">\n<div class=\"wp-block-column is-layout-flow wp-block-column-is-layout-flow\"><div class=\"wp-block-image\">\n<figure class=\"aligncenter size-full is-resized\"><img loading=\"lazy\" decoding=\"async\" width=\"268\" height=\"268\" src=\"https:\/\/novalliance.net\/espace-prive\/wp-content\/uploads\/sites\/5\/2021\/06\/logo_excel-268x268-1.png\" alt=\"\" class=\"wp-image-22986\" style=\"width:129px;height:auto\" srcset=\"https:\/\/novalliance.net\/espace-prive\/wp-content\/uploads\/sites\/5\/2021\/06\/logo_excel-268x268-1.png 268w, https:\/\/novalliance.net\/espace-prive\/wp-content\/uploads\/sites\/5\/2021\/06\/logo_excel-268x268-1-150x150.png 150w, https:\/\/novalliance.net\/espace-prive\/wp-content\/uploads\/sites\/5\/2021\/06\/logo_excel-268x268-1-170x170.png 170w, https:\/\/novalliance.net\/espace-prive\/wp-content\/uploads\/sites\/5\/2021\/06\/logo_excel-268x268-1-250x250.png 250w, https:\/\/novalliance.net\/espace-prive\/wp-content\/uploads\/sites\/5\/2021\/06\/logo_excel-268x268-1-221x221.png 221w\" sizes=\"auto, (max-width: 268px) 100vw, 268px\" \/><figcaption class=\"wp-element-caption\"><a href=\"http:\/\/novalliance.net\/espace-prive\/wp-content\/uploads\/sites\/5\/2024\/11\/formulaire-signalement-contrefacon-generale.xlsx\">Formulaire pour signaler une contrefa\u00e7on<\/a><\/figcaption><\/figure>\n<\/div><\/div>\n\n\n\n<div class=\"wp-block-column is-layout-flow wp-block-column-is-layout-flow\"><\/div>\n<\/div>\n\n\n\n<h3 class=\"wp-block-heading has-text-align-center\">D\u00e9couvrez la vid\u00e9o sur les bons gestes \u00e0 adopter face \u00e0 la contrefa\u00e7on.<\/h3>\n\n\n\n<figure class=\"wp-block-image size-large\"><a href=\"https:\/\/www.novatube.net\/w\/rxu7UnRS1oF44Ez8AznLbC\" target=\"_blank\" rel=\"noopener\"><img loading=\"lazy\" decoding=\"async\" width=\"1024\" height=\"574\" src=\"https:\/\/novalliance.net\/espace-prive\/wp-content\/uploads\/sites\/5\/2024\/11\/video_contrefacon_les_bons_reflexes-1024x574.png\" alt=\"\" class=\"wp-image-63703\" srcset=\"https:\/\/novalliance.net\/espace-prive\/wp-content\/uploads\/sites\/5\/2024\/11\/video_contrefacon_les_bons_reflexes-1024x574.png 1024w, https:\/\/novalliance.net\/espace-prive\/wp-content\/uploads\/sites\/5\/2024\/11\/video_contrefacon_les_bons_reflexes-300x168.png 300w, https:\/\/novalliance.net\/espace-prive\/wp-content\/uploads\/sites\/5\/2024\/11\/video_contrefacon_les_bons_reflexes-768x430.png 768w, https:\/\/novalliance.net\/espace-prive\/wp-content\/uploads\/sites\/5\/2024\/11\/video_contrefacon_les_bons_reflexes-1536x861.png 1536w, https:\/\/novalliance.net\/espace-prive\/wp-content\/uploads\/sites\/5\/2024\/11\/video_contrefacon_les_bons_reflexes-170x95.png 170w, https:\/\/novalliance.net\/espace-prive\/wp-content\/uploads\/sites\/5\/2024\/11\/video_contrefacon_les_bons_reflexes-1320x740.png 1320w, https:\/\/novalliance.net\/espace-prive\/wp-content\/uploads\/sites\/5\/2024\/11\/video_contrefacon_les_bons_reflexes.png 1588w\" sizes=\"auto, (max-width: 1024px) 100vw, 1024px\" \/><\/a><\/figure>\n\n\n\n<hr class=\"wp-block-separator has-alpha-channel-opacity\"\/>\n\n\n\n<h2 class=\"wp-block-heading\"><mark style=\"background-color:rgba(0, 0, 0, 0)\" class=\"has-inline-color has-vivid-cyan-blue-color\">Attestation droit \u00e0 l&rsquo;image<\/mark><mark style=\"background-color:rgba(0, 0, 0, 0)\" class=\"has-inline-color has-vivid-cyan-blue-color\"><\/mark><\/h2>\n\n\n\n<h3 class=\"wp-block-heading\">\u00c9CRITE<\/h3>\n\n\n\n<div class=\"wp-block-columns is-layout-flex wp-container-core-columns-is-layout-9d6595d7 wp-block-columns-is-layout-flex\">\n<div class=\"wp-block-column is-layout-flow wp-block-column-is-layout-flow\"><div class=\"wp-block-image\">\n<figure class=\"aligncenter size-large is-resized\"><a href=\"http:\/\/novalliance.net\/espace-prive\/wp-content\/uploads\/sites\/5\/2022\/05\/autorisation-utilisation-droits-image-individuelle.docx\"><img loading=\"lazy\" decoding=\"async\" width=\"731\" height=\"1024\" src=\"http:\/\/novalliance.net\/espace-prive\/wp-content\/uploads\/sites\/5\/2021\/07\/attestation-droit-image-individuelle-731x1024.jpg\" alt=\"\" class=\"wp-image-29581\" style=\"width:273px;height:auto\" srcset=\"https:\/\/novalliance.net\/espace-prive\/wp-content\/uploads\/sites\/5\/2021\/07\/attestation-droit-image-individuelle-731x1024.jpg 731w, https:\/\/novalliance.net\/espace-prive\/wp-content\/uploads\/sites\/5\/2021\/07\/attestation-droit-image-individuelle-214x300.jpg 214w, https:\/\/novalliance.net\/espace-prive\/wp-content\/uploads\/sites\/5\/2021\/07\/attestation-droit-image-individuelle-768x1076.jpg 768w, https:\/\/novalliance.net\/espace-prive\/wp-content\/uploads\/sites\/5\/2021\/07\/attestation-droit-image-individuelle-121x170.jpg 121w, https:\/\/novalliance.net\/espace-prive\/wp-content\/uploads\/sites\/5\/2021\/07\/attestation-droit-image-individuelle-245x343.jpg 245w, https:\/\/novalliance.net\/espace-prive\/wp-content\/uploads\/sites\/5\/2021\/07\/attestation-droit-image-individuelle.jpg 1038w\" sizes=\"auto, (max-width: 731px) 100vw, 731px\" \/><\/a><figcaption class=\"wp-element-caption\"><strong><a href=\"http:\/\/novalliance.net\/espace-prive\/wp-content\/uploads\/sites\/5\/2022\/05\/autorisation-utilisation-droits-image-individuelle.docx\" target=\"_blank\" rel=\"noreferrer noopener\"><mark style=\"background-color:rgba(0, 0, 0, 0)\" class=\"has-inline-color has-vivid-green-cyan-color\">Attestation \u00e9crite utilisation droit image \u2013 individuelle<\/mark><\/a><\/strong><\/figcaption><\/figure>\n<\/div><\/div>\n\n\n\n<div class=\"wp-block-column is-layout-flow wp-block-column-is-layout-flow\"><div class=\"wp-block-image\">\n<figure class=\"aligncenter size-large is-resized\"><a href=\"http:\/\/novalliance.net\/espace-prive\/wp-content\/uploads\/sites\/5\/2022\/05\/autorisation-utilisation-droit-image-collective.docx\"><img loading=\"lazy\" decoding=\"async\" width=\"733\" height=\"1024\" src=\"http:\/\/novalliance.net\/espace-prive\/wp-content\/uploads\/sites\/5\/2021\/07\/attestation-droit-image-collective-733x1024.jpg\" alt=\"\" class=\"wp-image-29597\" style=\"width:283px;height:auto\" srcset=\"https:\/\/novalliance.net\/espace-prive\/wp-content\/uploads\/sites\/5\/2021\/07\/attestation-droit-image-collective-733x1024.jpg 733w, https:\/\/novalliance.net\/espace-prive\/wp-content\/uploads\/sites\/5\/2021\/07\/attestation-droit-image-collective-215x300.jpg 215w, https:\/\/novalliance.net\/espace-prive\/wp-content\/uploads\/sites\/5\/2021\/07\/attestation-droit-image-collective-768x1072.jpg 768w, https:\/\/novalliance.net\/espace-prive\/wp-content\/uploads\/sites\/5\/2021\/07\/attestation-droit-image-collective-122x170.jpg 122w, https:\/\/novalliance.net\/espace-prive\/wp-content\/uploads\/sites\/5\/2021\/07\/attestation-droit-image-collective-245x343.jpg 245w, https:\/\/novalliance.net\/espace-prive\/wp-content\/uploads\/sites\/5\/2021\/07\/attestation-droit-image-collective-157x218.jpg 157w, https:\/\/novalliance.net\/espace-prive\/wp-content\/uploads\/sites\/5\/2021\/07\/attestation-droit-image-collective.jpg 1040w\" sizes=\"auto, (max-width: 733px) 100vw, 733px\" \/><\/a><figcaption class=\"wp-element-caption\"><strong><a href=\"http:\/\/novalliance.net\/espace-prive\/wp-content\/uploads\/sites\/5\/2022\/05\/autorisation-utilisation-droit-image-collective.docx\" target=\"_blank\" rel=\"noreferrer noopener\"><mark style=\"background-color:rgba(0, 0, 0, 0)\" class=\"has-inline-color has-vivid-green-cyan-color\">Autorisation \u00e9crite utilisation droit image \u2013 collective<\/mark><\/a><\/strong><\/figcaption><\/figure>\n<\/div><\/div>\n<\/div>\n\n\n\n<h3 class=\"wp-block-heading\">ORALE<\/h3>\n\n\n\n<div class=\"wp-block-columns is-layout-flex wp-container-core-columns-is-layout-9d6595d7 wp-block-columns-is-layout-flex\">\n<div class=\"wp-block-column is-layout-flow wp-block-column-is-layout-flow\"><div class=\"wp-block-image\">\n<figure class=\"aligncenter size-large\"><a href=\"http:\/\/novalliance.net\/espace-prive\/wp-content\/uploads\/sites\/5\/2023\/11\/discours-attestation-cession-droit-image-individuelle-audio.pdf\"><img loading=\"lazy\" decoding=\"async\" width=\"1024\" height=\"664\" src=\"http:\/\/novalliance.net\/espace-prive\/wp-content\/uploads\/sites\/5\/2023\/11\/discours-attestation-cession-droit-image-individuelle-audio-1-1024x664.jpg\" alt=\"\" class=\"wp-image-50085\" srcset=\"https:\/\/novalliance.net\/espace-prive\/wp-content\/uploads\/sites\/5\/2023\/11\/discours-attestation-cession-droit-image-individuelle-audio-1-1024x664.jpg 1024w, https:\/\/novalliance.net\/espace-prive\/wp-content\/uploads\/sites\/5\/2023\/11\/discours-attestation-cession-droit-image-individuelle-audio-1-300x195.jpg 300w, https:\/\/novalliance.net\/espace-prive\/wp-content\/uploads\/sites\/5\/2023\/11\/discours-attestation-cession-droit-image-individuelle-audio-1-768x498.jpg 768w, https:\/\/novalliance.net\/espace-prive\/wp-content\/uploads\/sites\/5\/2023\/11\/discours-attestation-cession-droit-image-individuelle-audio-1-1536x996.jpg 1536w, https:\/\/novalliance.net\/espace-prive\/wp-content\/uploads\/sites\/5\/2023\/11\/discours-attestation-cession-droit-image-individuelle-audio-1-170x110.jpg 170w, https:\/\/novalliance.net\/espace-prive\/wp-content\/uploads\/sites\/5\/2023\/11\/discours-attestation-cession-droit-image-individuelle-audio-1-1320x856.jpg 1320w, https:\/\/novalliance.net\/espace-prive\/wp-content\/uploads\/sites\/5\/2023\/11\/discours-attestation-cession-droit-image-individuelle-audio-1.jpg 1653w\" sizes=\"auto, (max-width: 1024px) 100vw, 1024px\" \/><\/a><figcaption class=\"wp-element-caption\"><a href=\"http:\/\/novalliance.net\/espace-prive\/wp-content\/uploads\/sites\/5\/2023\/11\/discours-attestation-cession-droit-image-individuelle-audio.pdf\" target=\"_blank\" rel=\"noreferrer noopener\"><\/a><strong><a href=\"http:\/\/novalliance.net\/espace-prive\/wp-content\/uploads\/sites\/5\/2023\/11\/discours-attestation-cession-droit-image-individuelle-audio.pdf\" target=\"_blank\" rel=\"noreferrer noopener\"><mark style=\"background-color:rgba(0, 0, 0, 0)\" class=\"has-inline-color has-vivid-green-cyan-color\">Autorisation d\u2019utilisation des droits \u00e0 l\u2019image individuelle \u2013 Orale ou verbale<\/mark><\/a><\/strong><\/figcaption><\/figure>\n<\/div><\/div>\n\n\n\n<div class=\"wp-block-column is-layout-flow wp-block-column-is-layout-flow\"><div class=\"wp-block-image\">\n<figure class=\"aligncenter size-large is-resized\"><a href=\"http:\/\/novalliance.net\/espace-prive\/wp-content\/uploads\/sites\/5\/2024\/11\/discours-attestation-cession-droit-image-collectif-audio.pdf\"><img loading=\"lazy\" decoding=\"async\" width=\"1024\" height=\"814\" src=\"http:\/\/novalliance.net\/espace-prive\/wp-content\/uploads\/sites\/5\/2023\/11\/discours-attestation-cession-droit-image-collectif-audio-1024x814.jpg\" alt=\"\" class=\"wp-image-50095\" style=\"width:382px;height:auto\" srcset=\"https:\/\/novalliance.net\/espace-prive\/wp-content\/uploads\/sites\/5\/2023\/11\/discours-attestation-cession-droit-image-collectif-audio-1024x814.jpg 1024w, https:\/\/novalliance.net\/espace-prive\/wp-content\/uploads\/sites\/5\/2023\/11\/discours-attestation-cession-droit-image-collectif-audio-300x238.jpg 300w, https:\/\/novalliance.net\/espace-prive\/wp-content\/uploads\/sites\/5\/2023\/11\/discours-attestation-cession-droit-image-collectif-audio-768x610.jpg 768w, https:\/\/novalliance.net\/espace-prive\/wp-content\/uploads\/sites\/5\/2023\/11\/discours-attestation-cession-droit-image-collectif-audio-1536x1221.jpg 1536w, https:\/\/novalliance.net\/espace-prive\/wp-content\/uploads\/sites\/5\/2023\/11\/discours-attestation-cession-droit-image-collectif-audio-170x135.jpg 170w, https:\/\/novalliance.net\/espace-prive\/wp-content\/uploads\/sites\/5\/2023\/11\/discours-attestation-cession-droit-image-collectif-audio-1320x1049.jpg 1320w, https:\/\/novalliance.net\/espace-prive\/wp-content\/uploads\/sites\/5\/2023\/11\/discours-attestation-cession-droit-image-collectif-audio.jpg 1653w\" sizes=\"auto, (max-width: 1024px) 100vw, 1024px\" \/><\/a><figcaption class=\"wp-element-caption\"><a href=\"http:\/\/novalliance.net\/espace-prive\/wp-content\/uploads\/sites\/5\/2023\/11\/discours-attestation-cession-droit-image-individuelle-audio-eng.pdf\" target=\"_blank\" rel=\"noreferrer noopener\"><\/a><strong><a href=\"http:\/\/novalliance.net\/espace-prive\/wp-content\/uploads\/sites\/5\/2024\/11\/discours-attestation-cession-droit-image-collectif-audio.pdf\" target=\"_blank\" rel=\"noreferrer noopener\"><mark style=\"background-color:rgba(0, 0, 0, 0)\" class=\"has-inline-color has-vivid-green-cyan-color\">Autorisation d\u2019utilisation des droits \u00e0 l\u2019image collective \u2013 Orale ou verbale<\/mark><\/a><\/strong><\/figcaption><\/figure>\n<\/div><\/div>\n<\/div>\n","protected":false},"excerpt":{"rendered":"<p>Processus d\u00e9di\u00e9 &#8211; Demandes au service juridique Pour accompagner la croissance du Groupe et faire face \u00e0 l\u2019augmentation des sollicitations du service juridique ces derni\u00e8res ann\u00e9es, celui-ci met en place un processus d\u00e9di\u00e9 qui devra dor\u00e9navant \u00eatre suivi. Les objectifs vis\u00e9s : structurer le traitement des demandes, gagner en efficacit\u00e9 et prot\u00e9ger au mieux les [&hellip;]<\/p>\n","protected":false},"author":1125,"featured_media":0,"parent":0,"menu_order":61,"comment_status":"closed","ping_status":"closed","template":"template-juridique.php","meta":{"_acf_changed":false,"footnotes":""},"class_list":["post-61872","page","type-page","status-publish","hentry"],"acf":[],"_links":{"self":[{"href":"https:\/\/novalliance.net\/espace-prive\/wp-json\/wp\/v2\/pages\/61872","targetHints":{"allow":["GET"]}}],"collection":[{"href":"https:\/\/novalliance.net\/espace-prive\/wp-json\/wp\/v2\/pages"}],"about":[{"href":"https:\/\/novalliance.net\/espace-prive\/wp-json\/wp\/v2\/types\/page"}],"author":[{"embeddable":true,"href":"https:\/\/novalliance.net\/espace-prive\/wp-json\/wp\/v2\/users\/1125"}],"replies":[{"embeddable":true,"href":"https:\/\/novalliance.net\/espace-prive\/wp-json\/wp\/v2\/comments?post=61872"}],"version-history":[{"count":9,"href":"https:\/\/novalliance.net\/espace-prive\/wp-json\/wp\/v2\/pages\/61872\/revisions"}],"predecessor-version":[{"id":73135,"href":"https:\/\/novalliance.net\/espace-prive\/wp-json\/wp\/v2\/pages\/61872\/revisions\/73135"}],"wp:attachment":[{"href":"https:\/\/novalliance.net\/espace-prive\/wp-json\/wp\/v2\/media?parent=61872"}],"curies":[{"name":"wp","href":"https:\/\/api.w.org\/{rel}","templated":true}]}}