{"id":4823,"date":"2021-05-11T15:43:32","date_gmt":"2021-05-11T13:43:32","guid":{"rendered":"https:\/\/novalliance.net\/espace\/?page_id=4823"},"modified":"2023-01-02T13:38:48","modified_gmt":"2023-01-02T12:38:48","slug":"projets","status":"publish","type":"page","link":"https:\/\/novalliance.net\/espace-prive\/vie-de-groupe\/projets\/","title":{"rendered":"PROJETS"},"content":{"rendered":"\n<p>Sur cette page vous pouvez retrouver tous les projets qui sont ou ont \u00e9t\u00e9 men\u00e9s \u00e0 l\u2019\u00e9chelle du Groupe. Si vous avez connaissance d\u2019un projet ou souhaitez en d\u00e9poser un, vous pouvez le faire en cliquant sur le bouton pr\u00e9vu \u00e0 cet effet.<\/p>\n","protected":false},"excerpt":{"rendered":"<p>Sur cette page vous pouvez retrouver tous les projets qui sont ou ont \u00e9t\u00e9 men\u00e9s \u00e0 l\u2019\u00e9chelle du Groupe. Si vous avez connaissance d\u2019un projet ou souhaitez en d\u00e9poser un, vous pouvez le faire en cliquant sur le bouton pr\u00e9vu \u00e0 cet effet.<\/p>\n","protected":false},"author":1,"featured_media":0,"parent":4772,"menu_order":309,"comment_status":"closed","ping_status":"closed","template":"template-projet.php","meta":{"_acf_changed":false,"footnotes":""},"class_list":["post-4823","page","type-page","status-publish","hentry"],"acf":[],"_links":{"self":[{"href":"https:\/\/novalliance.net\/espace-prive\/wp-json\/wp\/v2\/pages\/4823","targetHints":{"allow":["GET"]}}],"collection":[{"href":"https:\/\/novalliance.net\/espace-prive\/wp-json\/wp\/v2\/pages"}],"about":[{"href":"https:\/\/novalliance.net\/espace-prive\/wp-json\/wp\/v2\/types\/page"}],"author":[{"embeddable":true,"href":"https:\/\/novalliance.net\/espace-prive\/wp-json\/wp\/v2\/users\/1"}],"replies":[{"embeddable":true,"href":"https:\/\/novalliance.net\/espace-prive\/wp-json\/wp\/v2\/comments?post=4823"}],"version-history":[{"count":5,"href":"https:\/\/novalliance.net\/espace-prive\/wp-json\/wp\/v2\/pages\/4823\/revisions"}],"predecessor-version":[{"id":27758,"href":"https:\/\/novalliance.net\/espace-prive\/wp-json\/wp\/v2\/pages\/4823\/revisions\/27758"}],"up":[{"embeddable":true,"href":"https:\/\/novalliance.net\/espace-prive\/wp-json\/wp\/v2\/pages\/4772"}],"wp:attachment":[{"href":"https:\/\/novalliance.net\/espace-prive\/wp-json\/wp\/v2\/media?parent=4823"}],"curies":[{"name":"wp","href":"https:\/\/api.w.org\/{rel}","templated":true}]}}