{"id":4774,"date":"2021-05-11T15:17:17","date_gmt":"2021-05-11T13:17:17","guid":{"rendered":"https:\/\/novalliance.net\/espace\/?page_id=4774"},"modified":"2025-07-28T14:41:33","modified_gmt":"2025-07-28T12:41:33","slug":"strategie","status":"publish","type":"page","link":"https:\/\/novalliance.net\/espace-prive\/vie-de-groupe\/strategie\/","title":{"rendered":"Strat\u00e9gie"},"content":{"rendered":"\n<h2 class=\"wp-block-heading\"><\/h2>\n\n\n\n<div class=\"wp-block-columns are-vertically-aligned-center is-layout-flex wp-container-core-columns-is-layout-9d6595d7 wp-block-columns-is-layout-flex\">\n<div class=\"wp-block-column is-vertically-aligned-center is-layout-flow wp-block-column-is-layout-flow\" style=\"flex-basis:100%\">\n<h1 class=\"wp-block-heading\">Notre strat\u00e9gie 2030<\/h1>\n\n\n\n<p>Notre Groupe acc\u00e9l\u00e8re sa croissance, gr\u00e2ce \u00e0 la mobilisation de tous autour de notre mission : permettre aux paysans des zones tropicales d\u2019avoir acc\u00e8s \u00e0 des semences de l\u00e9gumes de qualit\u00e9 et, plus largement, contribuer au d\u00e9veloppement d\u2019une agriculture tropicale performante. Forte de sens et de croissance, notre strat\u00e9gie est encadr\u00e9e par les valeurs du Groupe&nbsp;: ambition et conqu\u00eate, curiosit\u00e9 et innovation, respect des autres.<\/p>\n\n\n\n<div class=\"wp-block-columns is-layout-flex wp-container-core-columns-is-layout-9d6595d7 wp-block-columns-is-layout-flex\">\n<div class=\"wp-block-column is-layout-flow wp-block-column-is-layout-flow\" style=\"flex-basis:25%\"><\/div>\n\n\n\n<div class=\"wp-block-column is-layout-flow wp-block-column-is-layout-flow\" style=\"flex-basis:50%\">\n<iframe loading=\"lazy\" title=\"STRATEGIE 2030\" src=\"https:\/\/www.novatube.net\/videos\/embed\/f193928c-418c-4e6c-9cf0-b7096f98d574\" allowfullscreen=\"\" sandbox=\"allow-same-origin allow-scripts allow-popups\" width=\"560\" height=\"315\" frameborder=\"0\"><\/iframe>\n<\/div>\n\n\n\n<div class=\"wp-block-column is-layout-flow wp-block-column-is-layout-flow\" style=\"flex-basis:25%\"><\/div>\n<\/div>\n\n\n\n<h2 class=\"wp-block-heading\">La strat\u00e9gie du groupe Novalliance<\/h2>\n\n\n\n<p>Notre strat\u00e9gie 2025 laisse place \u00e0 notre strat\u00e9gie 2030.<\/p>\n\n\n\n<p><strong>2 objectifs clairs sont a atteindre \u00e0 horizon 2030 :<\/strong><\/p>\n\n\n\n<ol class=\"wp-block-list\">\n<li><span style=\"color: #008ac9;\"><strong>Atteindre 70% du Chiffre d\u2019Affaires issu des vari\u00e9t\u00e9s Recherche Groupe<br><\/strong><\/span><\/li>\n\n\n\n<li><span style=\"color: #008ac9;\"><strong>Atteindre un Chiffre d\u2019Affaires combin\u00e9 Groupe de 80 millions d\u2019euros (et un CA additionn\u00e9 de 120M\u20ac)<\/strong><\/span><\/li>\n<\/ol>\n\n\n\n<p>Nous souhaitons nous appuyer sur 3 piliers essentiels tout en respectant nos 3 valeurs fondamentales.<\/p>\n\n\n\n<ol class=\"wp-block-list\">\n<li><strong>Les Ressources Humaines :<\/strong> Atteindre nos objectifs 2030 d\u00e9pend de tous. L\u2019int\u00e9gration et l\u2019\u00e9panouissement de chacun est donc indispensable pour nous permettre de grandir.<\/li>\n\n\n\n<li><strong>Le Digital<\/strong> : Nous devons acc\u00e9l\u00e9rer notre croissance en surfant sur les outils num\u00e9riques, en nous professionnalisant et en utilisant les innovations que l\u2019informatique, les r\u00e9seaux-sociaux, l\u2019e-commerce peuvent apporter.<\/li>\n\n\n\n<li><strong>La Conformit\u00e9<\/strong> : Nous visons l\u2019excellence. Il nous faut tous \u00eatre au m\u00eame niveau de comp\u00e9tence et d\u2019exigence. Pour cela nous visons une harmonisation de l\u2019engagement, l\u2019\u00e9thique, et la conformit\u00e9 dans toutes les structures du Groupe.<\/li>\n<\/ol>\n<\/div>\n<\/div>\n\n\n<div class=\"wp-block-image\">\n<figure class=\"aligncenter size-large is-resized\"><img loading=\"lazy\" decoding=\"async\" src=\"https:\/\/novalliance.net\/espace-prive\/wp-content\/uploads\/sites\/5\/2022\/01\/schema-strat-2030-interne-1-1024x699.png\" alt=\"\" class=\"wp-image-34867\" width=\"597\" height=\"407\" srcset=\"https:\/\/novalliance.net\/espace-prive\/wp-content\/uploads\/sites\/5\/2022\/01\/schema-strat-2030-interne-1-1024x699.png 1024w, https:\/\/novalliance.net\/espace-prive\/wp-content\/uploads\/sites\/5\/2022\/01\/schema-strat-2030-interne-1-300x205.png 300w, https:\/\/novalliance.net\/espace-prive\/wp-content\/uploads\/sites\/5\/2022\/01\/schema-strat-2030-interne-1-768x525.png 768w, https:\/\/novalliance.net\/espace-prive\/wp-content\/uploads\/sites\/5\/2022\/01\/schema-strat-2030-interne-1-1536x1049.png 1536w, https:\/\/novalliance.net\/espace-prive\/wp-content\/uploads\/sites\/5\/2022\/01\/schema-strat-2030-interne-1-170x116.png 170w, https:\/\/novalliance.net\/espace-prive\/wp-content\/uploads\/sites\/5\/2022\/01\/schema-strat-2030-interne-1-1320x902.png 1320w, https:\/\/novalliance.net\/espace-prive\/wp-content\/uploads\/sites\/5\/2022\/01\/schema-strat-2030-interne-1.png 1921w\" sizes=\"auto, (max-width: 597px) 100vw, 597px\" \/><\/figure>\n<\/div>\n\n\n<p><\/p>\n","protected":false},"excerpt":{"rendered":"<p>Notre strat\u00e9gie 2030 Notre Groupe acc\u00e9l\u00e8re sa croissance, gr\u00e2ce \u00e0 la mobilisation de tous autour de notre mission : permettre aux paysans des zones tropicales d\u2019avoir acc\u00e8s \u00e0 des semences de l\u00e9gumes de qualit\u00e9 et, plus largement, contribuer au d\u00e9veloppement d\u2019une agriculture tropicale performante. Forte de sens et de croissance, notre strat\u00e9gie est encadr\u00e9e par [&hellip;]<\/p>\n","protected":false},"author":1,"featured_media":0,"parent":4772,"menu_order":280,"comment_status":"closed","ping_status":"closed","template":"template-strategie.php","meta":{"_acf_changed":false,"footnotes":""},"class_list":["post-4774","page","type-page","status-publish","hentry"],"acf":[],"_links":{"self":[{"href":"https:\/\/novalliance.net\/espace-prive\/wp-json\/wp\/v2\/pages\/4774","targetHints":{"allow":["GET"]}}],"collection":[{"href":"https:\/\/novalliance.net\/espace-prive\/wp-json\/wp\/v2\/pages"}],"about":[{"href":"https:\/\/novalliance.net\/espace-prive\/wp-json\/wp\/v2\/types\/page"}],"author":[{"embeddable":true,"href":"https:\/\/novalliance.net\/espace-prive\/wp-json\/wp\/v2\/users\/1"}],"replies":[{"embeddable":true,"href":"https:\/\/novalliance.net\/espace-prive\/wp-json\/wp\/v2\/comments?post=4774"}],"version-history":[{"count":65,"href":"https:\/\/novalliance.net\/espace-prive\/wp-json\/wp\/v2\/pages\/4774\/revisions"}],"predecessor-version":[{"id":69692,"href":"https:\/\/novalliance.net\/espace-prive\/wp-json\/wp\/v2\/pages\/4774\/revisions\/69692"}],"up":[{"embeddable":true,"href":"https:\/\/novalliance.net\/espace-prive\/wp-json\/wp\/v2\/pages\/4772"}],"wp:attachment":[{"href":"https:\/\/novalliance.net\/espace-prive\/wp-json\/wp\/v2\/media?parent=4774"}],"curies":[{"name":"wp","href":"https:\/\/api.w.org\/{rel}","templated":true}]}}