{"id":4755,"date":"2021-05-11T14:21:28","date_gmt":"2021-05-11T12:21:28","guid":{"rendered":"https:\/\/novalliance.net\/espace\/?page_id=4755"},"modified":"2025-11-21T09:35:24","modified_gmt":"2025-11-21T08:35:24","slug":"cybersecurite","status":"publish","type":"page","link":"https:\/\/novalliance.net\/espace-prive\/informatique\/cybersecurite\/","title":{"rendered":"Cybers\u00e9curit\u00e9"},"content":{"rendered":"<h1>LA S\u00c9CURIT\u00c9 : LES BONS R\u00c9FLEXES<\/h1>\n<p><img loading=\"lazy\" decoding=\"async\" class=\"alignleft wp-image-4762\" src=\"https:\/\/novalliance.net\/espace\/wp-content\/uploads\/sites\/5\/2021\/05\/security-icon1-250x250-1.png\" alt=\"\" width=\"84\" height=\"84\" srcset=\"https:\/\/novalliance.net\/espace-prive\/wp-content\/uploads\/sites\/5\/2021\/05\/security-icon1-250x250-1.png 250w, https:\/\/novalliance.net\/espace-prive\/wp-content\/uploads\/sites\/5\/2021\/05\/security-icon1-250x250-1-150x150.png 150w, https:\/\/novalliance.net\/espace-prive\/wp-content\/uploads\/sites\/5\/2021\/05\/security-icon1-250x250-1-170x170.png 170w, https:\/\/novalliance.net\/espace-prive\/wp-content\/uploads\/sites\/5\/2021\/05\/security-icon1-250x250-1-221x221.png 221w\" sizes=\"auto, (max-width: 84px) 100vw, 84px\" \/><br \/>Alors que le num\u00e9rique fait d\u00e9sormais partie int\u00e9grante de nos vies personnelles et professionnelles, la s\u00e9curit\u00e9 est trop rarement prise en compte dans nos usages. Les nouvelles technologies, omnipr\u00e9sentes, sont pourtant porteuses de nouveaux risques pesant lourdement sur les entreprises. Par exemple, les donn\u00e9es les plus sensibles (fichiers clients, contrats, projets en cours&#8230;) peuvent \u00eatre d\u00e9rob\u00e9es par des attaquants informatiques ou r\u00e9cup\u00e9r\u00e9es en cas de perte ou vol d\u2019un smartphone, d\u2019une tablette, d\u2019un ordinateur portable.<\/p>\n<p>Ces incidents s\u2019accompagnent souvent de s\u00e9v\u00e8res r\u00e9percussions en termes de s\u00e9curit\u00e9, de pertes \u00e9conomiques et financi\u00e8res et de d\u00e9gradation de l\u2019image de l\u2019entreprise. Ces dangers peuvent n\u00e9anmoins \u00eatre fortement r\u00e9duits par un ensemble de bonnes pratiques, peu co\u00fbteuses, voire gratuites, et faciles \u00e0 mettre en \u0153uvre dans l\u2019entreprise.<\/p>\n<p>\u00c0 cet effet, la sensibilisation des collaborateurs de l\u2019entreprise aux r\u00e8gles d\u2019hygi\u00e8ne informatique est fondamentale et surtout tr\u00e8s efficace pour limiter une grande partie des risques.<\/p>\n\n\n<div class=\"wp-block-columns mb-0 is-layout-flex wp-container-core-columns-is-layout-9d6595d7 wp-block-columns-is-layout-flex\">\n<div class=\"wp-block-column mb-0 is-layout-flow wp-block-column-is-layout-flow\"><div class=\"wp-block-image\">\n<figure class=\"aligncenter size-large is-resized\"><a href=\"https:\/\/novalliance.net\/espace-prive\/informatique\/cybersecurite\/web-et-reseaux-sociaux\/\"><img loading=\"lazy\" decoding=\"async\" width=\"225\" height=\"225\" src=\"https:\/\/novalliance.net\/espace-prive\/wp-content\/uploads\/sites\/5\/2021\/05\/security-web1.png\" alt=\"\" class=\"wp-image-22844\" style=\"width:65px;height:65px\" srcset=\"https:\/\/novalliance.net\/espace-prive\/wp-content\/uploads\/sites\/5\/2021\/05\/security-web1.png 225w, https:\/\/novalliance.net\/espace-prive\/wp-content\/uploads\/sites\/5\/2021\/05\/security-web1-150x150.png 150w, https:\/\/novalliance.net\/espace-prive\/wp-content\/uploads\/sites\/5\/2021\/05\/security-web1-170x170.png 170w, https:\/\/novalliance.net\/espace-prive\/wp-content\/uploads\/sites\/5\/2021\/05\/security-web1-221x221.png 221w\" sizes=\"auto, (max-width: 225px) 100vw, 225px\" \/><\/a><\/figure>\n<\/div><\/div>\n\n\n\n<div class=\"wp-block-column mb-0 is-layout-flow wp-block-column-is-layout-flow\"><div class=\"wp-block-image\">\n<figure class=\"aligncenter size-large is-resized\"><a href=\"https:\/\/novalliance.net\/espace-prive\/informatique\/cybersecurite\/vigilance-avec-les-courriels\/\"><img loading=\"lazy\" decoding=\"async\" width=\"250\" height=\"250\" src=\"https:\/\/novalliance.net\/espace-prive\/wp-content\/uploads\/sites\/5\/2021\/05\/security-email-250x250-2.png\" alt=\"\" class=\"wp-image-22854\" style=\"width:54px;height:54px\" srcset=\"https:\/\/novalliance.net\/espace-prive\/wp-content\/uploads\/sites\/5\/2021\/05\/security-email-250x250-2.png 250w, https:\/\/novalliance.net\/espace-prive\/wp-content\/uploads\/sites\/5\/2021\/05\/security-email-250x250-2-150x150.png 150w, https:\/\/novalliance.net\/espace-prive\/wp-content\/uploads\/sites\/5\/2021\/05\/security-email-250x250-2-170x170.png 170w, https:\/\/novalliance.net\/espace-prive\/wp-content\/uploads\/sites\/5\/2021\/05\/security-email-250x250-2-221x221.png 221w\" sizes=\"auto, (max-width: 250px) 100vw, 250px\" \/><\/a><\/figure>\n<\/div><\/div>\n\n\n\n<div class=\"wp-block-column mb-0 is-layout-flow wp-block-column-is-layout-flow\"><div class=\"wp-block-image\">\n<figure class=\"aligncenter size-large is-resized\"><a href=\"https:\/\/novalliance.net\/espace-prive\/informatique\/cybersecurite\/verrouillage-de-session\/\"><img loading=\"lazy\" decoding=\"async\" width=\"225\" height=\"225\" src=\"https:\/\/novalliance.net\/espace-prive\/wp-content\/uploads\/sites\/5\/2021\/05\/security-access.png\" alt=\"\" class=\"wp-image-22859\" style=\"width:81px;height:81px\" srcset=\"https:\/\/novalliance.net\/espace-prive\/wp-content\/uploads\/sites\/5\/2021\/05\/security-access.png 225w, https:\/\/novalliance.net\/espace-prive\/wp-content\/uploads\/sites\/5\/2021\/05\/security-access-150x150.png 150w, https:\/\/novalliance.net\/espace-prive\/wp-content\/uploads\/sites\/5\/2021\/05\/security-access-170x170.png 170w, https:\/\/novalliance.net\/espace-prive\/wp-content\/uploads\/sites\/5\/2021\/05\/security-access-221x221.png 221w\" sizes=\"auto, (max-width: 225px) 100vw, 225px\" \/><\/a><\/figure>\n<\/div><\/div>\n\n\n\n<div class=\"wp-block-column mb-0 is-layout-flow wp-block-column-is-layout-flow\"><div class=\"wp-block-image\">\n<figure class=\"aligncenter size-large is-resized\"><a href=\"https:\/\/novalliance.net\/espace-prive\/informatique\/cybersecurite\/mots-de-passe-fort\/\"><img loading=\"lazy\" decoding=\"async\" width=\"227\" height=\"222\" src=\"https:\/\/novalliance.net\/espace-prive\/wp-content\/uploads\/sites\/5\/2021\/05\/security-password3.png\" alt=\"\" class=\"wp-image-22864\" style=\"width:54px;height:53px\" srcset=\"https:\/\/novalliance.net\/espace-prive\/wp-content\/uploads\/sites\/5\/2021\/05\/security-password3.png 227w, https:\/\/novalliance.net\/espace-prive\/wp-content\/uploads\/sites\/5\/2021\/05\/security-password3-170x166.png 170w\" sizes=\"auto, (max-width: 227px) 100vw, 227px\" \/><\/a><\/figure>\n<\/div><\/div>\n\n\n\n<div class=\"wp-block-column mb-0 is-layout-flow wp-block-column-is-layout-flow\"><div class=\"wp-block-image\">\n<figure class=\"aligncenter size-large is-resized\"><a href=\"https:\/\/novalliance.net\/espace-prive\/informatique\/cybersecurite\/gestionnaire-de-mots-de-passe-psono\/\"><img loading=\"lazy\" decoding=\"async\" width=\"250\" height=\"250\" src=\"https:\/\/novalliance.net\/espace-prive\/wp-content\/uploads\/sites\/5\/2021\/05\/psono-250x250-1.png\" alt=\"\" class=\"wp-image-22869\" style=\"width:63px;height:63px\" srcset=\"https:\/\/novalliance.net\/espace-prive\/wp-content\/uploads\/sites\/5\/2021\/05\/psono-250x250-1.png 250w, https:\/\/novalliance.net\/espace-prive\/wp-content\/uploads\/sites\/5\/2021\/05\/psono-250x250-1-150x150.png 150w, https:\/\/novalliance.net\/espace-prive\/wp-content\/uploads\/sites\/5\/2021\/05\/psono-250x250-1-170x170.png 170w, https:\/\/novalliance.net\/espace-prive\/wp-content\/uploads\/sites\/5\/2021\/05\/psono-250x250-1-221x221.png 221w\" sizes=\"auto, (max-width: 250px) 100vw, 250px\" \/><\/a><\/figure>\n<\/div><\/div>\n<\/div>\n\n\n\n<div class=\"wp-block-columns is-layout-flex wp-container-core-columns-is-layout-9d6595d7 wp-block-columns-is-layout-flex\">\n<div class=\"wp-block-column is-layout-flow wp-block-column-is-layout-flow\">\n<p class=\"has-text-align-center mt-0\"><strong><a href=\"https:\/\/novalliance.net\/espace-prive\/informatique\/cybersecurite\/web-et-reseaux-sociaux\/\" class=\"rank-math-link\"><span class=\"has-inline-color has-black-color\">WEB, RESEAUX SOCIAUX<\/span><\/a><\/strong><\/p>\n<\/div>\n\n\n\n<div class=\"wp-block-column is-layout-flow wp-block-column-is-layout-flow\">\n<p class=\"has-text-align-center mt-0\"><strong><a href=\"https:\/\/novalliance.net\/espace-prive\/informatique\/cybersecurite\/vigilance-avec-les-courriels\/\" class=\"rank-math-link\"><span class=\"has-inline-color has-black-color\">COURRIELS<\/span><\/a><\/strong><\/p>\n<\/div>\n\n\n\n<div class=\"wp-block-column is-layout-flow wp-block-column-is-layout-flow\">\n<p class=\"has-text-align-center mt-0\"><strong><a href=\"https:\/\/novalliance.net\/espace-prive\/informatique\/cybersecurite\/verrouillage-de-session\/\" class=\"rank-math-link\"><span class=\"has-inline-color has-black-color\">VERROUILLAGE DE SESSION<\/span><\/a><\/strong><\/p>\n<\/div>\n\n\n\n<div class=\"wp-block-column is-layout-flow wp-block-column-is-layout-flow\">\n<p class=\"has-text-align-center mt-0\"><strong><a href=\"https:\/\/novalliance.net\/espace-prive\/informatique\/cybersecurite\/mots-de-passe-fort\/\" class=\"rank-math-link\"><span class=\"has-inline-color has-black-color\">MOTS DE PASSE FORT<\/span><\/a><\/strong><\/p>\n<\/div>\n\n\n\n<div class=\"wp-block-column is-layout-flow wp-block-column-is-layout-flow\">\n<p class=\"has-text-align-center mt-0\"><strong><a href=\"https:\/\/novalliance.net\/espace-prive\/informatique\/cybersecurite\/gestionnaire-de-mots-de-passe-psono\/\" class=\"rank-math-link\"><span class=\"has-inline-color has-black-color\">GESTIONNAIRE DE MOTS DE PASSE PSONO<\/span><\/a><\/strong><\/p>\n<\/div>\n<\/div>\n\n\n\n<p>Vous pouvez donc \u00eatre sollicit\u00e9s pour des modules de sensibilisation, de courtes sessions d\u2019e-learning ne d\u00e9passant pas 5 minutes qui seront envoy\u00e9es sur les discussions Teams par\u00a0Mantra\u00a0et son coach cyber, <strong>\u201cAlex from Mantra\u201d<\/strong><\/p>\n\n\n\n<figure class=\"wp-block-image size-large is-resized\"><img loading=\"lazy\" decoding=\"async\" width=\"1024\" height=\"432\" src=\"https:\/\/novalliance.net\/espace-prive\/wp-content\/uploads\/sites\/5\/2025\/11\/mantra_illustration-1024x432.jpg\" alt=\"\" class=\"wp-image-71303\" style=\"width:476px;height:auto\" srcset=\"https:\/\/novalliance.net\/espace-prive\/wp-content\/uploads\/sites\/5\/2025\/11\/mantra_illustration-1024x432.jpg 1024w, https:\/\/novalliance.net\/espace-prive\/wp-content\/uploads\/sites\/5\/2025\/11\/mantra_illustration-300x127.jpg 300w, https:\/\/novalliance.net\/espace-prive\/wp-content\/uploads\/sites\/5\/2025\/11\/mantra_illustration-768x324.jpg 768w, https:\/\/novalliance.net\/espace-prive\/wp-content\/uploads\/sites\/5\/2025\/11\/mantra_illustration-170x72.jpg 170w, https:\/\/novalliance.net\/espace-prive\/wp-content\/uploads\/sites\/5\/2025\/11\/mantra_illustration.jpg 1268w\" sizes=\"auto, (max-width: 1024px) 100vw, 1024px\" \/><\/figure>\n\n\n\n<h2 class=\"wp-block-heading has-text-color\" style=\"color:#0eb7f0\"><strong>SEND &#8211; TRANSFERT SECURISE DE FICHIERS<\/strong><\/h2>\n\n\n\n<p>Nous vous rappelons que l\u2019utilisation de sites web gratuit comme \u2018WeTransfer\u2019 \u2018 est proscrit dans le cadre professionnel pour des raisons de s\u00e9curit\u00e9.<\/p>\n\n\n\n<p>Pour vous aider, vous pouvez utiliser un nouvel outil de transfert s\u00e9curis\u00e9<br>h\u00e9berg\u00e9 sur l\u2019infrastructure interne du groupe Novalliance.<\/p>\n\n\n\n<p>Ouvrir le navigateur et taper l\u2019adresse <a href=\"https:\/\/send.novalliance.info\" target=\"_blank\" rel=\"noreferrer noopener\">https:\/\/send.novalliance.info<\/a><\/p>\n\n\n\n<p>Une fois ajout\u00e9 le(s) fichier(s) \u00e0 transf\u00e9rer,<br>copier et partager le lien via un message Email ou une conversation Microsoft Teams<\/p>\n\n\n\n<p><\/p>\n\n\n\n<h2 class=\"wp-block-heading has-text-color\" style=\"color:#0eb7f0\"><strong>FOCUS SUR UNE MENACE TR\u00c8S R\u00c9PANDUE: LE PHISHING<\/strong><\/h2>\n\n\n<div class=\"wp-block-image\">\n<figure class=\"alignleft size-large\"><img loading=\"lazy\" decoding=\"async\" width=\"268\" height=\"196\" src=\"https:\/\/novalliance.net\/espace-prive\/wp-content\/uploads\/sites\/5\/2021\/05\/phishing_illustration-268x196-1.png\" alt=\"\" class=\"wp-image-22874\" srcset=\"https:\/\/novalliance.net\/espace-prive\/wp-content\/uploads\/sites\/5\/2021\/05\/phishing_illustration-268x196-1.png 268w, https:\/\/novalliance.net\/espace-prive\/wp-content\/uploads\/sites\/5\/2021\/05\/phishing_illustration-268x196-1-170x124.png 170w\" sizes=\"auto, (max-width: 268px) 100vw, 268px\" \/><\/figure>\n<\/div>\n\n\n<p><strong>D\u00e9finition<\/strong><\/p>\n\n\n\n<p>\u00ab\u00a0<strong>L\u2019HAMECONNAGE<\/strong>\u00a0\u00bb ou le \u00ab\u00a0<strong>PHISHING<\/strong>\u00a0\u00bb&nbsp;est une technique consistant \u00e0 vous leurrer pour vous inciter \u00e0 communiquer des donn\u00e9es professionnelles, personnelles (comptes d\u2019acc\u00e8s, mots de passe\u2026) et\/ou bancaires en se faisant passer pour une personne ou une organisation de confiance.&nbsp;L\u2019hame\u00e7onnage est une attaque d\u2019ing\u00e9nierie sociale qui repose sur la ruse, les habitudes et les \u00e9motions (peur, confiance, envie d\u2019aider, etc.).<\/p>\n\n\n\n<p><\/p>\n\n\n\n<p><strong>M\u00e9thode<\/strong><\/p>\n\n\n\n<p>Pour \u00eatre cr\u00e9dibles les pirates ont recours au \u00ab\u00a0spoofing\u00a0\u00bb, c&rsquo;est \u00e0 dire qu&rsquo;ils usurpent le nom et l\u2019image d&rsquo;une autorit\u00e9 l\u00e9gitime connue, afin d&rsquo;envoyer de fausses informations relatives \u00e0 un support technique ou surfant sur des actualit\u00e9s \u00ab\u00a0tendance\u00a0\u00bb (ex : rumeur sur les r\u00e9seaux sociaux, remboursement de fournisseurs d&rsquo;\u00e9nergies, fausse publicit\u00e9, alerte de faux virus, nouvelles lois \u00e0 consulter&#8230;)<\/p>\n\n\n\n<p>Les attaques ont lieu en utilisant diff\u00e9rent canaux&nbsp;de communication : email, SMS et \u00e9galement la messagerie instantan\u00e9e WhatsApp<\/p>\n\n\n\n<p><strong>Objectifs<\/strong><\/p>\n\n\n\n<p>Les objectifs des pirates sont de collecter des informations sur vous ou votre entreprise afin de :<\/p>\n\n\n\n<p>Vous nuire personnellement ou \u00e0 votre entreprise via l\u2019insertion d\u2019une malveillance&nbsp;: dans ce cas, le phishing est le pr\u00e9lude d\u2019une attaque plus en profondeur&nbsp;;<\/p>\n\n\n\n<p>R\u00e9cup\u00e9rer votre savoir-faire (espionnage \u00e9conomique, politique, industriel ou atteinte \u00e0 la propri\u00e9t\u00e9 intellectuelle)&nbsp;;<\/p>\n\n\n\n<p>Revendre vos informations&nbsp;;<\/p>\n\n\n\n<p>D\u00e9tourner de l\u2019argent.<\/p>\n\n\n\n<p><strong>Comment \u00e9viter de me faire hame\u00e7onner ?<\/strong><\/p>\n\n\n\n<p>Je ne clique pas sur les liens et\/ou les pi\u00e8ces jointes \u00e9manant d&rsquo;exp\u00e9diteurs douteux.<\/p>\n\n\n\n<p>Je v\u00e9rifie l\u2019adresse du site web et des liens en les survolant avec la souris (sans cliquer dessus !).<\/p>\n\n\n\n<p>Je tape moi-m\u00eame l&rsquo;adresse du site officiel.<\/p>\n\n\n\n<p>Je v\u00e9rifie soigneusement le message (exp\u00e9diteur et contenu) et je redouble de vigilance lorsque le message est alarmiste et demande une action urgente (paiement, envoi d\u2019informations personnelles, changement de domiciliation bancaire etc.).<\/p>\n\n\n\n<p>Je ne donne pas suite \u00e0 un SMS douteux m&rsquo;incitant \u00e0 un appel ou une connexion depuis mon t\u00e9l\u00e9phone.<\/p>\n\n\n\n<p>Je ne communique pas d&rsquo;informations personnelles et\/ou professionnelles (aucune administration ou soci\u00e9t\u00e9 commerciale s\u00e9rieuse ne demande de v\u00e9rifier les donn\u00e9es bancaires ou les mots de passe par message \u00e9lectronique ou par t\u00e9l\u00e9phone).<\/p>\n","protected":false},"excerpt":{"rendered":"<p>LA S\u00c9CURIT\u00c9 : LES BONS R\u00c9FLEXES Alors que le num\u00e9rique fait d\u00e9sormais partie int\u00e9grante de nos vies personnelles et professionnelles, la s\u00e9curit\u00e9 est trop rarement prise en compte dans nos usages. Les nouvelles technologies, omnipr\u00e9sentes, sont pourtant porteuses de nouveaux risques pesant lourdement sur les entreprises. Par exemple, les donn\u00e9es les plus sensibles (fichiers clients, [&hellip;]<\/p>\n","protected":false},"author":1,"featured_media":0,"parent":4750,"menu_order":9,"comment_status":"closed","ping_status":"closed","template":"template-content.php","meta":{"_acf_changed":false,"footnotes":""},"class_list":["post-4755","page","type-page","status-publish","hentry"],"acf":[],"_links":{"self":[{"href":"https:\/\/novalliance.net\/espace-prive\/wp-json\/wp\/v2\/pages\/4755","targetHints":{"allow":["GET"]}}],"collection":[{"href":"https:\/\/novalliance.net\/espace-prive\/wp-json\/wp\/v2\/pages"}],"about":[{"href":"https:\/\/novalliance.net\/espace-prive\/wp-json\/wp\/v2\/types\/page"}],"author":[{"embeddable":true,"href":"https:\/\/novalliance.net\/espace-prive\/wp-json\/wp\/v2\/users\/1"}],"replies":[{"embeddable":true,"href":"https:\/\/novalliance.net\/espace-prive\/wp-json\/wp\/v2\/comments?post=4755"}],"version-history":[{"count":16,"href":"https:\/\/novalliance.net\/espace-prive\/wp-json\/wp\/v2\/pages\/4755\/revisions"}],"predecessor-version":[{"id":71308,"href":"https:\/\/novalliance.net\/espace-prive\/wp-json\/wp\/v2\/pages\/4755\/revisions\/71308"}],"up":[{"embeddable":true,"href":"https:\/\/novalliance.net\/espace-prive\/wp-json\/wp\/v2\/pages\/4750"}],"wp:attachment":[{"href":"https:\/\/novalliance.net\/espace-prive\/wp-json\/wp\/v2\/media?parent=4755"}],"curies":[{"name":"wp","href":"https:\/\/api.w.org\/{rel}","templated":true}]}}