{"id":24397,"date":"2021-06-08T15:07:04","date_gmt":"2021-06-08T13:07:04","guid":{"rendered":"https:\/\/novalliance.net\/espace-prive\/?page_id=24397"},"modified":"2025-06-04T11:43:53","modified_gmt":"2025-06-04T09:43:53","slug":"digital-vision","status":"publish","type":"page","link":"https:\/\/novalliance.net\/espace-prive\/vie-de-groupe\/digital-vision\/","title":{"rendered":"Digital vision"},"content":{"rendered":"\n<h1 class=\"wp-block-heading\">Digital vision<\/h1>\n\n\n<div class=\"wp-block-image\">\n<figure class=\"alignleft size-thumbnail\"><img loading=\"lazy\" decoding=\"async\" width=\"150\" height=\"150\" src=\"https:\/\/novalliance.net\/espace-prive\/wp-content\/uploads\/sites\/5\/2021\/07\/logo-digital-vision-rvb-150x150.jpg\" alt=\"\" class=\"wp-image-30564\" srcset=\"https:\/\/novalliance.net\/espace-prive\/wp-content\/uploads\/sites\/5\/2021\/07\/logo-digital-vision-rvb-150x150.jpg 150w, https:\/\/novalliance.net\/espace-prive\/wp-content\/uploads\/sites\/5\/2021\/07\/logo-digital-vision-rvb-300x300.jpg 300w, https:\/\/novalliance.net\/espace-prive\/wp-content\/uploads\/sites\/5\/2021\/07\/logo-digital-vision-rvb-1024x1024.jpg 1024w, https:\/\/novalliance.net\/espace-prive\/wp-content\/uploads\/sites\/5\/2021\/07\/logo-digital-vision-rvb-768x768.jpg 768w, https:\/\/novalliance.net\/espace-prive\/wp-content\/uploads\/sites\/5\/2021\/07\/logo-digital-vision-rvb-1536x1536.jpg 1536w, https:\/\/novalliance.net\/espace-prive\/wp-content\/uploads\/sites\/5\/2021\/07\/logo-digital-vision-rvb-170x170.jpg 170w, https:\/\/novalliance.net\/espace-prive\/wp-content\/uploads\/sites\/5\/2021\/07\/logo-digital-vision-rvb-250x250.jpg 250w, https:\/\/novalliance.net\/espace-prive\/wp-content\/uploads\/sites\/5\/2021\/07\/logo-digital-vision-rvb-350x350.jpg 350w, https:\/\/novalliance.net\/espace-prive\/wp-content\/uploads\/sites\/5\/2021\/07\/logo-digital-vision-rvb-221x221.jpg 221w, https:\/\/novalliance.net\/espace-prive\/wp-content\/uploads\/sites\/5\/2021\/07\/logo-digital-vision-rvb-1320x1320.jpg 1320w, https:\/\/novalliance.net\/espace-prive\/wp-content\/uploads\/sites\/5\/2021\/07\/logo-digital-vision-rvb.jpg 1654w\" sizes=\"auto, (max-width: 150px) 100vw, 150px\" \/><\/figure>\n<\/div>\n\n\n<p>L\u2019arriv\u00e9e du digital a compl\u00e8tement transform\u00e9 la mani\u00e8re d\u2019aborder le business et les changements sont d\u00e9sormais partout autour de l\u2019entreprise. Novalliance a donc d\u00e9cid\u00e9 de prendre ce virage du num\u00e9rique en 2020 en allant encore plus loin dans sa transformation digitale pour pouvoir continuer \u00e0 cro\u00eetre tout en conservant ses acquis, ses parts de march\u00e9, \u2026 mais aussi pour pouvoir s\u2019adapter \u00e0 de nouvelles attentes. Pour parler de notre transformation num\u00e9rique, nous utilisons d\u00e9sormais le slogan \u00ab&nbsp;<strong><u>Digital Vision<\/u><\/strong>&nbsp;\u00bb.<\/p>\n\n\n\n<p><strong>Mais comment nous transformer ?<\/strong> Un plan d\u2019action est d\u00e9ploy\u00e9 depuis 2020 au niveau du Groupe.&nbsp;L\u2019objectif est de travailler cette transformation au travers de deux piliers&nbsp;: <\/p>\n\n\n\n<ul class=\"wp-block-list\">\n<li>Am\u00e9liorer l\u2019exp\u00e9rience et le parcours clients <\/li>\n\n\n\n<li>Am\u00e9liorer l\u2019exp\u00e9rience collaborateurs en interne et au service du client.&nbsp;<\/li>\n<\/ul>\n\n\n\n<p><strong><span class=\"has-inline-color has-vivid-cyan-blue-color\">Ce qu\u2019il est important de retenir, c\u2019est ce nouvel \u00e9tat d\u2019esprit \u00ab&nbsp;Digital Vision&nbsp;\u00bb qui est impuls\u00e9 au sein de Novalliance&nbsp;: comprendre les enjeux qui tournent autour du digital et vous faire prendre conscience que ce n\u2019est pas uniquement via les vari\u00e9t\u00e9s que l\u2019on se distinguera demain mais via une offre de services compl\u00e9mentaires.&nbsp;<\/span><\/strong><\/p>\n\n\n\n<h2 class=\"wp-block-heading\">Pr\u00e9sentation du comit\u00e9 digital<\/h2>\n\n\n\n<p>Novalliance a amorc\u00e9 son virage num\u00e9rique au sein du Groupe. Pour y arriver et cr\u00e9er une \u00e9mulation autour de cette th\u00e9matique, un <strong>comit\u00e9 Digital<\/strong> a \u00e9t\u00e9 constitu\u00e9. Celui-ci se r\u00e9unit une fois par trimestre, pendant 1h, autour d\u2019un ordre du jour.<\/p>\n\n\n\n<p><strong>4 mots importants guident nos r\u00e9unions&nbsp;:<\/strong><\/p>\n\n\n\n<ul class=\"wp-block-list\">\n<li>Connectivit\u00e9<\/li>\n\n\n\n<li>Innovation<\/li>\n\n\n\n<li>Automatisation<\/li>\n\n\n\n<li>Prise de d\u00e9cision<\/li>\n<\/ul>\n\n\n\n<h3 class=\"wp-block-heading\"><strong>Membres<\/strong><\/h3>\n\n\n\n<p>Le comit\u00e9 est constitu\u00e9 de plusieurs collaborateurs du Groupe ayant des profils et des m\u00e9tiers diff\u00e9rents et ayant un attrait pour le num\u00e9rique.<\/p>\n\n\n\t<div class=\"row\">\n\t\t\t\t\t<div class=\"col-lg-2 p-1\">\t\t\t\t<div class=\"membre\">\n\t\t\t\t\t\t\t\t\t\t\t\t\t\t\t\t<img decoding=\"async\" src=\"https:\/\/novalliance.net\/espace-prive\/wp-content\/uploads\/sites\/5\/2021\/05\/steven_bouffay-1-scaled-2-140x160.jpg\" alt=\"\" loading=\"lazy\">\n\t\t\t\t\t\t\t\t\t\t\t\t\t\t\t\t<p class=\"nom\">\n\t\t\t\t\t\t\tSteven BOUFFAY\t\t\t\t\t\t<\/p>\n\t\t\t\t\t\t\t\t\t\t\t\t\t\t<\/div>\n\t\t\t<\/div>\n\t\t\t\t\t<div class=\"col-lg-2 p-1\">\t\t\t\t<div class=\"membre\">\n\t\t\t\t\t\t\t\t\t\t\t\t\t\t\t\t<img decoding=\"async\" src=\"https:\/\/novalliance.net\/espace-prive\/wp-content\/uploads\/sites\/5\/2021\/05\/p1480790-140x160.jpg\" alt=\"\" loading=\"lazy\">\n\t\t\t\t\t\t\t\t\t\t\t\t\t\t\t\t<p class=\"nom\">\n\t\t\t\t\t\t\tAldo SUAREZ\t\t\t\t\t\t<\/p>\n\t\t\t\t\t\t\t\t\t\t\t\t\t\t<\/div>\n\t\t\t<\/div>\n\t\t\t\t\t<div class=\"col-lg-2 p-1\">\t\t\t\t<div class=\"membre\">\n\t\t\t\t\t\t\t\t\t\t\t\t\t\t\t\t<img decoding=\"async\" src=\"https:\/\/novalliance.net\/espace-prive\/wp-content\/uploads\/sites\/5\/2021\/05\/anne-laure-grimaud-1-140x160.jpg\" alt=\"\" loading=\"lazy\">\n\t\t\t\t\t\t\t\t\t\t\t\t\t\t\t\t<p class=\"nom\">\n\t\t\t\t\t\t\tAnne Laure GRIMAUD\t\t\t\t\t\t<\/p>\n\t\t\t\t\t\t\t\t\t\t\t\t\t\t<\/div>\n\t\t\t<\/div>\n\t\t\t\t\t<div class=\"col-lg-2 p-1\">\t\t\t\t<div class=\"membre\">\n\t\t\t\t\t\t\t\t\t\t\t\t\t\t\t\t<img decoding=\"async\" src=\"https:\/\/novalliance.net\/espace-prive\/wp-content\/uploads\/sites\/5\/2024\/02\/arnaud-140x160.jpg\" alt=\"\" loading=\"lazy\">\n\t\t\t\t\t\t\t\t\t\t\t\t\t\t\t\t<p class=\"nom\">\n\t\t\t\t\t\t\tArnaud BOCQUILLON\t\t\t\t\t\t<\/p>\n\t\t\t\t\t\t\t\t\t\t\t\t\t\t<\/div>\n\t\t\t<\/div>\n\t\t\t\t\t<div class=\"col-lg-2 p-1\">\t\t\t\t<div class=\"membre\">\n\t\t\t\t\t\t\t\t\t\t\t\t\t\t\t\t<img decoding=\"async\" src=\"https:\/\/novalliance.net\/espace-prive\/wp-content\/uploads\/sites\/5\/2022\/10\/mactar-ba-140x160.jpg\" alt=\"\" loading=\"lazy\">\n\t\t\t\t\t\t\t\t\t\t\t\t\t\t\t\t<p class=\"nom\">\n\t\t\t\t\t\t\tMactar BA\t\t\t\t\t\t<\/p>\n\t\t\t\t\t\t\t\t\t\t\t\t\t\t<\/div>\n\t\t\t<\/div>\n\t\t\t\t\t<div class=\"col-lg-2 p-1\">\t\t\t\t<div class=\"membre\">\n\t\t\t\t\t\t\t\t\t\t\t\t\t\t\t\t<img decoding=\"async\" src=\"https:\/\/novalliance.net\/espace-prive\/wp-content\/uploads\/sites\/5\/2021\/05\/tiago-140x160.jpg\" alt=\"\" loading=\"lazy\">\n\t\t\t\t\t\t\t\t\t\t\t\t\t\t\t\t<p class=\"nom\">\n\t\t\t\t\t\t\tTiago SILVA\t\t\t\t\t\t<\/p>\n\t\t\t\t\t\t\t\t\t\t\t\t\t\t<\/div>\n\t\t\t<\/div>\n\t\t\t<\/div>\n\n\n\n<p>La transformation num\u00e9rique permet de gagner en efficacit\u00e9 et d\u2019avoir un impact positif dans plusieurs domaines, comme par exemple :<\/p>\n\n\n\n<ul class=\"wp-block-list\">\n<li>Une connectivit\u00e9 avanc\u00e9e<\/li>\n\n\n\n<li>Une automatisation des t\u00e2ches manuelles<\/li>\n\n\n\n<li>Une am\u00e9lioration dans les prises de d\u00e9cision<\/li>\n\n\n\n<li>Une innovation dans les produits et services<\/li>\n<\/ul>\n\n\n\n<h3 class=\"wp-block-heading\"><strong>Missions<\/strong><\/h3>\n\n\n\n<figure class=\"wp-block-image size-large\"><img loading=\"lazy\" decoding=\"async\" width=\"1024\" height=\"724\" src=\"https:\/\/novalliance.net\/espace-prive\/wp-content\/uploads\/sites\/5\/2021\/06\/diagram-fr-digital-commitee-1024x724.jpeg\" alt=\"\" class=\"wp-image-24902\" srcset=\"https:\/\/novalliance.net\/espace-prive\/wp-content\/uploads\/sites\/5\/2021\/06\/diagram-fr-digital-commitee-1024x724.jpeg 1024w, https:\/\/novalliance.net\/espace-prive\/wp-content\/uploads\/sites\/5\/2021\/06\/diagram-fr-digital-commitee-300x212.jpeg 300w, https:\/\/novalliance.net\/espace-prive\/wp-content\/uploads\/sites\/5\/2021\/06\/diagram-fr-digital-commitee-768x543.jpeg 768w, https:\/\/novalliance.net\/espace-prive\/wp-content\/uploads\/sites\/5\/2021\/06\/diagram-fr-digital-commitee-1536x1086.jpeg 1536w, https:\/\/novalliance.net\/espace-prive\/wp-content\/uploads\/sites\/5\/2021\/06\/diagram-fr-digital-commitee-2048x1448.jpeg 2048w, https:\/\/novalliance.net\/espace-prive\/wp-content\/uploads\/sites\/5\/2021\/06\/diagram-fr-digital-commitee-170x120.jpeg 170w, https:\/\/novalliance.net\/espace-prive\/wp-content\/uploads\/sites\/5\/2021\/06\/diagram-fr-digital-commitee-1320x933.jpeg 1320w\" sizes=\"auto, (max-width: 1024px) 100vw, 1024px\" \/><\/figure>\n\n\n\n<p><strong>Les diff\u00e9rentes \u00e9tapes d\u2019une id\u00e9e \u00e9tudi\u00e9e par le comit\u00e9 digital<\/strong><\/p>\n\n\n\n<ul class=\"wp-block-list\">\n<li>Proposition d\u2019id\u00e9es par les membres du comit\u00e9 et les collaborateurs du Groupe.<\/li>\n\n\n\n<li>\u00c9changes et partages autour de ces id\u00e9es pour retenir celles qui pourraient \u00eatre d\u00e9velopp\u00e9es au sein de Novalliance.<\/li>\n\n\n\n<li>Choix de certaines id\u00e9es dont le comit\u00e9 digital est charg\u00e9 de faire l\u2019\u00e9tude du projet (cadrage, conception, r\u00e9alisation, plan d\u2019action, co\u00fbt, d\u00e9lai, etc.).<\/li>\n\n\n\n<li>Soumission, en fonction du c\u0153ur de m\u00e9tier, soit aux comit\u00e9s-m\u00e9tiers r\u00e9f\u00e9rents (Agroexcellence, Nova Industry, Novatech), soit au comit\u00e9 GRIN g\u00e9n\u00e9ral pour validation.<\/li>\n\n\n\n<li>Si validation du projet, la mise en \u0153uvre est r\u00e9alis\u00e9e par un groupe de travail avec l\u2019appui du comit\u00e9 digital.<\/li>\n<\/ul>\n\n\n\n<p><strong>Quelques exemples de r\u00e9flexions men\u00e9es<\/strong><\/p>\n\n\n\n<ul class=\"wp-block-list\">\n<li>R\u00e9alisation d\u2019un sondage \u00e0 destination des collaborateurs pour mieux comprendre leurs attentes et besoins<\/li>\n\n\n\n<li>R\u00e9flexion sur l\u2019automatisation de certaines t\u00e2ches manuelles<\/li>\n<\/ul>\n\n\n\n<p><strong>Si vous avez des id\u00e9es n\u2019h\u00e9sitez pas \u00e0 nous en faire part en \u00e9crivant \u00e0 l\u2019adresse email suivante : <\/strong><a href=\"mailto:digital@novalliance.net\"><strong>digital@novalliance.net<\/strong><\/a><\/p>\n\n\n","protected":false},"excerpt":{"rendered":"<p>Digital vision L\u2019arriv\u00e9e du digital a compl\u00e8tement transform\u00e9 la mani\u00e8re d\u2019aborder le business et les changements sont d\u00e9sormais partout autour de l\u2019entreprise. Novalliance a donc d\u00e9cid\u00e9 de prendre ce virage du num\u00e9rique en 2020 en allant encore plus loin dans sa transformation digitale pour pouvoir continuer \u00e0 cro\u00eetre tout en conservant ses acquis, ses parts [&hellip;]<\/p>\n","protected":false},"author":442,"featured_media":0,"parent":4772,"menu_order":315,"comment_status":"closed","ping_status":"closed","template":"template-content.php","meta":{"_acf_changed":false,"footnotes":""},"class_list":["post-24397","page","type-page","status-publish","hentry"],"acf":[],"_links":{"self":[{"href":"https:\/\/novalliance.net\/espace-prive\/wp-json\/wp\/v2\/pages\/24397","targetHints":{"allow":["GET"]}}],"collection":[{"href":"https:\/\/novalliance.net\/espace-prive\/wp-json\/wp\/v2\/pages"}],"about":[{"href":"https:\/\/novalliance.net\/espace-prive\/wp-json\/wp\/v2\/types\/page"}],"author":[{"embeddable":true,"href":"https:\/\/novalliance.net\/espace-prive\/wp-json\/wp\/v2\/users\/442"}],"replies":[{"embeddable":true,"href":"https:\/\/novalliance.net\/espace-prive\/wp-json\/wp\/v2\/comments?post=24397"}],"version-history":[{"count":30,"href":"https:\/\/novalliance.net\/espace-prive\/wp-json\/wp\/v2\/pages\/24397\/revisions"}],"predecessor-version":[{"id":67926,"href":"https:\/\/novalliance.net\/espace-prive\/wp-json\/wp\/v2\/pages\/24397\/revisions\/67926"}],"up":[{"embeddable":true,"href":"https:\/\/novalliance.net\/espace-prive\/wp-json\/wp\/v2\/pages\/4772"}],"wp:attachment":[{"href":"https:\/\/novalliance.net\/espace-prive\/wp-json\/wp\/v2\/media?parent=24397"}],"curies":[{"name":"wp","href":"https:\/\/api.w.org\/{rel}","templated":true}]}}