{"id":22266,"date":"2021-05-12T12:19:03","date_gmt":"2021-05-12T10:19:03","guid":{"rendered":"https:\/\/novalliance.net\/espace\/?page_id=22266"},"modified":"2021-06-22T15:10:30","modified_gmt":"2021-06-22T13:10:30","slug":"annuaire","status":"publish","type":"page","link":"https:\/\/novalliance.net\/espace-prive\/annuaire\/","title":{"rendered":"Annuaire"},"content":{"rendered":"\n<hr class=\"wp-block-separator has-text-color has-background has-white-background-color has-white-color\"\/>\n\n\n<p style=\"text-align: center;\"><strong>Ci-dessous les diff\u00e9rentes cat\u00e9gories de m\u00e9tier au sein du Groupe<\/strong><\/p>\n\n\n<hr class=\"wp-block-separator has-text-color has-background has-white-background-color has-white-color\"\/>\n\n\n\n<div class=\"wp-block-image\"><figure class=\"aligncenter size-large is-resized\"><img loading=\"lazy\" decoding=\"async\" src=\"https:\/\/novalliance.net\/espace-prive\/wp-content\/uploads\/sites\/5\/2021\/05\/schema-annuaire-fr-800x482-1.png\" alt=\"\" class=\"wp-image-22882\" width=\"617\" height=\"372\" srcset=\"https:\/\/novalliance.net\/espace-prive\/wp-content\/uploads\/sites\/5\/2021\/05\/schema-annuaire-fr-800x482-1.png 800w, https:\/\/novalliance.net\/espace-prive\/wp-content\/uploads\/sites\/5\/2021\/05\/schema-annuaire-fr-800x482-1-300x181.png 300w, https:\/\/novalliance.net\/espace-prive\/wp-content\/uploads\/sites\/5\/2021\/05\/schema-annuaire-fr-800x482-1-768x463.png 768w, https:\/\/novalliance.net\/espace-prive\/wp-content\/uploads\/sites\/5\/2021\/05\/schema-annuaire-fr-800x482-1-170x102.png 170w\" sizes=\"auto, (max-width: 617px) 100vw, 617px\" \/><\/figure><\/div>\n\n\n\n<p><\/p>\n","protected":false},"excerpt":{"rendered":"<p>Ci-dessous les diff\u00e9rentes cat\u00e9gories de m\u00e9tier au sein du Groupe<\/p>\n","protected":false},"author":1,"featured_media":0,"parent":0,"menu_order":63,"comment_status":"closed","ping_status":"closed","template":"template-annuaire.php","meta":{"_acf_changed":false,"footnotes":""},"class_list":["post-22266","page","type-page","status-publish","hentry"],"acf":[],"_links":{"self":[{"href":"https:\/\/novalliance.net\/espace-prive\/wp-json\/wp\/v2\/pages\/22266","targetHints":{"allow":["GET"]}}],"collection":[{"href":"https:\/\/novalliance.net\/espace-prive\/wp-json\/wp\/v2\/pages"}],"about":[{"href":"https:\/\/novalliance.net\/espace-prive\/wp-json\/wp\/v2\/types\/page"}],"author":[{"embeddable":true,"href":"https:\/\/novalliance.net\/espace-prive\/wp-json\/wp\/v2\/users\/1"}],"replies":[{"embeddable":true,"href":"https:\/\/novalliance.net\/espace-prive\/wp-json\/wp\/v2\/comments?post=22266"}],"version-history":[{"count":8,"href":"https:\/\/novalliance.net\/espace-prive\/wp-json\/wp\/v2\/pages\/22266\/revisions"}],"predecessor-version":[{"id":70938,"href":"https:\/\/novalliance.net\/espace-prive\/wp-json\/wp\/v2\/pages\/22266\/revisions\/70938"}],"wp:attachment":[{"href":"https:\/\/novalliance.net\/espace-prive\/wp-json\/wp\/v2\/media?parent=22266"}],"curies":[{"name":"wp","href":"https:\/\/api.w.org\/{rel}","templated":true}]}}