{"id":22240,"date":"2021-05-12T11:34:06","date_gmt":"2021-05-12T09:34:06","guid":{"rendered":"https:\/\/novalliance.net\/espace\/?page_id=22240"},"modified":"2023-06-27T15:36:00","modified_gmt":"2023-06-27T13:36:00","slug":"ressources-humaines","status":"publish","type":"page","link":"https:\/\/novalliance.net\/espace-prive\/ressources-humaines\/","title":{"rendered":"Ressources Humaines"},"content":{"rendered":"\n<hr class=\"wp-block-separator has-text-color has-white-color has-css-opacity has-white-background-color has-background\"\/>\n\n\n\n<figure class=\"wp-block-image size-large mx-0\"><img loading=\"lazy\" decoding=\"async\" width=\"1024\" height=\"371\" src=\"https:\/\/novalliance.net\/espace-prive\/wp-content\/uploads\/sites\/5\/2021\/05\/groupeentete-1024x371.jpeg\" alt=\"\" class=\"wp-image-22831\" srcset=\"https:\/\/novalliance.net\/espace-prive\/wp-content\/uploads\/sites\/5\/2021\/05\/groupeentete-1024x371.jpeg 1024w, https:\/\/novalliance.net\/espace-prive\/wp-content\/uploads\/sites\/5\/2021\/05\/groupeentete-300x109.jpeg 300w, https:\/\/novalliance.net\/espace-prive\/wp-content\/uploads\/sites\/5\/2021\/05\/groupeentete-768x279.jpeg 768w, https:\/\/novalliance.net\/espace-prive\/wp-content\/uploads\/sites\/5\/2021\/05\/groupeentete-170x62.jpeg 170w, https:\/\/novalliance.net\/espace-prive\/wp-content\/uploads\/sites\/5\/2021\/05\/groupeentete.jpeg 1122w\" sizes=\"auto, (max-width: 1024px) 100vw, 1024px\" \/><\/figure>\n\n\n\n<div class=\"wp-block-columns is-layout-flex wp-container-core-columns-is-layout-9d6595d7 wp-block-columns-is-layout-flex\">\n<div class=\"wp-block-column grey_rh is-layout-flow wp-block-column-is-layout-flow\"><div class=\"wp-block-image\">\n<figure class=\"aligncenter size-large\"><a href=\"https:\/\/novalliance.net\/espace-prive\/ressources-humaines\/les-steps\/\"><img decoding=\"async\" src=\"https:\/\/novalliance.net\/espace-prive\/wp-content\/uploads\/sites\/5\/2021\/05\/steps.svg\" alt=\"\" class=\"wp-image-22807\"\/><\/a><\/figure>\n<\/div>\n\n\n<p class=\"has-text-align-center\"><a href=\"https:\/\/novalliance.net\/espace-prive\/ressources-humaines\/les-steps\/\" class=\"rank-math-link\">Les STEPS<\/a><\/p>\n<\/div>\n\n\n\n<div class=\"wp-block-column grey_rh is-layout-flow wp-block-column-is-layout-flow\"><div class=\"wp-block-image\">\n<figure class=\"aligncenter size-large\"><a href=\"https:\/\/novalliance.net\/espace-prive\/ressources-humaines\/formation\/\"><img decoding=\"async\" src=\"https:\/\/novalliance.net\/espace-prive\/wp-content\/uploads\/sites\/5\/2021\/05\/formation.svg\" alt=\"\" class=\"wp-image-22812\"\/><\/a><\/figure>\n<\/div>\n\n\n<p class=\"has-text-align-center\"><a href=\"https:\/\/novalliance.net\/espace-prive\/ressources-humaines\/formation\/\" class=\"rank-math-link\">Formation<\/a><\/p>\n<\/div>\n\n\n\n<div class=\"wp-block-column grey_rh is-layout-flow wp-block-column-is-layout-flow\"><div class=\"wp-block-image\">\n<figure class=\"aligncenter size-large\"><a href=\"https:\/\/novalliance.net\/espace-prive\/ressources-humaines\/mobilite-interne\/\"><img decoding=\"async\" src=\"https:\/\/novalliance.net\/espace-prive\/wp-content\/uploads\/sites\/5\/2021\/05\/mobilit_interne.svg\" alt=\"\" class=\"wp-image-22822\"\/><\/a><\/figure>\n<\/div>\n\n\n<p class=\"has-text-align-center\"><a href=\"https:\/\/novalliance.net\/espace-prive\/ressources-humaines\/mobilite-interne\/\" class=\"rank-math-link\">Mobilit\u00e9 interne<\/a><\/p>\n<\/div>\n\n\n\n<div class=\"wp-block-column grey_rh is-layout-flow wp-block-column-is-layout-flow\"><div class=\"wp-block-image\">\n<figure class=\"aligncenter size-large is-resized\"><a href=\"https:\/\/novalliance.net\/espace-prive\/ressources-humaines\/acces-managers\/\"><img loading=\"lazy\" decoding=\"async\" src=\"https:\/\/novalliance.net\/espace-prive\/wp-content\/uploads\/sites\/5\/2021\/05\/acces_manager.svg\" alt=\"\" class=\"wp-image-22817\" width=\"145\" height=\"75\"\/><\/a><\/figure>\n<\/div>\n\n\n<p class=\"has-text-align-center\"><a href=\"https:\/\/novalliance.net\/espace-prive\/ressources-humaines\/acces-managers\/\" class=\"rank-math-link\">Acc\u00e8s managers<\/a><\/p>\n<\/div>\n<\/div>\n\n\n<p>Notre politique RH doit nous permettre de vous faire \u00e9voluer ainsi que tous les collaborateurs qui vont nous rejoindre dans les ann\u00e9es \u00e0 venir. Nous sommes dans une phase de croissance, nous avons mis en place une strat\u00e9gie qui doit nous permettre d\u2019atteindre des objectifs ambitieux en 2025. Ainsi, nous serons peut \u00eatre 1000 collaborateurs en 2025, l\u00e0 o\u00f9 nous sommes 728 en 2022. L\u2019organisation que nous mettons en place aujourd\u2019hui doit pouvoir porter un tel effectif.<\/p>\n<div class=\"bloc_bleu_clair\">\n<p><strong>Nos valeurs sont des credos RH <\/strong><\/p>\n<\/div>\n<p><img loading=\"lazy\" decoding=\"async\" class=\"alignnone wp-image-997 size-full\" src=\"http:\/\/www.novalliance.net\/wp-content\/uploads\/2017\/04\/picto_innovation.png\" alt=\"\" width=\"59\" height=\"59\" \/>\u00a0<span style=\"font-size: 18pt;\"><strong><span class=\"texte_bleu\">L&rsquo;INNOVATION<\/span><\/strong><\/span><\/p>\n<p>Vous savez que l\u2019innovation est au c\u0153ur du d\u00e9veloppement de notre recherche vari\u00e9tale\u00a0: nous sommes pr\u00eats \u00e0 la d\u00e9cliner dans l\u2019ensemble de nos m\u00e9tiers. La fonction RH est invit\u00e9e \u00e0 innover, tenter des modes d\u2019organisation <em>ad hoc<\/em> et adapt\u00e9s. Nous sommes une PME \u00e0 taille humaine agile. Nous croyons que si nous donnons la parole \u00e0 nos collaborateurs cela sera source d\u2019\u00e9panouissement personnel, d\u2019\u00e9mulation et de cr\u00e9ation de valeurs.<\/p>\n<p><img loading=\"lazy\" decoding=\"async\" class=\"alignnone wp-image-998 size-full\" src=\"http:\/\/www.novalliance.net\/wp-content\/uploads\/2017\/04\/picto_respect.png\" alt=\"\" width=\"59\" height=\"59\" \/>\u00a0<span style=\"font-size: 18pt;\"><strong><span class=\"texte_bleu\">LE RESPECT MUTUEL<\/span><\/strong><\/span><\/p>\n<p>Le respect est au centre de notre travail. Il est notre premi\u00e8re valeur et se d\u00e9cline\u00a0avec toutes les personnes de notre \u00e9cosyst\u00e8me. \u00a0Nous pouvons nous dire beaucoup de choses et m\u00eame conna\u00eetre des d\u00e9saccords structurants. Cependant, dans la forme, nous tenons \u00e0 une courtoisie assum\u00e9e comme telle. Le respect c\u2019est \u00e9galement le respect de la nature et de l\u2019environnement.<\/p>\n<p><strong>Notre marque de fabrique\u00a0: Vous osez, nous vous d\u00e9l\u00e9guons des responsabilit\u00e9s\u00a0!<\/strong><\/p>\n<div class=\"bloc_bleu_clair\">\n<p><strong>Vous voulez des preuves\u00a0? <\/strong><\/p>\n<p>En 2016, nous avons mis en place les innovations suivantes\u00a0afin de vous permettre d\u2019influer sur nos politiques :<\/p>\n<ul>\n<li>Une gouvernance (3 organes ex\u00e9cutifs) qui comprend une mixit\u00e9 de d\u00e9cisionnaires allant d\u2019un panel d\u2019\u00e2ge vari\u00e9\u00a0: de 25 \u00e0 63 ans\u00a0! Nous croyons en la diversit\u00e9 des exp\u00e9riences et des \u00e2ges et en leur compl\u00e9mentarit\u00e9. Nous croyons que \u00ab\u00a0<em>le talent n\u2019attend pas le nombre des ann\u00e9es <\/em>\u00bb.<\/li>\n<li>Tout collaborateur du Groupe peut interpeller les comit\u00e9s ou se proposer pour travailler sur un projet \u00ab\u00a0Task force\u00a0\u00bb.<\/li>\n<\/ul>\n<\/div>","protected":false},"excerpt":{"rendered":"<p>Les STEPS Formation Mobilit\u00e9 interne Acc\u00e8s managers Notre politique RH doit nous permettre de vous faire \u00e9voluer ainsi que tous les collaborateurs qui vont nous rejoindre dans les ann\u00e9es \u00e0 venir. Nous sommes dans une phase de croissance, nous avons mis en place une strat\u00e9gie qui doit nous permettre d\u2019atteindre des objectifs ambitieux en 2025. [&hellip;]<\/p>\n","protected":false},"author":1,"featured_media":0,"parent":0,"menu_order":71,"comment_status":"closed","ping_status":"closed","template":"template-content.php","meta":{"_acf_changed":false,"footnotes":""},"class_list":["post-22240","page","type-page","status-publish","hentry"],"acf":[],"_links":{"self":[{"href":"https:\/\/novalliance.net\/espace-prive\/wp-json\/wp\/v2\/pages\/22240","targetHints":{"allow":["GET"]}}],"collection":[{"href":"https:\/\/novalliance.net\/espace-prive\/wp-json\/wp\/v2\/pages"}],"about":[{"href":"https:\/\/novalliance.net\/espace-prive\/wp-json\/wp\/v2\/types\/page"}],"author":[{"embeddable":true,"href":"https:\/\/novalliance.net\/espace-prive\/wp-json\/wp\/v2\/users\/1"}],"replies":[{"embeddable":true,"href":"https:\/\/novalliance.net\/espace-prive\/wp-json\/wp\/v2\/comments?post=22240"}],"version-history":[{"count":10,"href":"https:\/\/novalliance.net\/espace-prive\/wp-json\/wp\/v2\/pages\/22240\/revisions"}],"predecessor-version":[{"id":46127,"href":"https:\/\/novalliance.net\/espace-prive\/wp-json\/wp\/v2\/pages\/22240\/revisions\/46127"}],"wp:attachment":[{"href":"https:\/\/novalliance.net\/espace-prive\/wp-json\/wp\/v2\/media?parent=22240"}],"curies":[{"name":"wp","href":"https:\/\/api.w.org\/{rel}","templated":true}]}}