{"id":22133,"date":"2021-05-12T10:04:04","date_gmt":"2021-05-12T08:04:04","guid":{"rendered":"https:\/\/novalliance.net\/espace\/?page_id=22133"},"modified":"2023-01-02T13:40:57","modified_gmt":"2023-01-02T12:40:57","slug":"calendrier","status":"publish","type":"page","link":"https:\/\/novalliance.net\/espace-prive\/vie-de-groupe\/calendrier\/","title":{"rendered":"Calendrier"},"content":{"rendered":"\n<p>Vous pouvez retrouver ci-dessous les diff\u00e9rents \u00e9v\u00e9nements organis\u00e9s par chaque entreprise du groupe Novalliance (journ\u00e9es portes ouvertes, Field Day, r\u00e9unions groupes comme les RM, BMM, RR, etc.). Si vous avez connaissance d&rsquo;un \u00e9v\u00e9nement et que vous ne le voyez pas, vous pouvez le cr\u00e9er en cliquant sur le bouton pr\u00e9vu \u00e0 cet effet.<\/p>\n","protected":false},"excerpt":{"rendered":"<p>Vous pouvez retrouver ci-dessous les diff\u00e9rents \u00e9v\u00e9nements organis\u00e9s par chaque entreprise du groupe Novalliance (journ\u00e9es portes ouvertes, Field Day, r\u00e9unions groupes comme les RM, BMM, RR, etc.). Si vous avez connaissance d&rsquo;un \u00e9v\u00e9nement et que vous ne le voyez pas, vous pouvez le cr\u00e9er en cliquant sur le bouton pr\u00e9vu \u00e0 cet effet.<\/p>\n","protected":false},"author":1,"featured_media":0,"parent":4772,"menu_order":311,"comment_status":"closed","ping_status":"closed","template":"template-evenements.php","meta":{"_acf_changed":false,"footnotes":""},"class_list":["post-22133","page","type-page","status-publish","hentry"],"acf":[],"_links":{"self":[{"href":"https:\/\/novalliance.net\/espace-prive\/wp-json\/wp\/v2\/pages\/22133","targetHints":{"allow":["GET"]}}],"collection":[{"href":"https:\/\/novalliance.net\/espace-prive\/wp-json\/wp\/v2\/pages"}],"about":[{"href":"https:\/\/novalliance.net\/espace-prive\/wp-json\/wp\/v2\/types\/page"}],"author":[{"embeddable":true,"href":"https:\/\/novalliance.net\/espace-prive\/wp-json\/wp\/v2\/users\/1"}],"replies":[{"embeddable":true,"href":"https:\/\/novalliance.net\/espace-prive\/wp-json\/wp\/v2\/comments?post=22133"}],"version-history":[{"count":9,"href":"https:\/\/novalliance.net\/espace-prive\/wp-json\/wp\/v2\/pages\/22133\/revisions"}],"predecessor-version":[{"id":27311,"href":"https:\/\/novalliance.net\/espace-prive\/wp-json\/wp\/v2\/pages\/22133\/revisions\/27311"}],"up":[{"embeddable":true,"href":"https:\/\/novalliance.net\/espace-prive\/wp-json\/wp\/v2\/pages\/4772"}],"wp:attachment":[{"href":"https:\/\/novalliance.net\/espace-prive\/wp-json\/wp\/v2\/media?parent=22133"}],"curies":[{"name":"wp","href":"https:\/\/api.w.org\/{rel}","templated":true}]}}