{"id":22131,"date":"2021-05-12T10:03:37","date_gmt":"2021-05-12T08:03:37","guid":{"rendered":"https:\/\/novalliance.net\/espace\/?page_id=22131"},"modified":"2026-01-30T10:23:00","modified_gmt":"2026-01-30T09:23:00","slug":"gouvernance","status":"publish","type":"page","link":"https:\/\/novalliance.net\/espace-prive\/vie-de-groupe\/gouvernance\/","title":{"rendered":"Gouvernance"},"content":{"rendered":"<div class=\"wp-block-image is-resized\">\n<figure class=\"aligncenter size-full\"><img loading=\"lazy\" decoding=\"async\" width=\"1413\" height=\"875\" src=\"https:\/\/novalliance.net\/espace-prive\/wp-content\/uploads\/sites\/5\/2024\/07\/strategie-2030-schema-plaquette-1-1.png\" alt=\"\" class=\"wp-image-60407\" style=\"width:623px;height:auto\" srcset=\"https:\/\/novalliance.net\/espace-prive\/wp-content\/uploads\/sites\/5\/2024\/07\/strategie-2030-schema-plaquette-1-1.png 1413w, https:\/\/novalliance.net\/espace-prive\/wp-content\/uploads\/sites\/5\/2024\/07\/strategie-2030-schema-plaquette-1-1-300x186.png 300w, https:\/\/novalliance.net\/espace-prive\/wp-content\/uploads\/sites\/5\/2024\/07\/strategie-2030-schema-plaquette-1-1-1024x634.png 1024w, https:\/\/novalliance.net\/espace-prive\/wp-content\/uploads\/sites\/5\/2024\/07\/strategie-2030-schema-plaquette-1-1-768x476.png 768w, https:\/\/novalliance.net\/espace-prive\/wp-content\/uploads\/sites\/5\/2024\/07\/strategie-2030-schema-plaquette-1-1-170x105.png 170w, https:\/\/novalliance.net\/espace-prive\/wp-content\/uploads\/sites\/5\/2024\/07\/strategie-2030-schema-plaquette-1-1-1320x817.png 1320w\" sizes=\"auto, (max-width: 1413px) 100vw, 1413px\" \/><\/figure>\n<\/div>\n\n\n<div class=\"wp-block-columns is-layout-flex wp-container-core-columns-is-layout-9d6595d7 wp-block-columns-is-layout-flex\">\n<div class=\"wp-block-column is-layout-flow wp-block-column-is-layout-flow\">\n<h1 class=\"wp-block-heading\">Le CODIR et les 3 comit\u00e9s<\/h1>\n\n\n\n<p><strong>Pour 2030, 2 objectifs ont \u00e9t\u00e9 \u00e9tablis. Pour les atteindre, le CODIR (comit\u00e9 de direction) et les 3 comit\u00e9s travaillent en lien direct.<\/strong><\/p>\n\n\n\n<h3 class=\"wp-block-heading\">Le CODIR<\/h3>\n\n\n\n<p>Comit\u00e9 de direction Groupe, compos\u00e9 des STEPS 3 et 4 du groupe Novalliance et des pr\u00e9sidents\/pr\u00e9sidentes des 3 comit\u00e9s m\u00e9tiers.<\/p>\n<\/div>\n<\/div>\n\n\n\n<div class=\"wp-block-columns is-layout-flex wp-container-core-columns-is-layout-9d6595d7 wp-block-columns-is-layout-flex\">\n<div class=\"wp-block-column is-layout-flow wp-block-column-is-layout-flow\">\n<figure class=\"wp-block-image size-medium is-resized\"><img loading=\"lazy\" decoding=\"async\" width=\"300\" height=\"300\" src=\"https:\/\/novalliance.net\/espace-prive\/wp-content\/uploads\/sites\/5\/2024\/06\/ronan-gorin-300x300.jpg\" alt=\"\" class=\"wp-image-60143\" style=\"width:150px\" srcset=\"https:\/\/novalliance.net\/espace-prive\/wp-content\/uploads\/sites\/5\/2024\/06\/ronan-gorin-300x300.jpg 300w, https:\/\/novalliance.net\/espace-prive\/wp-content\/uploads\/sites\/5\/2024\/06\/ronan-gorin-1024x1024.jpg 1024w, https:\/\/novalliance.net\/espace-prive\/wp-content\/uploads\/sites\/5\/2024\/06\/ronan-gorin-150x150.jpg 150w, https:\/\/novalliance.net\/espace-prive\/wp-content\/uploads\/sites\/5\/2024\/06\/ronan-gorin-768x768.jpg 768w, https:\/\/novalliance.net\/espace-prive\/wp-content\/uploads\/sites\/5\/2024\/06\/ronan-gorin-170x170.jpg 170w, https:\/\/novalliance.net\/espace-prive\/wp-content\/uploads\/sites\/5\/2024\/06\/ronan-gorin-250x250.jpg 250w, https:\/\/novalliance.net\/espace-prive\/wp-content\/uploads\/sites\/5\/2024\/06\/ronan-gorin-350x350.jpg 350w, https:\/\/novalliance.net\/espace-prive\/wp-content\/uploads\/sites\/5\/2024\/06\/ronan-gorin-221x221.jpg 221w, https:\/\/novalliance.net\/espace-prive\/wp-content\/uploads\/sites\/5\/2024\/06\/ronan-gorin.jpg 1134w\" sizes=\"auto, (max-width: 300px) 100vw, 300px\" \/><figcaption class=\"wp-element-caption\"><strong>Ronan GORIN<\/strong><br>Pr\u00e9sident <br><em>Novalliance SAS<\/em><br>STEPS 3<\/figcaption><\/figure>\n<\/div>\n\n\n\n<div class=\"wp-block-column is-layout-flow wp-block-column-is-layout-flow\">\n<figure class=\"wp-block-image size-medium is-resized\"><img loading=\"lazy\" decoding=\"async\" width=\"2560\" height=\"2560\" src=\"https:\/\/novalliance.net\/espace-prive\/wp-content\/uploads\/sites\/5\/2024\/06\/microsoftteams-image-38-edited-scaled.jpg\" alt=\"\" class=\"wp-image-59836\" style=\"width:150px\" srcset=\"https:\/\/novalliance.net\/espace-prive\/wp-content\/uploads\/sites\/5\/2024\/06\/microsoftteams-image-38-edited-scaled.jpg 2560w, https:\/\/novalliance.net\/espace-prive\/wp-content\/uploads\/sites\/5\/2024\/06\/microsoftteams-image-38-edited-300x300.jpg 300w, https:\/\/novalliance.net\/espace-prive\/wp-content\/uploads\/sites\/5\/2024\/06\/microsoftteams-image-38-edited-1024x1024.jpg 1024w, https:\/\/novalliance.net\/espace-prive\/wp-content\/uploads\/sites\/5\/2024\/06\/microsoftteams-image-38-edited-150x150.jpg 150w, https:\/\/novalliance.net\/espace-prive\/wp-content\/uploads\/sites\/5\/2024\/06\/microsoftteams-image-38-edited-768x768.jpg 768w, https:\/\/novalliance.net\/espace-prive\/wp-content\/uploads\/sites\/5\/2024\/06\/microsoftteams-image-38-edited-1536x1536.jpg 1536w, https:\/\/novalliance.net\/espace-prive\/wp-content\/uploads\/sites\/5\/2024\/06\/microsoftteams-image-38-edited-2048x2048.jpg 2048w, https:\/\/novalliance.net\/espace-prive\/wp-content\/uploads\/sites\/5\/2024\/06\/microsoftteams-image-38-edited-170x170.jpg 170w, https:\/\/novalliance.net\/espace-prive\/wp-content\/uploads\/sites\/5\/2024\/06\/microsoftteams-image-38-edited-250x250.jpg 250w, https:\/\/novalliance.net\/espace-prive\/wp-content\/uploads\/sites\/5\/2024\/06\/microsoftteams-image-38-edited-350x350.jpg 350w, https:\/\/novalliance.net\/espace-prive\/wp-content\/uploads\/sites\/5\/2024\/06\/microsoftteams-image-38-edited-221x221.jpg 221w, https:\/\/novalliance.net\/espace-prive\/wp-content\/uploads\/sites\/5\/2024\/06\/microsoftteams-image-38-edited-1320x1320.jpg 1320w\" sizes=\"auto, (max-width: 2560px) 100vw, 2560px\" \/><figcaption class=\"wp-element-caption\"><strong>Amadou SARR<\/strong><br>VP et PDG de Novalliance<br><em>Novalliance SAS<\/em><br>STEPS 3<\/figcaption><\/figure>\n<\/div>\n\n\n\n<div class=\"wp-block-column is-layout-flow wp-block-column-is-layout-flow\">\n<figure class=\"wp-block-image size-medium is-resized\"><img loading=\"lazy\" decoding=\"async\" width=\"300\" height=\"300\" src=\"https:\/\/novalliance.net\/espace-prive\/wp-content\/uploads\/sites\/5\/2022\/03\/gilles-fournier-edited-1-300x300.png\" alt=\"\" class=\"wp-image-37115\" style=\"width:150px\" srcset=\"https:\/\/novalliance.net\/espace-prive\/wp-content\/uploads\/sites\/5\/2022\/03\/gilles-fournier-edited-1-300x300.png 300w, https:\/\/novalliance.net\/espace-prive\/wp-content\/uploads\/sites\/5\/2022\/03\/gilles-fournier-edited-1-1024x1019.png 1024w, https:\/\/novalliance.net\/espace-prive\/wp-content\/uploads\/sites\/5\/2022\/03\/gilles-fournier-edited-1-150x150.png 150w, https:\/\/novalliance.net\/espace-prive\/wp-content\/uploads\/sites\/5\/2022\/03\/gilles-fournier-edited-1-170x170.png 170w, https:\/\/novalliance.net\/espace-prive\/wp-content\/uploads\/sites\/5\/2022\/03\/gilles-fournier-edited-1-250x250.png 250w, https:\/\/novalliance.net\/espace-prive\/wp-content\/uploads\/sites\/5\/2022\/03\/gilles-fournier-edited-1-350x350.png 350w, https:\/\/novalliance.net\/espace-prive\/wp-content\/uploads\/sites\/5\/2022\/03\/gilles-fournier-edited-1-221x221.png 221w, https:\/\/novalliance.net\/espace-prive\/wp-content\/uploads\/sites\/5\/2022\/03\/gilles-fournier-edited-1.png 1316w\" sizes=\"auto, (max-width: 300px) 100vw, 300px\" \/><figcaption class=\"wp-element-caption\"><strong>Gilles FOURNIER<\/strong> <br>DAF Groupe<br><em>Novalliance SAS<\/em><br>STEPS 4<\/figcaption><\/figure>\n<\/div>\n\n\n\n<div class=\"wp-block-column is-layout-flow wp-block-column-is-layout-flow\">\n<figure class=\"wp-block-image size-medium is-resized\"><img loading=\"lazy\" decoding=\"async\" width=\"2560\" height=\"2560\" src=\"https:\/\/novalliance.net\/espace-prive\/wp-content\/uploads\/sites\/5\/2024\/06\/nathalie-1-edited-scaled.jpg\" alt=\"\" class=\"wp-image-59702\" style=\"width:150px\" srcset=\"https:\/\/novalliance.net\/espace-prive\/wp-content\/uploads\/sites\/5\/2024\/06\/nathalie-1-edited-scaled.jpg 2560w, https:\/\/novalliance.net\/espace-prive\/wp-content\/uploads\/sites\/5\/2024\/06\/nathalie-1-edited-300x300.jpg 300w, https:\/\/novalliance.net\/espace-prive\/wp-content\/uploads\/sites\/5\/2024\/06\/nathalie-1-edited-1024x1024.jpg 1024w, https:\/\/novalliance.net\/espace-prive\/wp-content\/uploads\/sites\/5\/2024\/06\/nathalie-1-edited-150x150.jpg 150w, https:\/\/novalliance.net\/espace-prive\/wp-content\/uploads\/sites\/5\/2024\/06\/nathalie-1-edited-768x768.jpg 768w, https:\/\/novalliance.net\/espace-prive\/wp-content\/uploads\/sites\/5\/2024\/06\/nathalie-1-edited-1536x1536.jpg 1536w, https:\/\/novalliance.net\/espace-prive\/wp-content\/uploads\/sites\/5\/2024\/06\/nathalie-1-edited-2048x2048.jpg 2048w, https:\/\/novalliance.net\/espace-prive\/wp-content\/uploads\/sites\/5\/2024\/06\/nathalie-1-edited-170x170.jpg 170w, https:\/\/novalliance.net\/espace-prive\/wp-content\/uploads\/sites\/5\/2024\/06\/nathalie-1-edited-250x250.jpg 250w, https:\/\/novalliance.net\/espace-prive\/wp-content\/uploads\/sites\/5\/2024\/06\/nathalie-1-edited-350x350.jpg 350w, https:\/\/novalliance.net\/espace-prive\/wp-content\/uploads\/sites\/5\/2024\/06\/nathalie-1-edited-221x221.jpg 221w, https:\/\/novalliance.net\/espace-prive\/wp-content\/uploads\/sites\/5\/2024\/06\/nathalie-1-edited-1320x1320.jpg 1320w\" sizes=\"auto, (max-width: 2560px) 100vw, 2560px\" \/><figcaption class=\"wp-element-caption\"><strong>Nathalie ISSORAT<\/strong><br>Directrice des r\u00e9seaux de distribution \/ Pr\u00e9sidente Agroexcellence<br><em>Novalliance SAS<\/em>, <br>STEPS 4<\/figcaption><\/figure>\n<\/div>\n<\/div>\n\n\n\n<div class=\"wp-block-columns is-layout-flex wp-container-core-columns-is-layout-9d6595d7 wp-block-columns-is-layout-flex\">\n<div class=\"wp-block-column is-layout-flow wp-block-column-is-layout-flow\">\n<figure class=\"wp-block-image size-medium is-resized\"><img loading=\"lazy\" decoding=\"async\" width=\"300\" height=\"300\" src=\"http:\/\/novalliance.net\/espace-prive\/wp-content\/uploads\/sites\/5\/2025\/02\/caroline-neveu-bonnet-300x300.jpg\" alt=\"\" class=\"wp-image-65525\" style=\"width:150px\" srcset=\"https:\/\/novalliance.net\/espace-prive\/wp-content\/uploads\/sites\/5\/2025\/02\/caroline-neveu-bonnet-300x300.jpg 300w, https:\/\/novalliance.net\/espace-prive\/wp-content\/uploads\/sites\/5\/2025\/02\/caroline-neveu-bonnet-1024x1024.jpg 1024w, https:\/\/novalliance.net\/espace-prive\/wp-content\/uploads\/sites\/5\/2025\/02\/caroline-neveu-bonnet-150x150.jpg 150w, https:\/\/novalliance.net\/espace-prive\/wp-content\/uploads\/sites\/5\/2025\/02\/caroline-neveu-bonnet-768x768.jpg 768w, https:\/\/novalliance.net\/espace-prive\/wp-content\/uploads\/sites\/5\/2025\/02\/caroline-neveu-bonnet-1536x1536.jpg 1536w, https:\/\/novalliance.net\/espace-prive\/wp-content\/uploads\/sites\/5\/2025\/02\/caroline-neveu-bonnet-2048x2048.jpg 2048w, https:\/\/novalliance.net\/espace-prive\/wp-content\/uploads\/sites\/5\/2025\/02\/caroline-neveu-bonnet-170x170.jpg 170w, https:\/\/novalliance.net\/espace-prive\/wp-content\/uploads\/sites\/5\/2025\/02\/caroline-neveu-bonnet-250x250.jpg 250w, https:\/\/novalliance.net\/espace-prive\/wp-content\/uploads\/sites\/5\/2025\/02\/caroline-neveu-bonnet-350x350.jpg 350w, https:\/\/novalliance.net\/espace-prive\/wp-content\/uploads\/sites\/5\/2025\/02\/caroline-neveu-bonnet-221x221.jpg 221w, https:\/\/novalliance.net\/espace-prive\/wp-content\/uploads\/sites\/5\/2025\/02\/caroline-neveu-bonnet-1320x1320.jpg 1320w\" sizes=\"auto, (max-width: 300px) 100vw, 300px\" \/><figcaption class=\"wp-element-caption\"><strong>Caroline NEVEU-BONNET<\/strong><br>Directrice adjointe de TECHNISEM \/ Directrice commerciale Groupe<br><em>Technisem<\/em><br>STEPS 4<\/figcaption><\/figure>\n<\/div>\n\n\n\n<div class=\"wp-block-column is-layout-flow wp-block-column-is-layout-flow\">\n<figure class=\"wp-block-image size-medium is-resized\"><img loading=\"lazy\" decoding=\"async\" width=\"300\" height=\"300\" src=\"https:\/\/novalliance.net\/espace-prive\/wp-content\/uploads\/sites\/5\/2021\/05\/melanie-300x300.jpg\" alt=\"\" class=\"wp-image-69168\" style=\"width:150px\" srcset=\"https:\/\/novalliance.net\/espace-prive\/wp-content\/uploads\/sites\/5\/2021\/05\/melanie-300x300.jpg 300w, https:\/\/novalliance.net\/espace-prive\/wp-content\/uploads\/sites\/5\/2021\/05\/melanie-1024x1024.jpg 1024w, https:\/\/novalliance.net\/espace-prive\/wp-content\/uploads\/sites\/5\/2021\/05\/melanie-150x150.jpg 150w, https:\/\/novalliance.net\/espace-prive\/wp-content\/uploads\/sites\/5\/2021\/05\/melanie-768x768.jpg 768w, https:\/\/novalliance.net\/espace-prive\/wp-content\/uploads\/sites\/5\/2021\/05\/melanie-1536x1536.jpg 1536w, https:\/\/novalliance.net\/espace-prive\/wp-content\/uploads\/sites\/5\/2021\/05\/melanie-2048x2048.jpg 2048w, https:\/\/novalliance.net\/espace-prive\/wp-content\/uploads\/sites\/5\/2021\/05\/melanie-170x170.jpg 170w, https:\/\/novalliance.net\/espace-prive\/wp-content\/uploads\/sites\/5\/2021\/05\/melanie-250x250.jpg 250w, https:\/\/novalliance.net\/espace-prive\/wp-content\/uploads\/sites\/5\/2021\/05\/melanie-350x350.jpg 350w, https:\/\/novalliance.net\/espace-prive\/wp-content\/uploads\/sites\/5\/2021\/05\/melanie-221x221.jpg 221w, https:\/\/novalliance.net\/espace-prive\/wp-content\/uploads\/sites\/5\/2021\/05\/melanie-1320x1320.jpg 1320w\" sizes=\"auto, (max-width: 300px) 100vw, 300px\" \/><figcaption class=\"wp-element-caption\"><strong>M\u00e9lanie CHICHERY<\/strong><br>DG TECHNISEM \/ Directrice Marketing Semences Potag\u00e8res Groupe \/ Pr\u00e9sidente Nova Industry<br><em>Technisem<\/em><br>STEPS 4<\/figcaption><\/figure>\n<\/div>\n\n\n\n<div class=\"wp-block-column is-layout-flow wp-block-column-is-layout-flow\">\n<figure class=\"wp-block-image size-medium is-resized\"><img loading=\"lazy\" decoding=\"async\" width=\"300\" height=\"300\" src=\"http:\/\/novalliance.net\/espace-prive\/wp-content\/uploads\/sites\/5\/2024\/06\/microsoftteams-image-37-300x300.jpg\" alt=\"\" class=\"wp-image-59830\" style=\"width:150px\" srcset=\"https:\/\/novalliance.net\/espace-prive\/wp-content\/uploads\/sites\/5\/2024\/06\/microsoftteams-image-37-300x300.jpg 300w, https:\/\/novalliance.net\/espace-prive\/wp-content\/uploads\/sites\/5\/2024\/06\/microsoftteams-image-37-1024x1024.jpg 1024w, https:\/\/novalliance.net\/espace-prive\/wp-content\/uploads\/sites\/5\/2024\/06\/microsoftteams-image-37-150x150.jpg 150w, https:\/\/novalliance.net\/espace-prive\/wp-content\/uploads\/sites\/5\/2024\/06\/microsoftteams-image-37-768x768.jpg 768w, https:\/\/novalliance.net\/espace-prive\/wp-content\/uploads\/sites\/5\/2024\/06\/microsoftteams-image-37-1536x1536.jpg 1536w, https:\/\/novalliance.net\/espace-prive\/wp-content\/uploads\/sites\/5\/2024\/06\/microsoftteams-image-37-2048x2048.jpg 2048w, https:\/\/novalliance.net\/espace-prive\/wp-content\/uploads\/sites\/5\/2024\/06\/microsoftteams-image-37-170x170.jpg 170w, https:\/\/novalliance.net\/espace-prive\/wp-content\/uploads\/sites\/5\/2024\/06\/microsoftteams-image-37-250x250.jpg 250w, https:\/\/novalliance.net\/espace-prive\/wp-content\/uploads\/sites\/5\/2024\/06\/microsoftteams-image-37-350x350.jpg 350w, https:\/\/novalliance.net\/espace-prive\/wp-content\/uploads\/sites\/5\/2024\/06\/microsoftteams-image-37-221x221.jpg 221w, https:\/\/novalliance.net\/espace-prive\/wp-content\/uploads\/sites\/5\/2024\/06\/microsoftteams-image-37-1320x1320.jpg 1320w\" sizes=\"auto, (max-width: 300px) 100vw, 300px\" \/><figcaption class=\"wp-element-caption\"><strong>Florine POIROUX<\/strong><br>Directrice recherche et Stations Groupe \/ Pr\u00e9sidente Novatech<br><em>Nova Genetic<\/em><br>STEPS 4<\/figcaption><\/figure>\n<\/div>\n\n\n\n<div class=\"wp-block-column is-layout-flow wp-block-column-is-layout-flow\">\n<figure class=\"wp-block-image size-full is-resized\"><img loading=\"lazy\" decoding=\"async\" width=\"633\" height=\"640\" src=\"https:\/\/novalliance.net\/espace-prive\/wp-content\/uploads\/sites\/5\/2025\/05\/nicolas-leca-moyenne.jpeg\" alt=\"\" class=\"wp-image-67623\" style=\"aspect-ratio:0.9890510948905109;width:147px;height:auto\" srcset=\"https:\/\/novalliance.net\/espace-prive\/wp-content\/uploads\/sites\/5\/2025\/05\/nicolas-leca-moyenne.jpeg 633w, https:\/\/novalliance.net\/espace-prive\/wp-content\/uploads\/sites\/5\/2025\/05\/nicolas-leca-moyenne-297x300.jpeg 297w, https:\/\/novalliance.net\/espace-prive\/wp-content\/uploads\/sites\/5\/2025\/05\/nicolas-leca-moyenne-168x170.jpeg 168w, https:\/\/novalliance.net\/espace-prive\/wp-content\/uploads\/sites\/5\/2025\/05\/nicolas-leca-moyenne-361x366.jpeg 361w\" sizes=\"auto, (max-width: 633px) 100vw, 633px\" \/><\/figure>\n\n\n\n<p><strong>Nicolas LECA<\/strong> <br>Directeur juridique, conformit\u00e9 et immobilier<br><em>Novalliance SAS<\/em><br>STEPS 4<\/p>\n<\/div>\n<\/div>\n\n\n\n<h3 class=\"wp-block-heading\">Vocation d\u2019un comit\u00e9<\/h3>\n\n\n\n<p>Un comit\u00e9 est un lieu d\u2019\u00e9change et de partage pour arbitrer et prendre les d\u00e9cisions. Il coordonne et applique la strat\u00e9gie d\u00e9finie par le CODIR. Chaque comit\u00e9-m\u00e9tier pilote et coordonne un ou plusieurs c\u0153urs de m\u00e9tiers.<\/p>\n\n\n\n<h3 class=\"wp-block-heading\">Une feuille de route pour chaque comit\u00e9<\/h3>\n\n\n\n<p>Le comit\u00e9 \u00e9tablit une feuille de route annuelle align\u00e9e sur la strat\u00e9gie&nbsp;du Groupe : c\u2019est le plan d\u2019action op\u00e9rationnel. Chaque comit\u00e9 pilote sa mise en \u0153uvre :<\/p>\n\n\n\n<ul class=\"wp-block-list\">\n<li>Par les structures op\u00e9rationnelles (Partners, stations, laboratoires, usines\u2026) et structures d\u2019appui (Agrivisions&#8230;).<\/li>\n\n\n\n<li>Avec ou sans l\u2019intervention de \u201ctask forces\u201d (groupes de travail constitu\u00e9s pour approfondir les \u00e9l\u00e9ments de mise en \u0153uvre d\u2019une d\u00e9cision). \u00c0 titre d\u2019exemple, Agroexcellence a constitu\u00e9 une task force pour d\u00e9finir une strat\u00e9gie de r\u00e9duction des dettes partners. Les mesures propos\u00e9es par cette task force ont \u00e9t\u00e9 adopt\u00e9s en 2015. Ces \u201ctask forces\u201d sont constitu\u00e9es de collaborateurs du Groupe pouvant apporter comp\u00e9tences et\/ou exp\u00e9riences sur la th\u00e9matique concern\u00e9e. Elles sont amen\u00e9es \u00e0 solliciter toutes soci\u00e9t\u00e9s du Groupe pour leur fournir les informations dont elles ont besoin pour traiter le sujet.<\/li>\n<\/ul>\n\n\n\n<p>Ainsi, une contribution au travail des \u201ctask forces\u201d peut \u00eatre demand\u00e9e \u00e0 chaque collaborateur. Et la mise en \u0153uvre d\u2019actions peut \u00eatre inscrite dans nos activit\u00e9s.<\/p>\n\n\n\n<h3 class=\"wp-block-heading\">Composition<\/h3>\n\n\n\n<p>Un comit\u00e9 est compos\u00e9 de membres issus d\u2019une soci\u00e9t\u00e9 de notre Groupe (Partners, Agrivisions, Laboratoires, Stations, Marques, Usines etc\u2026).<\/p>\n\n\n\n<p>Ils sont sont compos\u00e9s de collaborateurs de confiance, ayant fait la preuve de leurs capacit\u00e9s et de leur engagement \u00e0 la strat\u00e9gie d\u00e9finie. Chaque comit\u00e9 mixe diff\u00e9rentes comp\u00e9tences, diff\u00e9rents profils et diff\u00e9rentes nationalit\u00e9s faisant de Novalliance un groupe multiculturel.<\/p>\n\n\n\n<h3 class=\"wp-block-heading\"><strong>Organigramme organisationnel <\/strong><\/h3>\n\n\n\n<p>Cet organigramme organisationnel vous aidera \u00e0 mieux comprendre le fonctionnement de notre gouvernance \u00e0 travers ses trois comit\u00e9s m\u00e9tiers.<\/p>\n\n\n<div class=\"wp-block-image\">\n<figure class=\"aligncenter is-resized\"><a href=\"https:\/\/novalliance.net\/espace-prive\/wp-content\/uploads\/sites\/5\/2026\/01\/organisation-novalliance-2026-1.pdf\" target=\"_blank\" rel=\"http:\/\/novalliance.net\/espace-prive\/wp-content\/uploads\/sites\/5\/2024\/07\/organisation-novalliance-2024-1.pdf noopener\"><img loading=\"lazy\" decoding=\"async\" width=\"300\" height=\"212\" src=\"http:\/\/novalliance.net\/espace-prive\/wp-content\/uploads\/sites\/5\/2024\/07\/organisation-novalliance-2024_page_1-300x212.jpg\" alt=\"\" class=\"wp-image-60373\" style=\"width:436px;height:auto\" title=\"T\u00e9l\u00e9chargez l'organigramme organisationnel\" srcset=\"https:\/\/novalliance.net\/espace-prive\/wp-content\/uploads\/sites\/5\/2024\/07\/organisation-novalliance-2024_page_1-300x212.jpg 300w, https:\/\/novalliance.net\/espace-prive\/wp-content\/uploads\/sites\/5\/2024\/07\/organisation-novalliance-2024_page_1-1024x724.jpg 1024w, https:\/\/novalliance.net\/espace-prive\/wp-content\/uploads\/sites\/5\/2024\/07\/organisation-novalliance-2024_page_1-768x543.jpg 768w, https:\/\/novalliance.net\/espace-prive\/wp-content\/uploads\/sites\/5\/2024\/07\/organisation-novalliance-2024_page_1-1536x1086.jpg 1536w, https:\/\/novalliance.net\/espace-prive\/wp-content\/uploads\/sites\/5\/2024\/07\/organisation-novalliance-2024_page_1-2048x1448.jpg 2048w, https:\/\/novalliance.net\/espace-prive\/wp-content\/uploads\/sites\/5\/2024\/07\/organisation-novalliance-2024_page_1-170x120.jpg 170w, https:\/\/novalliance.net\/espace-prive\/wp-content\/uploads\/sites\/5\/2024\/07\/organisation-novalliance-2024_page_1-1320x933.jpg 1320w\" sizes=\"auto, (max-width: 300px) 100vw, 300px\" \/><\/a><\/figure>\n<\/div>\n\n\n<p><a href=\"https:\/\/novalliance.net\/espace-prive\/wp-content\/uploads\/sites\/5\/2026\/01\/organisation-novalliance-2026-1.pdf\">T\u00e9l\u00e9chargez l&rsquo;organigramme organisationnel<\/a><\/p>\n\n\n\n<h3 class=\"wp-block-heading\">Fonctionnement g\u00e9n\u00e9ral<\/h3>\n\n\n\n<p>Chaque comit\u00e9 int\u00e8gre un \u00ab secr\u00e9tariat g\u00e9n\u00e9ral \u00bb, \u00e0 qui nous pouvons faire remonter les questions, propositions, que nous souhaitons partager.<\/p>\n\n\n\n<p>Chaque comit\u00e9 se r\u00e9unit une fois par mois, autour d\u2019un ordre du jour. Un compte rendu avec les d\u00e9cisions prises est envoy\u00e9 aux responsables des soci\u00e9t\u00e9s (Partners, Stations, Laboratoires, Usines etc..). Chacun d\u2019entre nous doit apporter sa meilleure contribution \u00e0 la mise en \u0153uvre des d\u00e9cisions des comit\u00e9s (faciliter le travail d\u2019une \u201ctask force\u201d dans son p\u00e9rim\u00e8tre).<\/p>\n\n\n\n<div class=\"bloc_bleu_clair\">\n<p><span style=\"font-size: 14pt;\"><strong>Nous sommes repr\u00e9sent\u00e9s et \u00e9cout\u00e9s en fonction de notre c\u0153ur de m\u00e9tier.<\/strong><\/span><\/p>\n<\/div>\n\n\n\n<h3 class=\"wp-block-heading\">Fonctionnement commun aux trois comit\u00e9s<\/h3>\n\n\n\n<p>Ce fonctionnement est con\u00e7u pour garantir la r\u00e9ussite des comit\u00e9s, avec un cadre (r\u00e9union mensuelle, ordre du jour, compte-rendu) et une \u00e9mulation (int\u00e9gration de nouveaux membres, changements dans les postes).<\/p>\n\n\n\n<h3 class=\"wp-block-heading\">Composition<\/h3>\n\n\n\n<div class=\"bloc_bleu_clair\">\n<table style=\"width: 601px;\">\n<tbody>\n<tr>\n<td style=\"width: 230px;\">&nbsp;&#8211; <strong>Pr\u00e9sident<\/strong><\/td>\n<td style=\"width: 365px;\">&nbsp;&#8211; <strong>Secr\u00e9taire G\u00e9n\u00e9ral<\/strong> (SG)<\/td>\n<\/tr>\n<tr>\n<td style=\"width: 230px;\">&nbsp;&#8211; <strong>Vice Pr\u00e9sident 1<\/strong> (VP1)<\/td>\n<td style=\"width: 365px;\">&nbsp;&#8211; <strong>Secr\u00e9taire G\u00e9n\u00e9ral Adjoint<\/strong> (SG Adjoint)<\/td>\n<\/tr>\n<tr>\n<td style=\"width: 230px;\">&nbsp;&#8211; <strong>Vice Pr\u00e9sident 2<\/strong> (VP2)<\/td>\n<td style=\"width: 365px;\">&nbsp;&#8211; <strong>Membres<\/strong><\/td>\n<\/tr>\n<\/tbody>\n<\/table>\n<\/div>\n\n\n\n<p>Pas de r\u00f4le hi\u00e9rarchique en VP2, VP1, SG Adjoint, SG, mais un souci de donner une visibilit\u00e9 sur les fonctions de chacun au sein d&rsquo;un comit\u00e9.<\/p>\n\n\n\n<h3 class=\"wp-block-heading\">Un cadre de fonctionnement<\/h3>\n\n\n\n<ul class=\"wp-block-list\">\n<li>Ordre du jour d\u00e9fini cinq jours avant la r\u00e9union du comit\u00e9 et compte-rendu \u00e9crit deux heures apr\u00e8s chaque r\u00e9union.<\/li>\n\n\n\n<li>Point sur les successions ou entr\u00e9es de nouveaux membres au 31 d\u00e9cembre de chaque ann\u00e9e.<\/li>\n\n\n\n<li>Possibilit\u00e9 de saisir le Secr\u00e9taire G\u00e9n\u00e9ral d\u2019une question, proposition, exp\u00e9rience que l\u2019on souhaite partager dans l\u2019int\u00e9r\u00eat du groupe Novalliance ou du comit\u00e9 m\u00e9tier.<\/li>\n\n\n\n<li>Concernant les questions que nous aurons envoy\u00e9es : si la r\u00e9ponse est connue, le secr\u00e9tariat g\u00e9n\u00e9ral nous r\u00e9pondra directement. Si la question ne peut \u00eatre trait\u00e9e par le secr\u00e9tariat g\u00e9n\u00e9ral et qu\u2019elle est urgente, le SG avec l\u2019appui du Pr\u00e9sident ou du Vice Pr\u00e9sident, nous apportera une r\u00e9ponse rapide. Dans les autres cas, notre question ou proposition sera int\u00e9gr\u00e9e \u00e0 l\u2019ordre du jour du prochain comit\u00e9.<\/li>\n<\/ul>\n\n\n\n<h3 class=\"wp-block-heading\">R\u00e8gles de prise de d\u00e9cision : un esprit optimiste et constructif<\/h3>\n\n\n\n<ul class=\"wp-block-list\">\n<li>Parler vrai<\/li>\n\n\n\n<li>Confiance<\/li>\n\n\n\n<li>\u00c9coute bienveillante<\/li>\n\n\n\n<li>\u00c9mulation<\/li>\n<\/ul>\n\n\n\n<p><span class=\"texte_bleu\" style=\"font-size: 14pt;\"><strong>Ensemble, avec le CODIR et les comit\u00e9s repoussons nos limites !<\/strong><\/span><\/p>\n","protected":false},"excerpt":{"rendered":"<p>Le CODIR et les 3 comit\u00e9s Pour 2030, 2 objectifs ont \u00e9t\u00e9 \u00e9tablis. Pour les atteindre, le CODIR (comit\u00e9 de direction) et les 3 comit\u00e9s travaillent en lien direct. Le CODIR Comit\u00e9 de direction Groupe, compos\u00e9 des STEPS 3 et 4 du groupe Novalliance et des pr\u00e9sidents\/pr\u00e9sidentes des 3 comit\u00e9s m\u00e9tiers. Nicolas LECA Directeur juridique, [&hellip;]<\/p>\n","protected":false},"author":1,"featured_media":0,"parent":4772,"menu_order":284,"comment_status":"closed","ping_status":"closed","template":"template-content.php","meta":{"_acf_changed":false,"footnotes":""},"class_list":["post-22131","page","type-page","status-publish","hentry"],"acf":[],"_links":{"self":[{"href":"https:\/\/novalliance.net\/espace-prive\/wp-json\/wp\/v2\/pages\/22131","targetHints":{"allow":["GET"]}}],"collection":[{"href":"https:\/\/novalliance.net\/espace-prive\/wp-json\/wp\/v2\/pages"}],"about":[{"href":"https:\/\/novalliance.net\/espace-prive\/wp-json\/wp\/v2\/types\/page"}],"author":[{"embeddable":true,"href":"https:\/\/novalliance.net\/espace-prive\/wp-json\/wp\/v2\/users\/1"}],"replies":[{"embeddable":true,"href":"https:\/\/novalliance.net\/espace-prive\/wp-json\/wp\/v2\/comments?post=22131"}],"version-history":[{"count":39,"href":"https:\/\/novalliance.net\/espace-prive\/wp-json\/wp\/v2\/pages\/22131\/revisions"}],"predecessor-version":[{"id":72087,"href":"https:\/\/novalliance.net\/espace-prive\/wp-json\/wp\/v2\/pages\/22131\/revisions\/72087"}],"up":[{"embeddable":true,"href":"https:\/\/novalliance.net\/espace-prive\/wp-json\/wp\/v2\/pages\/4772"}],"wp:attachment":[{"href":"https:\/\/novalliance.net\/espace-prive\/wp-json\/wp\/v2\/media?parent=22131"}],"curies":[{"name":"wp","href":"https:\/\/api.w.org\/{rel}","templated":true}]}}