{"id":1969,"date":"2021-04-22T10:43:23","date_gmt":"2021-04-22T08:43:23","guid":{"rendered":"https:\/\/novalliance.net\/actualites\/medias\/"},"modified":"2021-06-14T16:24:49","modified_gmt":"2021-06-14T14:24:49","slug":"medias","status":"publish","type":"page","link":"https:\/\/novalliance.net\/es\/actualites\/medias\/","title":{"rendered":"Publicados"},"content":{"rendered":"<h1>D\u00e9couvrez les articles publi\u00e9s sur Novalliance dans les m\u00e9dias<\/h1>\n<ul class=\"avec_fleche_verte\">\n<li><em>Article paru en avril 2018 dans le magazine \u00abJeune Afrique\u00bb<\/em><\/li>\n<\/ul>\n<p><a style=\"color: #3366ff;\" href=\"http:\/\/www.novalliance.net\/wp-content\/uploads\/2018\/05\/Jeune-Afrique-avril-2018-Technisem-et-Novalliance.pdf\" target=\"_blank\" rel=\"noopener noreferrer\"><img loading=\"lazy\" decoding=\"async\" class=\"alignnone wp-image-934\" src=\"http:\/\/www.novalliance.net\/wp-content\/uploads\/2017\/05\/PictoPDF.png\" srcset=\"http:\/\/www.novalliance.net\/wp-content\/uploads\/2017\/05\/PictoPDF.png 640w,http:\/\/www.novalliance.net\/wp-content\/uploads\/2017\/05\/PictoPDF.png 1024w,http:\/\/www.novalliance.net\/wp-content\/uploads\/2017\/05\/PictoPDF.png 1440w,http:\/\/www.novalliance.net\/wp-content\/uploads\/2017\/05\/PictoPDF.png 655w\" alt=\"\" width=\"44\" height=\"42\" \/> <span style=\"color: #000000;\"><strong>Jeune Afrique &#8211; Avril 2018<\/strong><\/span><\/a><\/p>\n<p><img loading=\"lazy\" decoding=\"async\" class=\"alignnone wp-image-9004 \" src=\"http:\/\/www.novalliance.net\/wp-content\/uploads\/2017\/05\/Jeune-Afrique-avril-2018-Technisem-et-Novalliance_Page_2.jpg\" alt=\"\" width=\"644\" height=\"904\" \/><\/p>\n<p>&nbsp;<\/p>\n<ul class=\"avec_fleche_verte\">\n<li><em>Article paru en septembre 2017 dans le magazine \u00abAfrique Agriculture\u00bb<\/em><\/li>\n<\/ul>\n<p><a style=\"color: #3366ff;\" href=\"http:\/\/www.novalliance.net\/wp-content\/uploads\/2017\/05\/Afrique-Agriculture-Sept-2017.pdf\" target=\"_blank\" rel=\"noopener noreferrer\"><img loading=\"lazy\" decoding=\"async\" class=\"alignnone wp-image-934\" src=\"http:\/\/www.novalliance.net\/wp-content\/uploads\/2017\/05\/PictoPDF.png\" srcset=\"http:\/\/www.novalliance.net\/wp-content\/uploads\/2017\/05\/PictoPDF.png 640w,http:\/\/www.novalliance.net\/wp-content\/uploads\/2017\/05\/PictoPDF.png 1024w,http:\/\/www.novalliance.net\/wp-content\/uploads\/2017\/05\/PictoPDF.png 1440w,http:\/\/www.novalliance.net\/wp-content\/uploads\/2017\/05\/PictoPDF.png 655w\" alt=\"\" width=\"44\" height=\"42\" \/><\/a> <span class=\"texte_bleu\"><strong><a href=\"http:\/\/www.novalliance.net\/wp-content\/uploads\/2017\/05\/Afrique-Agriculture-Sept-2017.pdf\" target=\"_blank\" rel=\"noopener noreferrer\">Afrique Agriculture &#8211; Sept 2017<\/a><\/strong><\/span><\/p>\n<p>&nbsp;<\/p>\n<ul class=\"avec_fleche_verte\">\n<li><em>Article paru en d\u00e9cembre 2016 dans le journal \u00abLe courrier de l&#8217;Ouest\u00bb<\/em><\/li>\n<\/ul>\n<p><img loading=\"lazy\" decoding=\"async\" class=\"alignnone wp-image-2316\" src=\"http:\/\/www.novalliance.net\/wp-content\/uploads\/2017\/05\/Courrier-de-ouest-dec-2016-800x840.jpg\" alt=\"\" width=\"700\" height=\"735\" \/><\/p>\n","protected":false},"excerpt":{"rendered":"<p>D\u00e9couvrez les articles publi\u00e9s sur Novalliance dans les m\u00e9dias Article paru en avril 2018 dans le magazine \u00abJeune Afrique\u00bb Jeune Afrique &#8211; Avril 2018 &nbsp; Article paru en septembre 2017 dans le magazine \u00abAfrique Agriculture\u00bb Afrique Agriculture &#8211; Sept 2017 &nbsp; Article paru en d\u00e9cembre 2016 dans le journal \u00abLe courrier de l&#8217;Ouest\u00bb<\/p>\n","protected":false},"author":1,"featured_media":0,"parent":1920,"menu_order":53,"comment_status":"open","ping_status":"closed","template":"template-flexible.php","meta":{"_acf_changed":false,"footnotes":""},"class_list":["post-1969","page","type-page","status-publish","hentry"],"acf":[],"_links":{"self":[{"href":"https:\/\/novalliance.net\/es\/wp-json\/wp\/v2\/pages\/1969","targetHints":{"allow":["GET"]}}],"collection":[{"href":"https:\/\/novalliance.net\/es\/wp-json\/wp\/v2\/pages"}],"about":[{"href":"https:\/\/novalliance.net\/es\/wp-json\/wp\/v2\/types\/page"}],"author":[{"embeddable":true,"href":"https:\/\/novalliance.net\/es\/wp-json\/wp\/v2\/users\/1"}],"replies":[{"embeddable":true,"href":"https:\/\/novalliance.net\/es\/wp-json\/wp\/v2\/comments?post=1969"}],"version-history":[{"count":2,"href":"https:\/\/novalliance.net\/es\/wp-json\/wp\/v2\/pages\/1969\/revisions"}],"predecessor-version":[{"id":1973,"href":"https:\/\/novalliance.net\/es\/wp-json\/wp\/v2\/pages\/1969\/revisions\/1973"}],"up":[{"embeddable":true,"href":"https:\/\/novalliance.net\/es\/wp-json\/wp\/v2\/pages\/1920"}],"wp:attachment":[{"href":"https:\/\/novalliance.net\/es\/wp-json\/wp\/v2\/media?parent=1969"}],"curies":[{"name":"wp","href":"https:\/\/api.w.org\/{rel}","templated":true}]}}