{"id":1874,"date":"2021-04-22T10:43:23","date_gmt":"2021-04-22T08:43:23","guid":{"rendered":"https:\/\/novalliance.net\/notre-groupe\/notre-gouvernance\/"},"modified":"2024-06-25T10:04:29","modified_gmt":"2024-06-25T08:04:29","slug":"notre-gouvernance","status":"publish","type":"page","link":"https:\/\/novalliance.net\/es\/notre-groupe\/notre-gouvernance\/","title":{"rendered":"Nuestro gobierno"},"content":{"rendered":"<h1>UNE GOUVERNANCE\u00a0PARTICIPATIVE<\/h1>\n<p><strong>Le groupe Novalliance est compos\u00e9 de trois comit\u00e9s-m\u00e9tiers charg\u00e9s de piloter et de d\u00e9ployer la strat\u00e9gie arr\u00eat\u00e9e pour 2025. Cette gouvernance, ambitieuse et forte, est une nouvelle forme de d\u00e9mocratie participative qui allie la passion de l\u2019innovation et l\u2019\u00e9panouissement de ses managers qui d\u00e9fendent et d\u00e9veloppent le groupe. Ces trois comit\u00e9s sont constitu\u00e9s de membres issus des m\u00e9tiers du Groupe.<\/strong><\/p>\n<p><strong>Dans les prochaines ann\u00e9es, Novalliance va continuer de grandir. Gr\u00e2ce \u00e0 cette nouvelle structuration, le Groupe est d\u00e9sormais pr\u00eat \u00e0 s\u2019imposer sur de nouveaux march\u00e9s en continuant d\u2019aider les paysans \u00e0 cultiver mieux et plus.<\/strong><\/p>\n<p><img decoding=\"async\" class=\"alignnone size-medium wp-image-140\" src=\"http:\/\/www.novalliance.net\/wp-content\/uploads\/2017\/04\/AGROEXCELLENCE-250x62.jpg\" alt=\"\" \/><\/p>\n<p>Le comit\u00e9 Agroexcellence oriente et supervise la strat\u00e9gie de distribution. Cela comprend essentiellement la gestion des soci\u00e9t\u00e9s de distribution (Partners) et le d\u00e9veloppement du r\u00e9seau via la cr\u00e9ation de nouveaux Partners mais aussi l\u2019ouverture de nouveaux magasins. Il est compos\u00e9 de plusieurs collaborateurs des soci\u00e9t\u00e9s de distribution et de Agroventure.<\/p>\n<div class=\"bloc_gris\">\n<p><strong><img loading=\"lazy\" decoding=\"async\" class=\"wp-image-15508 alignleft\" src=\"https:\/\/www.novalliance.net\/wp-content\/uploads\/2017\/05\/Capture-de\u0301cran-2021-01-11-a\u0300-12.39.29-250x226.png\" alt=\"\" width=\"186\" height=\"168\" \/>Pr\u00e9sidente : Nathalie ISSORAT<br \/>\n<\/strong><\/p>\n<p>Directrice DOM TOM<\/p>\n<\/div>\n<p><img decoding=\"async\" class=\"alignnone size-medium wp-image-142\" src=\"http:\/\/www.novalliance.net\/wp-content\/uploads\/2017\/04\/LOGO-NOVA-INDUSTRY-RVB-250x47.jpg\" alt=\"\" \/><br \/>\nLe comit\u00e9 Nova Industry conduit et coordonne la strat\u00e9gie d\u2019activit\u00e9s industrielles (semences, autres intrants agricoles, grand public, professionnel, &#8230;) et la strat\u00e9gie des marques du Groupe sur les diff\u00e9rents sites. Il est compos\u00e9 de collaborateurs du marketing, des usines et de la logistique.<\/p>\n<div class=\"bloc_gris\">\n<p><img loading=\"lazy\" decoding=\"async\" class=\"wp-image-16317 alignleft\" src=\"https:\/\/www.novalliance.net\/wp-content\/uploads\/2021\/02\/Me\u0301lanie-CHICHERY-250x206.png\" alt=\"\" width=\"185\" height=\"153\" \/><\/p>\n<p><strong>Pr\u00e9sidente : M\u00e9lanie CHICHERY<br \/>\n<\/strong><\/p>\n<p>Directrice Marketing Semences Potag\u00e8res Groupe<\/p>\n<\/div>\n<p><img decoding=\"async\" class=\"alignnone size-medium wp-image-143\" src=\"http:\/\/www.novalliance.net\/wp-content\/uploads\/2017\/04\/Logo-NOVATECH-250x82.jpg\" alt=\"\" \/><br \/>\nLe comit\u00e9 Novatech pilote les m\u00e9tiers techniques du Groupe (laboratoire, recherche, production de semences, qualit\u00e9, phytopathologie, &#8230;). Il est constitu\u00e9 de collaborateurs des laboratoires, des stations, de la production de semences et du marketing produits.<\/p>\n<div class=\"bloc_gris\">\n<p><strong><img loading=\"lazy\" decoding=\"async\" class=\" wp-image-15557 alignleft\" src=\"https:\/\/www.novalliance.net\/wp-content\/uploads\/2020\/01\/Capture-de\u0301cran-2021-01-13-a\u0300-10.32.46-250x304.png\" alt=\"\" width=\"145\" height=\"176\" \/>Pr\u00e9sidente : <span class=\"texte_bleu\" style=\"color: #000000\">Florine POIROUX<\/span><br \/>\n<\/strong><\/p>\n<p>Responsable Recherche Groupe<\/p>\n<\/div>\n","protected":false},"excerpt":{"rendered":"<p>UNE GOUVERNANCE\u00a0PARTICIPATIVE Le groupe Novalliance est compos\u00e9 de trois comit\u00e9s-m\u00e9tiers charg\u00e9s de piloter et de d\u00e9ployer la strat\u00e9gie arr\u00eat\u00e9e pour 2025. Cette gouvernance, ambitieuse et forte, est une nouvelle forme de d\u00e9mocratie participative qui allie la passion de l\u2019innovation et l\u2019\u00e9panouissement de ses managers qui d\u00e9fendent et d\u00e9veloppent le groupe. Ces trois comit\u00e9s sont constitu\u00e9s [&hellip;]<\/p>\n","protected":false},"author":1,"featured_media":0,"parent":1810,"menu_order":94,"comment_status":"open","ping_status":"closed","template":"template-flexible.php","meta":{"_acf_changed":false,"footnotes":""},"class_list":["post-1874","page","type-page","status-publish","hentry"],"acf":[],"_links":{"self":[{"href":"https:\/\/novalliance.net\/es\/wp-json\/wp\/v2\/pages\/1874","targetHints":{"allow":["GET"]}}],"collection":[{"href":"https:\/\/novalliance.net\/es\/wp-json\/wp\/v2\/pages"}],"about":[{"href":"https:\/\/novalliance.net\/es\/wp-json\/wp\/v2\/types\/page"}],"author":[{"embeddable":true,"href":"https:\/\/novalliance.net\/es\/wp-json\/wp\/v2\/users\/1"}],"replies":[{"embeddable":true,"href":"https:\/\/novalliance.net\/es\/wp-json\/wp\/v2\/comments?post=1874"}],"version-history":[{"count":11,"href":"https:\/\/novalliance.net\/es\/wp-json\/wp\/v2\/pages\/1874\/revisions"}],"predecessor-version":[{"id":5039,"href":"https:\/\/novalliance.net\/es\/wp-json\/wp\/v2\/pages\/1874\/revisions\/5039"}],"up":[{"embeddable":true,"href":"https:\/\/novalliance.net\/es\/wp-json\/wp\/v2\/pages\/1810"}],"wp:attachment":[{"href":"https:\/\/novalliance.net\/es\/wp-json\/wp\/v2\/media?parent=1874"}],"curies":[{"name":"wp","href":"https:\/\/api.w.org\/{rel}","templated":true}]}}