{"id":1862,"date":"2021-04-22T10:43:23","date_gmt":"2021-04-22T08:43:23","guid":{"rendered":"https:\/\/novalliance.net\/notre-groupe\/nos-valeurs\/"},"modified":"2021-06-14T15:34:08","modified_gmt":"2021-06-14T13:34:08","slug":"nos-valeurs","status":"publish","type":"page","link":"https:\/\/novalliance.net\/es\/notre-groupe\/nos-valeurs\/","title":{"rendered":"Nuestros valores"},"content":{"rendered":"<p><img loading=\"lazy\" decoding=\"async\" class=\"so-widget-image\" src=\"http:\/\/www.novalliance.net\/wp-content\/uploads\/2017\/04\/visuel-croissance.jpg\" width=\"265\" height=\"275\" \/><\/p>\n<h2 style=\"text-align: left;\">La croissance et l&#8217;esprit de conqu\u00eate<\/h2>\n<p>L\u2019ambition, la croissance et le go\u00fbt de la conqu\u00eate sont pour Novalliance de belles valeurs. Elles lui sont utiles au quotidien pour asseoir sa place dans le monde concurrentiel des semences potag\u00e8res et lui permettre d\u2019apporter des vari\u00e9t\u00e9s am\u00e9lior\u00e9es aux producteurs.<\/p>\n<p><img loading=\"lazy\" decoding=\"async\" class=\"so-widget-image\" src=\"http:\/\/www.novalliance.net\/wp-content\/uploads\/2017\/04\/viseul_curiosite.jpg\" width=\"265\" height=\"275\" \/><\/p>\n<h2>La curiosit\u00e9 et l&#8217;innovation v\u00e9g\u00e9tale<\/h2>\n<p>L\u2019innovation et la recherche v\u00e9g\u00e9tale sont des passions que cultive et porte chaque jour le groupe Novalliance. Cette valeur d\u2019innovation passe par une culture d\u2019entreprise fond\u00e9e sur une curiosit\u00e9 scientifique naturelle et une prise de risque.<\/p>\n<p><img loading=\"lazy\" decoding=\"async\" class=\"so-widget-image\" src=\"http:\/\/www.novalliance.net\/wp-content\/uploads\/2017\/04\/viseul_respect.jpg\" width=\"265\" height=\"275\" \/><\/p>\n<h2 style=\"text-align: center;\">Le respect des autres<\/h2>\n<p>Le respect de la personne est ancr\u00e9 dans la culture du groupe Novalliance. La diversit\u00e9 et le respect de la diff\u00e9rence sont consid\u00e9r\u00e9es comme une richesse, source de dynamisme et de cr\u00e9ativit\u00e9.<\/p>\n","protected":false},"excerpt":{"rendered":"<p>La croissance et l&#8217;esprit de conqu\u00eate L\u2019ambition, la croissance et le go\u00fbt de la conqu\u00eate sont pour Novalliance de belles valeurs. Elles lui sont utiles au quotidien pour asseoir sa place dans le monde concurrentiel des semences potag\u00e8res et lui permettre d\u2019apporter des vari\u00e9t\u00e9s am\u00e9lior\u00e9es aux producteurs. La curiosit\u00e9 et l&#8217;innovation v\u00e9g\u00e9tale L\u2019innovation et la [&hellip;]<\/p>\n","protected":false},"author":1,"featured_media":0,"parent":1810,"menu_order":108,"comment_status":"open","ping_status":"closed","template":"template-flexible.php","meta":{"_acf_changed":false,"footnotes":""},"class_list":["post-1862","page","type-page","status-publish","hentry"],"acf":[],"_links":{"self":[{"href":"https:\/\/novalliance.net\/es\/wp-json\/wp\/v2\/pages\/1862","targetHints":{"allow":["GET"]}}],"collection":[{"href":"https:\/\/novalliance.net\/es\/wp-json\/wp\/v2\/pages"}],"about":[{"href":"https:\/\/novalliance.net\/es\/wp-json\/wp\/v2\/types\/page"}],"author":[{"embeddable":true,"href":"https:\/\/novalliance.net\/es\/wp-json\/wp\/v2\/users\/1"}],"replies":[{"embeddable":true,"href":"https:\/\/novalliance.net\/es\/wp-json\/wp\/v2\/comments?post=1862"}],"version-history":[{"count":2,"href":"https:\/\/novalliance.net\/es\/wp-json\/wp\/v2\/pages\/1862\/revisions"}],"predecessor-version":[{"id":1871,"href":"https:\/\/novalliance.net\/es\/wp-json\/wp\/v2\/pages\/1862\/revisions\/1871"}],"up":[{"embeddable":true,"href":"https:\/\/novalliance.net\/es\/wp-json\/wp\/v2\/pages\/1810"}],"wp:attachment":[{"href":"https:\/\/novalliance.net\/es\/wp-json\/wp\/v2\/media?parent=1862"}],"curies":[{"name":"wp","href":"https:\/\/api.w.org\/{rel}","templated":true}]}}