{"id":1840,"date":"2021-04-22T10:43:23","date_gmt":"2021-04-22T08:43:23","guid":{"rendered":"https:\/\/novalliance.net\/notre-groupe\/notre-histoire\/"},"modified":"2025-07-28T15:42:37","modified_gmt":"2025-07-28T13:42:37","slug":"notre-histoire","status":"publish","type":"page","link":"https:\/\/novalliance.net\/es\/notre-groupe\/notre-histoire\/","title":{"rendered":"Nuestra historia"},"content":{"rendered":"<h1>Histoire du groupe Novalliance<\/h1>\n<p><img decoding=\"async\" class=\"alignnone size-full wp-image-419\" src=\"http:\/\/www.novalliance.net\/wp-content\/uploads\/2017\/04\/visuel_histoire.png\" srcset=\"http:\/\/www.novalliance.net\/wp-content\/uploads\/2017\/04\/visuel_histoire-250x132.png 640w,http:\/\/www.novalliance.net\/wp-content\/uploads\/2017\/04\/visuel_histoire-500x264.png 1024w,http:\/\/www.novalliance.net\/wp-content\/uploads\/2017\/04\/visuel_histoire-800x422.png 1440w,http:\/\/www.novalliance.net\/wp-content\/uploads\/2017\/04\/visuel_histoire-800x422.png 655w\" alt=\"\" \/><\/p>\n<p class=\"bloc_gris\"><strong>L&#8217;histoire du Groupe commence en 1996 avec la cr\u00e9ation d\u2019une entreprise agricole, Semagri au Cameroun. Depuis cette date, Novalliance \u0153uvre au c\u00f4t\u00e9 des agriculteurs pour les accompagner et leur permettre d&#8217;avoir acc\u00e8s \u00e0 des semences de l\u00e9gumes de qualit\u00e9.<br \/>\n<\/strong><\/p>\n<h2>1996 \u2013 2001\u00a0: une histoire de famille<\/h2>\n<p>Ronan Gorin, actuel PDG du Groupe, a depuis son plus jeune \u00e2ge \u00e9t\u00e9 sensibilis\u00e9 \u00e0 l\u2019amour de l\u2019agriculture et de la terre en suivant l\u2019exemple de ses grands parents alors paysans en Bretagne. N\u00e9 dans un petit village de Centrafrique, mais ayant grandit en France, il a toujours gard\u00e9 un attachement fort pour ses racines africaines.<\/p>\n<p>En 1996, tout juste dipl\u00f4m\u00e9 d\u2019un titre d\u2019ing\u00e9nieur agronome, il d\u00e9cide de cr\u00e9er sa premi\u00e8re soci\u00e9t\u00e9, Semagri au Cameroun. C\u2019est \u00e0 partir de l\u00e0 qu\u2019il d\u00e9cide d\u2019ouvrir de lui-m\u00eame d\u2019autres entreprises en Afrique pour pouvoir vivre intens\u00e9ment sa vie d\u2019entrepreneur.<\/p>\n<p>&nbsp;<\/p>\n<table class=\" bloc_date\">\n<tbody>\n<tr>\n<td><span class=\"date\">1996<\/span><\/td>\n<td><strong>cr\u00e9ation de Semagri,\u00a0<\/strong><em>Cameroun<\/em><\/td>\n<\/tr>\n<tr>\n<td><span class=\"date\">1998<\/span><\/td>\n<td><strong>cr\u00e9ation d\u2019Agritropic,<\/strong>\u00a0<em>Nig\u00e9ria<\/em><\/td>\n<\/tr>\n<\/tbody>\n<\/table>\n<h2>2001 : la naissance d\u2019un Groupe<\/h2>\n<p>Dans l\u2019esprit de Ronan Gorin, la notion du groupe Novalliance est vraiment apparue en 2001 lorsque encore salari\u00e9 de Technisem, il d\u00e9missionne pour cr\u00e9er une nouvelle entreprise Cara\u00efbe Semences en Guadeloupe o\u00f9 il s\u2019installe avec sa famille.<\/p>\n<p>D\u00e8s 2005 des contacts se font entre Novalliance et Technisem pour \u00e9voquer son \u00e9ventuel rachat qui se concr\u00e9tisera en 2009. Par la suite, Ronan Gorin rach\u00e8te les premi\u00e8res soci\u00e9t\u00e9s cr\u00e9\u00e9es par son p\u00e8re, M. Emile Gorin, en Afrique de l\u2019Ouest. En parall\u00e8le, le Groupe ne cesse de grandir en ouvrant de nouvelles soci\u00e9t\u00e9s en Afrique de l\u2019Ouest, en Afrique Centrale, en Am\u00e9rique Latine, dans les pays du Maghreb, du Moyen Orient et de la zone des Cara\u00efbes.<\/p>\n<p>Il faudra finalement attendre 2015, pour que le nom \u00ab Novalliance \u00bb soit officialis\u00e9.<\/p>\n<p>&nbsp;<\/p>\n<table class=\" bloc_date\">\n<tbody>\n<tr>\n<td><span class=\"date\">2001<\/span><\/td>\n<td><strong>cr\u00e9ation de Cara\u00efbe Semences,\u00a0<\/strong><em>Guadeloupe<br \/>\n<\/em><strong>cr\u00e9ation de Madisem,<\/strong><em> Martinique<br \/>\n<\/em><\/td>\n<\/tr>\n<tr>\n<td><span class=\"date\">2004<\/span><\/td>\n<td><strong>cr\u00e9ation de Guyasem, \u00a0<\/strong><em>Guyane<br \/>\n<\/em><strong>cr\u00e9ation d\u2019Agrinova,<\/strong> <em>USA<br \/>\n<\/em><\/td>\n<\/tr>\n<tr>\n<td><span class=\"date\">2006<\/span><\/td>\n<td><strong>Semaroc, <em>Maroc<\/em><br \/>\nSavana, <em>Kenya<\/em><\/strong><\/td>\n<\/tr>\n<tr>\n<td><span class=\"date\">2007<\/span><\/td>\n<td><strong>Sahelia Sem,<\/strong> <em>Niger<\/em><br \/>\n<strong>Carib Seed,<\/strong> <em>Sainte Lucie<\/em><\/td>\n<\/tr>\n<tr>\n<td><span class=\"date\">2009<\/span><\/td>\n<td><strong>Agrisem<\/strong>, <em>RDC<\/em><\/td>\n<\/tr>\n<\/tbody>\n<\/table>\n<table style=\"background-color: #efefee;\">\n<tbody>\n<tr>\n<td colspan=\"3\"><span style=\"color: #5ab271; font-size: 22pt; line-height: 22pt;\"><img decoding=\"async\" class=\" size-full wp-image-437\" src=\"http:\/\/www.novalliance.net\/wp-content\/uploads\/2017\/04\/visuel_batiments_technisem.jpg\" srcset=\"http:\/\/www.novalliance.net\/wp-content\/uploads\/2017\/04\/visuel_batiments_technisem-250x108.jpg 640w,http:\/\/www.novalliance.net\/wp-content\/uploads\/2017\/04\/visuel_batiments_technisem-500x216.jpg 1024w,http:\/\/www.novalliance.net\/wp-content\/uploads\/2017\/04\/visuel_batiments_technisem-800x346.jpg 1440w,http:\/\/www.novalliance.net\/wp-content\/uploads\/2017\/04\/visuel_batiments_technisem-800x346.jpg 655w\" alt=\"\" \/><\/span><\/td>\n<\/tr>\n<tr>\n<td style=\"padding: 10px 10px 10px 20px;\"><strong><span style=\"color: #5ab271; font-size: 22pt; line-height: 22pt;\">2007<br \/>\n2009<\/span><\/strong><\/td>\n<td style=\"padding: 10px 0px;\"><img decoding=\"async\" class=\"size-full wp-image-439\" src=\"http:\/\/www.novalliance.net\/wp-content\/uploads\/2017\/04\/fleche_verte.gif\" srcset=\"http:\/\/www.novalliance.net\/wp-content\/uploads\/2017\/04\/fleche_verte.gif 640w,http:\/\/www.novalliance.net\/wp-content\/uploads\/2017\/04\/fleche_verte.gif 1024w,http:\/\/www.novalliance.net\/wp-content\/uploads\/2017\/04\/fleche_verte.gif 1440w,http:\/\/www.novalliance.net\/wp-content\/uploads\/2017\/04\/fleche_verte.gif 655w\" alt=\"\" \/><\/td>\n<td style=\"padding: 10px 20px 10px 10px;\"><strong>Rachat de Technisem,<\/strong> <em>entreprise cr\u00e9\u00e9e en 1985 par M. Emile Gorin, p\u00e8re de Ronan Gorin.<\/em><br \/>\n<strong>D\u00e9m\u00e9nagement de l\u2019activit\u00e9 de Technisem,<\/strong> <em>Maine-et-Loire (Longu\u00e9-Jumelles)<\/em><\/td>\n<\/tr>\n<\/tbody>\n<\/table>\n<h2><\/h2>\n<p>&nbsp;<\/p>\n<h2>A partir de 2010, le groupe acc\u00e9l\u00e8re son d\u00e9veloppement<\/h2>\n<p><span class=\"texte_bleu\"><strong>2010 &#8211; 2011 : Ronan Gorin rach\u00e8te plusieurs soci\u00e9t\u00e9s cr\u00e9\u00e9es par des membres de sa famille dans les ann\u00e9es 90<\/strong><\/span><\/p>\n<p><span class=\"societes-text-accordeon1\">Voir le d\u00e9tail des soci\u00e9t\u00e9s<\/span><\/p>\n<div class=\"societes-panel-accordeon1\">\n<table class=\" bloc_date\">\n<tbody>\n<tr>\n<td><strong>Tropicasem<\/strong>, <em>S\u00e9n\u00e9gal, cr\u00e9\u00e9e en 1985<\/em><\/td>\n<\/tr>\n<tr>\n<td><strong>Nankosem<\/strong>, <em>Burkina Faso, cr\u00e9\u00e9e en 1992<\/em><\/td>\n<\/tr>\n<tr>\n<td><strong>Mali Semences<\/strong>, <em>Mali, cr\u00e9\u00e9e en 1997<\/em><\/td>\n<\/tr>\n<tr>\n<td><strong>B\u00e9nin Semences<\/strong>, <em>B\u00e9nin, cr\u00e9\u00e9e en 1999<\/em><\/td>\n<\/tr>\n<tr>\n<td><strong>Semivoire<\/strong>, <em>C\u00f4te d\u2019Ivoire, cr\u00e9\u00e9e en 1999<\/em><\/td>\n<\/tr>\n<tr>\n<td><strong>Agriseed<\/strong>, <em>Ghana, cr\u00e9\u00e9e en 2004<\/em><strong>\u00a0<\/strong><\/td>\n<\/tr>\n<\/tbody>\n<\/table>\n<\/div>\n<p><span class=\"texte_bleu\"><strong><br \/>\n\u00c0 partir de 2010, le Groupe acc\u00e9l\u00e8re et renforce ses effectifs pour faire face \u00e0 des investissements accrus dans le domaine de la Recherche et au d\u00e9veloppement de son r\u00e9seau de distribution.<\/strong><\/span><\/p>\n<p><span class=\"societes-text-accordeon2\">Voir le d\u00e9tail des soci\u00e9t\u00e9s<\/span><\/p>\n<div class=\"societes-panel-accordeon2\">\n<table class=\" bloc_date\">\n<tbody>\n<tr>\n<td><span class=\"date\">2010<\/span><\/td>\n<td><strong>Cabo Sementes<\/strong>, <em>Cap Vert<br \/>\n<\/em><strong>Togosem,<\/strong><em>\u00a0Togo<br \/>\n<\/em><\/td>\n<\/tr>\n<tr>\n<td><span class=\"date\">2011<\/span><\/td>\n<td><strong>Congosem,<\/strong>\u00a0<em>Congo<\/em><br \/>\n<strong>Semidom,<\/strong>\u00a0<em>R\u00e9publique Dominicaine<\/em><\/td>\n<\/tr>\n<tr>\n<td><span class=\"date\">2012<\/span><\/td>\n<td><strong>Seedtech,<\/strong>\u00a0<em>Soudan<\/em><br \/>\n<strong>Mozasem<\/strong>, <em>Mozambique<br \/>\n<\/em><strong>MaoMb\u00e9,<\/strong><em>\u00a0Mayotte<br \/>\n<\/em><strong>Armor Genetic,<\/strong><em> France<br \/>\n<\/em><\/td>\n<\/tr>\n<tr>\n<td><span class=\"date\">2013<\/span><\/td>\n<td><strong>Nabat El Djaza\u00efr,\u00a0<\/strong><em>Alg\u00e9rie<\/em><\/td>\n<\/tr>\n<tr>\n<td><span class=\"date\">2014<\/span><\/td>\n<td><strong>SeedLab<\/strong>, <em>France<\/em><br \/>\n<strong>Nova Genetic<\/strong>, <em>France<\/em><\/td>\n<\/tr>\n<\/tbody>\n<\/table>\n<table style=\"background-color: #efefee;\">\n<tbody>\n<tr>\n<td colspan=\"4\"><img decoding=\"async\" class=\" size-full wp-image-448\" src=\"http:\/\/www.novalliance.net\/wp-content\/uploads\/2017\/04\/historique-agrivision.jpg\" srcset=\"http:\/\/www.novalliance.net\/wp-content\/uploads\/2017\/04\/historique-agrivision-250x108.jpg 640w,http:\/\/www.novalliance.net\/wp-content\/uploads\/2017\/04\/historique-agrivision-500x216.jpg 1024w,http:\/\/www.novalliance.net\/wp-content\/uploads\/2017\/04\/historique-agrivision-800x346.jpg 1440w,http:\/\/www.novalliance.net\/wp-content\/uploads\/2017\/04\/historique-agrivision-800x346.jpg 655w\" alt=\"\" \/><\/td>\n<\/tr>\n<tr>\n<td style=\"padding: 10px 10px 10px 20px;\"><strong><span style=\"color: #5ab271; font-size: 22pt; line-height: 22pt;\">2015<\/span><\/strong><\/td>\n<td style=\"padding: 10px 0px;\"><img decoding=\"async\" class=\"size-full wp-image-439\" src=\"http:\/\/www.novalliance.net\/wp-content\/uploads\/2017\/04\/fleche_verte.gif\" srcset=\"http:\/\/www.novalliance.net\/wp-content\/uploads\/2017\/04\/fleche_verte.gif 640w,http:\/\/www.novalliance.net\/wp-content\/uploads\/2017\/04\/fleche_verte.gif 1024w,http:\/\/www.novalliance.net\/wp-content\/uploads\/2017\/04\/fleche_verte.gif 1440w,http:\/\/www.novalliance.net\/wp-content\/uploads\/2017\/04\/fleche_verte.gif 655w\" alt=\"\" \/><\/td>\n<td style=\"padding: 10px 20px 10px 10px;\"><strong>Agrivision S\u00e9n\u00e9gal,\u00a0<\/strong><em>S\u00e9n\u00e9gal<\/em><br \/>\n<strong>Agrivision Cameroun,\u00a0<\/strong><em>Cameroun<br \/>\n<\/em><strong>Agrivision Burkina Faso,\u00a0<\/strong><em>Burkina Faso<\/em><\/td>\n<td style=\"padding: 10px 20px 10px 10px;\"><\/td>\n<\/tr>\n<\/tbody>\n<\/table>\n<table class=\" bloc_date\" style=\"height: 189px; width: 37.2821%;\" width=\"267\">\n<tbody>\n<tr style=\"height: 48px;\">\n<td style=\"width: 17.4669%; height: 48px;\"><span class=\"date\">2016<\/span><\/td>\n<td style=\"width: 144.552%; height: 48px;\"><strong>Agrigab,<\/strong> <em>Gabon<\/em><br \/>\n<strong>Panasem,<\/strong> <em>Panama<\/em><\/td>\n<\/tr>\n<tr style=\"height: 40px;\">\n<td style=\"width: 17.4669%; height: 40px;\"><span class=\"date\">2017<\/span><\/td>\n<td style=\"width: 144.552%; height: 40px;\"><strong>Carib Sem, <\/strong><em>Dominique<\/em><\/td>\n<\/tr>\n<tr style=\"height: 48px;\">\n<td style=\"width: 17.4669%; height: 48px;\"><span class=\"date\">2019<\/span><\/td>\n<td style=\"width: 144.552%; height: 48px;\"><strong>Technisem ME, <\/strong><em>Dubai<br \/>\n<\/em><strong>Technisem Thailand, <\/strong><em>Thailande<\/em><\/td>\n<\/tr>\n<tr>\n<td style=\"width: 17.4669%;\"><span class=\"date\">2020<\/span><\/td>\n<td style=\"width: 144.552%;\"><strong>RimSem, <\/strong><em>Mauritanie<br \/>\n<\/em><\/td>\n<\/tr>\n<\/tbody>\n<\/table>\n<p>&nbsp;<\/p>\n<\/div>\n","protected":false},"excerpt":{"rendered":"<p>Histoire du groupe Novalliance L&#8217;histoire du Groupe commence en 1996 avec la cr\u00e9ation d\u2019une entreprise agricole, Semagri au Cameroun. Depuis cette date, Novalliance \u0153uvre au c\u00f4t\u00e9 des agriculteurs pour les accompagner et leur permettre d&#8217;avoir acc\u00e8s \u00e0 des semences de l\u00e9gumes de qualit\u00e9. 1996 \u2013 2001\u00a0: une histoire de famille Ronan Gorin, actuel PDG du [&hellip;]<\/p>\n","protected":false},"author":1,"featured_media":0,"parent":1810,"menu_order":109,"comment_status":"open","ping_status":"closed","template":"template-flexible.php","meta":{"_acf_changed":false,"footnotes":""},"class_list":["post-1840","page","type-page","status-publish","hentry"],"acf":[],"_links":{"self":[{"href":"https:\/\/novalliance.net\/es\/wp-json\/wp\/v2\/pages\/1840","targetHints":{"allow":["GET"]}}],"collection":[{"href":"https:\/\/novalliance.net\/es\/wp-json\/wp\/v2\/pages"}],"about":[{"href":"https:\/\/novalliance.net\/es\/wp-json\/wp\/v2\/types\/page"}],"author":[{"embeddable":true,"href":"https:\/\/novalliance.net\/es\/wp-json\/wp\/v2\/users\/1"}],"replies":[{"embeddable":true,"href":"https:\/\/novalliance.net\/es\/wp-json\/wp\/v2\/comments?post=1840"}],"version-history":[{"count":10,"href":"https:\/\/novalliance.net\/es\/wp-json\/wp\/v2\/pages\/1840\/revisions"}],"predecessor-version":[{"id":5551,"href":"https:\/\/novalliance.net\/es\/wp-json\/wp\/v2\/pages\/1840\/revisions\/5551"}],"up":[{"embeddable":true,"href":"https:\/\/novalliance.net\/es\/wp-json\/wp\/v2\/pages\/1810"}],"wp:attachment":[{"href":"https:\/\/novalliance.net\/es\/wp-json\/wp\/v2\/media?parent=1840"}],"curies":[{"name":"wp","href":"https:\/\/api.w.org\/{rel}","templated":true}]}}