{"id":296,"date":"2021-04-22T10:43:23","date_gmt":"2021-04-22T08:43:23","guid":{"rendered":"https:\/\/novalliance.net\/our-mission\/"},"modified":"2023-06-27T12:14:15","modified_gmt":"2023-06-27T10:14:15","slug":"notre-metier","status":"publish","type":"page","link":"https:\/\/novalliance.net\/en\/notre-metier\/","title":{"rendered":"Our business"},"content":{"rendered":"<h1 style=\"text-align: center\">Notre m\u00e9tier<\/h1>\n<p><img loading=\"lazy\" decoding=\"async\" class=\"so-widget-image\" src=\"http:\/\/www.novalliance.net\/wp-content\/uploads\/2017\/04\/notre-metier.jpg\" width=\"600\" height=\"328\" \/><\/p>\n<p><strong>La force de Novalliance r\u00e9side dans sa capacit\u00e9 \u00e0 mettre en \u0153uvre des expertises compl\u00e9mentaires, r\u00e9unies autour de 5 activit\u00e9s\u00a0: Recherche, Production, Industrie, Distribution et Services. Toutes ces activit\u00e9s peuvent agir aussi bien ind\u00e9pendamment les unes des autres qu\u2019en parfaite coordination.<\/strong><\/p>\n<p>Programmes de recherche, cr\u00e9ation vari\u00e9tale, qualit\u00e9 des semences, d\u00e9veloppement commercial, strat\u00e9gie de distribution, \u2026 tous les projets sont \u00e9labor\u00e9s en synergie, autour de partages et d\u2019\u00e9changes fructueux, de mani\u00e8re rationnelle et accompagn\u00e9e, dans un dialogue et une \u00e9coute permanente. Le Groupe adapte en permanence son organisation afin de correspondre au mieux aux attentes \u00e9volutives du march\u00e9 et de ses clients.<\/p>\n<p><a href=\"#bloc_recherche\"> <img loading=\"lazy\" decoding=\"async\" class=\"so-widget-image\" src=\"http:\/\/www.novalliance.net\/wp-content\/uploads\/2017\/04\/recherche.svg\" width=\"1\" height=\"1\" \/><br \/>\n<\/a><\/p>\n<h3 class=\"widget-title\">Recherche<\/h3>\n<p><a href=\"#bloc_production\"> <img loading=\"lazy\" decoding=\"async\" class=\"so-widget-image\" src=\"http:\/\/www.novalliance.net\/wp-content\/uploads\/2017\/04\/production.svg\" width=\"1\" height=\"1\" \/><br \/>\n<\/a><\/p>\n<h3 class=\"widget-title\">Production<\/h3>\n<p><a href=\"#bloc_industrie\"> <img loading=\"lazy\" decoding=\"async\" class=\"so-widget-image\" src=\"http:\/\/www.novalliance.net\/wp-content\/uploads\/2017\/04\/industrie.svg\" width=\"1\" height=\"1\" \/><br \/>\n<\/a><\/p>\n<h3 class=\"widget-title\">Industrie<\/h3>\n<p><a href=\"#bloc_distribution\"> <img loading=\"lazy\" decoding=\"async\" class=\"so-widget-image\" src=\"http:\/\/www.novalliance.net\/wp-content\/uploads\/2017\/04\/distribution.svg\" width=\"1\" height=\"1\" \/><br \/>\n<\/a><\/p>\n<h3 class=\"widget-title\">Distribution<\/h3>\n<p><a href=\"#bloc_services\"> <img loading=\"lazy\" decoding=\"async\" class=\"so-widget-image\" src=\"http:\/\/www.novalliance.net\/wp-content\/uploads\/2017\/04\/services.svg\" width=\"1\" height=\"1\" \/><br \/>\n<\/a><\/p>\n<h3 class=\"widget-title\">Services<\/h3>\n<h3>Recherche<\/h3>\n<p>L\u2019ambition de la recherche Groupe est d\u2019\u00eatre cr\u00e9atif et innovant, \u00e0 travers la cr\u00e9ation de nouvelles vari\u00e9t\u00e9s adapt\u00e9es, homog\u00e8nes et \u00e0 fort potentiel de rendement. La finalit\u00e9 est d\u2019apporter des solutions vari\u00e9tales r\u00e9pondant aux attentes des producteurs des zones tropicales. Plusieurs structures de recherche sont ainsi implant\u00e9es dans diff\u00e9rentes zones distinctes et compl\u00e9mentaires\u00a0: subsah\u00e9lienne (S\u00e9n\u00e9gal), sah\u00e9lienne (Burkina Faso), \u00e9quatoriale (Cameroun) et d\u2019altitude (Madagascar) afin d\u2019\u00eatre au plus proche des conditions de culture de ces producteurs.<\/p>\n<p style=\"text-align: center\"><span class=\"chiffre_vert\">5<\/span><br \/>\n<strong>stations de<br \/>\nrecherche<\/strong><\/p>\n<p style=\"text-align: center\"><span style=\"color: #5ab271\"><span class=\"chiffre_vert\">64<\/span><\/span><br \/>\n<strong>salari\u00e9s<br \/>\n<\/strong><\/p>\n<p><a class=\"bouton_bleu\" href=\"\/novalliance.net?page_id=462\">En savoir plus<\/a><\/p>\n<p><img decoding=\"async\" class=\"alignnone size-vignette_portrait wp-image-191 alignright\" src=\"http:\/\/www.novalliance.net\/wp-content\/uploads\/2017\/04\/Logo-Tropicasem-140x40.jpg\" alt=\"\" \/> <img decoding=\"async\" class=\"alignnone size-vignette_portrait wp-image-190 alignright\" src=\"http:\/\/www.novalliance.net\/wp-content\/uploads\/2017\/04\/Logo-Semana-140x45.jpg\" alt=\"\" \/> <img decoding=\"async\" class=\"alignnone size-vignette_portrait wp-image-189 alignright\" src=\"http:\/\/www.novalliance.net\/wp-content\/uploads\/2017\/04\/Logo-Semagri-140x47.jpg\" alt=\"\" \/> <img loading=\"lazy\" decoding=\"async\" class=\"alignnone wp-image-188 alignright\" src=\"http:\/\/www.novalliance.net\/wp-content\/uploads\/2017\/04\/Logo-Novagenetic-140x88.png\" alt=\"\" width=\"98\" height=\"61\" \/> <img decoding=\"async\" class=\"alignnone size-vignette_portrait wp-image-187 alignright\" src=\"http:\/\/www.novalliance.net\/wp-content\/uploads\/2017\/04\/Logo-Nankogenetic-horizontal-140x27.jpg\" alt=\"\" \/> <img decoding=\"async\" class=\"alignnone size-vignette_portrait wp-image-186 alignright\" src=\"http:\/\/www.novalliance.net\/wp-content\/uploads\/2017\/04\/Logo-Armor-Genetic-140x33.jpg\" alt=\"\" \/><\/p>\n<h3>Production<\/h3>\n<p>La production de semences de qualit\u00e9 est un enjeu primordial pour Novalliance. Elle est encadr\u00e9e par un cahier des charges extr\u00eamement pr\u00e9cis et une tr\u00e8s grande attention est accord\u00e9e aux diff\u00e9rentes \u00e9tapes de la production, de l\u2019envoi des semences de base jusqu\u2019\u00e0 la r\u00e9ception des lots commerciaux. Disponibilit\u00e9 et qualit\u00e9 des semences\u00a0sont des enjeux majeurs de la production au sein du Groupe.<\/p>\n<p style=\"text-align: center\"><span class=\"chiffre_vert\">3<\/span><br \/>\n<strong>stations de<br \/>\nproduction<br \/>\n<\/strong><\/p>\n<p style=\"text-align: center\"><span style=\"color: #5ab271\"><span class=\"chiffre_vert\">32<\/span><\/span><br \/>\n<strong>salari\u00e9s<br \/>\n<\/strong><\/p>\n<p><a class=\"bouton_bleu\" href=\"\/novalliance.net?page_id=525\">En savoir plus<\/a><\/p>\n<p><img loading=\"lazy\" decoding=\"async\" class=\"wp-image-205 alignright\" src=\"http:\/\/www.novalliance.net\/wp-content\/uploads\/2017\/04\/Logo-Nankoprod-140x140.jpg\" alt=\"\" width=\"76\" height=\"76\" \/><img loading=\"lazy\" decoding=\"async\" class=\"wp-image-1840 alignright\" src=\"http:\/\/www.novalliance.net\/wp-content\/uploads\/2017\/04\/Capture-d\u2019\u00e9cran-2017-06-07-\u00e0-16.27.50.png\" alt=\"\" width=\"144\" height=\"54\" \/><img loading=\"lazy\" decoding=\"async\" class=\"wp-image-1843 alignright\" src=\"http:\/\/www.novalliance.net\/wp-content\/uploads\/2017\/04\/Capture-d\u2019\u00e9cran-2017-06-07-\u00e0-16.30.56.png\" alt=\"\" width=\"156\" height=\"48\" \/><\/p>\n<h3>Industrie<\/h3>\n<p>Le groupe Novalliance travaille avec les agriculteurs pour leur apporter des vari\u00e9t\u00e9s adapt\u00e9es et r\u00e9sistantes mais aussi une large gamme d&#8217;outils et d\u2019intrants pour le jardinage et le mara\u00eechage en zone tropicale. Pour y r\u00e9pondre, plusieurs marques sont commercialis\u00e9es pour les professionnels mais aussi le grand public.<\/p>\n<p style=\"text-align: center\"><span class=\"chiffre_vert\">2<\/span><br \/>\n<strong>industries<br \/>\nsemenci\u00e8res<br \/>\n<\/strong><\/p>\n<p style=\"text-align: center\"><span class=\"chiffre_vert\">1<\/span><br \/>\n<strong>soci\u00e9t\u00e9<br \/>\nd&#8217;outils et d&#8217;intrants agricole<br \/>\n<\/strong><\/p>\n<p style=\"text-align: center\"><span style=\"color: #5ab271\"><span class=\"chiffre_vert\">49<\/span><\/span><br \/>\n<strong>salari\u00e9s<\/strong><\/p>\n<p><strong>\u00a0<\/strong><\/p>\n<p>&nbsp;<\/p>\n<p style=\"text-align: center\"><span class=\"chiffre_vert\">5<\/span><br \/>\n<strong>marques<\/strong><\/p>\n<p>&nbsp;<\/p>\n<p><a class=\"bouton_bleu\" href=\"\/novalliance.net?page_id=520\">En savoir plus<\/a><\/p>\n<p><img decoding=\"async\" class=\"alignright size-vignette_portrait wp-image-35\" src=\"http:\/\/www.novalliance.net\/wp-content\/uploads\/2017\/04\/technisem-140x33.gif\" alt=\"\" \/><img decoding=\"async\" class=\"alignright size-vignette_portrait wp-image-34\" src=\"http:\/\/www.novalliance.net\/wp-content\/uploads\/2017\/04\/jarditropic-140x46.gif\" alt=\"\" \/><img decoding=\"async\" class=\"alignright size-vignette_portrait wp-image-32\" src=\"http:\/\/www.novalliance.net\/wp-content\/uploads\/2017\/04\/agrinova-140x60.gif\" alt=\"\" \/><\/p>\n<p>&nbsp;<\/p>\n<p><img loading=\"lazy\" decoding=\"async\" class=\"wp-image-33 alignright\" src=\"http:\/\/www.novalliance.net\/wp-content\/uploads\/2017\/04\/jardinova.gif\" alt=\"\" width=\"164\" height=\"41\" \/><img loading=\"lazy\" decoding=\"async\" class=\"alignright wp-image-36\" src=\"http:\/\/www.novalliance.net\/wp-content\/uploads\/2017\/04\/tropica-140x54.gif\" alt=\"\" width=\"111\" height=\"43\" \/><\/p>\n<h3>Distribution<\/h3>\n<p>Novalliance forme une unit\u00e9 compl\u00e8te et forte qui couvre les principaux territoires de ses march\u00e9s, gr\u00e2ce \u00e0 un r\u00e9seau de distribution diversifi\u00e9 et en croissance continue. Un large r\u00e9seau de distributeurs et d\u2019\u00e9quipes commerciales assure la promotion et la commercialisation des semences sur les march\u00e9s locaux. Ils constituent une force de vente efficace et qualifi\u00e9e, positionn\u00e9e au plus proche des producteurs. Ils apportent, de plus, des conseils sur le choix des vari\u00e9t\u00e9s et un appui technique aux producteurs.<br \/>\nL\u2019agilit\u00e9 de Novalliance passe par des \u00e9quipes Business Developer, capables de d\u00e9ployer des nouveaux r\u00e9seaux \u00e0 tout moment sur un nouveau march\u00e9.<\/p>\n<p style=\"text-align: center\"><span class=\"chiffre_vert\">29<\/span><br \/>\n<strong>soci\u00e9t\u00e9s<br \/>\nde distribution<br \/>\n<\/strong><\/p>\n<p style=\"text-align: center\"><span style=\"color: #5ab271\"><span class=\"chiffre_vert\">318<\/span><\/span><br \/>\n<strong>salari\u00e9s<br \/>\n<\/strong><strong><br \/>\n<\/strong><\/p>\n<p style=\"text-align: center\"><span style=\"color: #5ab271\"><span class=\"chiffre_vert\">112<\/span><\/span><br \/>\n<strong>magasins<\/strong><\/p>\n<p><strong>\u00a0<\/strong><\/p>\n<p>&nbsp;<\/p>\n<p><a class=\"bouton_bleu\" href=\"\/novalliance.net?page_id=510\">En savoir plus<\/a><\/p>\n<p style=\"text-align: right\"><img loading=\"lazy\" decoding=\"async\" class=\" wp-image-2425 alignright\" src=\"http:\/\/www.novalliance.net\/wp-content\/uploads\/2017\/04\/maombe.jpg\" alt=\"\" width=\"85\" height=\"53\" \/><\/p>\n<p style=\"text-align: right\"><img loading=\"lazy\" decoding=\"async\" class=\" wp-image-2428 alignright\" src=\"http:\/\/www.novalliance.net\/wp-content\/uploads\/2017\/04\/semidom.jpg\" alt=\"\" width=\"124\" height=\"40\" \/><\/p>\n<p style=\"text-align: right\"><img loading=\"lazy\" decoding=\"async\" class=\" wp-image-2429 alignright\" src=\"http:\/\/www.novalliance.net\/wp-content\/uploads\/2017\/04\/semivoire.jpg\" alt=\"\" width=\"148\" height=\"35\" \/><\/p>\n<p style=\"text-align: right\"><img loading=\"lazy\" decoding=\"async\" class=\" wp-image-2430 alignright\" src=\"http:\/\/www.novalliance.net\/wp-content\/uploads\/2017\/04\/tropicasem.jpg\" alt=\"\" width=\"141\" height=\"40\" \/><\/p>\n<p>&nbsp;<\/p>\n<p>&nbsp;<\/p>\n<h3>Services<\/h3>\n<p>Afin de r\u00e9pondre \u00e0 un besoin grandissant en contr\u00f4le qualit\u00e9 et en conseil aupr\u00e8s de plusieurs soci\u00e9t\u00e9s du groupe, plusieurs entreprises ont \u00e9t\u00e9 cr\u00e9\u00e9es. Elles apportent leur soutien sur plusieurs domaines sp\u00e9cifiques comme l\u2019\u00e9tude de march\u00e9, la cr\u00e9ation d\u2019entreprises, des audits financiers &amp; organisationnels, le d\u00e9veloppement commercial mais aussi le contr\u00f4le qualit\u00e9 des semences potag\u00e8res et florales.<\/p>\n<p style=\"text-align: center\"><span class=\"chiffre_vert\">7<\/span><br \/>\n<strong>soci\u00e9t\u00e9s<br \/>\nde service<br \/>\n<\/strong><\/p>\n<p style=\"text-align: center\"><span style=\"color: #5ab271\"><span class=\"chiffre_vert\">28<\/span><\/span><br \/>\n<strong>salari\u00e9s<\/strong><\/p>\n<p><strong>\u00a0<\/strong><\/p>\n<p>&nbsp;<\/p>\n<p><a class=\"bouton_bleu\" href=\"\/novalliance.net?page_id=481\">En savoir plus<\/a><\/p>\n<p><img loading=\"lazy\" decoding=\"async\" class=\"wp-image-1875 alignright\" src=\"http:\/\/www.novalliance.net\/wp-content\/uploads\/2017\/04\/Capture-d\u2019\u00e9cran-2017-06-07-\u00e0-16.48.48.png\" alt=\"\" width=\"144\" height=\"60\" \/><img loading=\"lazy\" decoding=\"async\" class=\"wp-image-1871 alignright\" src=\"http:\/\/www.novalliance.net\/wp-content\/uploads\/2017\/04\/agroventure-1.png\" alt=\"\" width=\"148\" height=\"63\" \/><\/p>\n","protected":false},"excerpt":{"rendered":"<p>Notre m\u00e9tier La force de Novalliance r\u00e9side dans sa capacit\u00e9 \u00e0 mettre en \u0153uvre des expertises compl\u00e9mentaires, r\u00e9unies autour de 5 activit\u00e9s\u00a0: Recherche, Production, Industrie, Distribution et Services. Toutes ces activit\u00e9s peuvent agir aussi bien ind\u00e9pendamment les unes des autres qu\u2019en parfaite coordination. Programmes de recherche, cr\u00e9ation vari\u00e9tale, qualit\u00e9 des semences, d\u00e9veloppement commercial, strat\u00e9gie de [&hellip;]<\/p>\n","protected":false},"author":1,"featured_media":0,"parent":0,"menu_order":127,"comment_status":"open","ping_status":"closed","template":"template-flexible.php","meta":{"_acf_changed":false,"footnotes":""},"class_list":["post-296","page","type-page","status-publish","hentry"],"acf":[],"_links":{"self":[{"href":"https:\/\/novalliance.net\/en\/wp-json\/wp\/v2\/pages\/296","targetHints":{"allow":["GET"]}}],"collection":[{"href":"https:\/\/novalliance.net\/en\/wp-json\/wp\/v2\/pages"}],"about":[{"href":"https:\/\/novalliance.net\/en\/wp-json\/wp\/v2\/types\/page"}],"author":[{"embeddable":true,"href":"https:\/\/novalliance.net\/en\/wp-json\/wp\/v2\/users\/1"}],"replies":[{"embeddable":true,"href":"https:\/\/novalliance.net\/en\/wp-json\/wp\/v2\/comments?post=296"}],"version-history":[{"count":8,"href":"https:\/\/novalliance.net\/en\/wp-json\/wp\/v2\/pages\/296\/revisions"}],"predecessor-version":[{"id":4273,"href":"https:\/\/novalliance.net\/en\/wp-json\/wp\/v2\/pages\/296\/revisions\/4273"}],"wp:attachment":[{"href":"https:\/\/novalliance.net\/en\/wp-json\/wp\/v2\/media?parent=296"}],"curies":[{"name":"wp","href":"https:\/\/api.w.org\/{rel}","templated":true}]}}