{"id":2070,"date":"2021-04-22T10:43:23","date_gmt":"2021-04-22T08:43:23","guid":{"rendered":"https:\/\/novalliance.net\/accueil-2\/"},"modified":"2024-06-25T09:57:06","modified_gmt":"2024-06-25T07:57:06","slug":"accueil-2","status":"publish","type":"page","link":"https:\/\/novalliance.net\/ar\/","title":{"rendered":"\u0627\u0644\u0635\u0641\u062d\u0629 \u0627\u0644\u0631\u0626\u064a\u0633\u064a\u0629"},"content":{"rendered":"<p style=\"text-align: center\">Contribuer au d\u00e9veloppement d\u2019une agriculture tropicale avec un visage humain.<\/p>\n<h1 style=\"text-align: center\">Novalliance, a different<br \/>\nworLd vision<\/h1>\n<p><img loading=\"lazy\" decoding=\"async\" class=\"so-widget-image\" src=\"http:\/\/www.novalliance.net\/wp-content\/uploads\/2020\/04\/carte-novalliance-2020-FR.png\" width=\"587\" height=\"294\" \/><\/p>\n<p>Le groupe familial Novalliance a pour m\u00e9tier principal l&#8217;am\u00e9lioration des plantes, la production et la commercialisation de semences potag\u00e8res pour les zones tropicales, dont notamment l\u2019Afrique de l\u2019Ouest, l\u2019Afrique Centrale, les pays du Maghreb, du Moyen-Orient, l&#8217;Am\u00e9rique Latine et la zone Cara\u00efbes. Novalliance constitue une unit\u00e9 compl\u00e8te et forte qui couvre l\u2019ensemble des principaux territoires de nos march\u00e9s gr\u00e2ce \u00e0 une organisation recherche diversifi\u00e9e, une capacit\u00e9 \u00e0 lancer des nouvelles vari\u00e9t\u00e9s performantes, et \u00e0 des \u00e9quipes Business Developer capables de d\u00e9ployer des nouveaux r\u00e9seaux sur des march\u00e9s encore inconnus.<\/p>\n<p>&nbsp;<\/p>\n<p><a class=\"bouton_bleu\" href=\"http:\/\/novalliance.com.ot-sh-php-1.test.oceanet.eu\/notre-groupe\/notre-groupe\/\" target=\"_blank\" rel=\"noopener\">D\u00e9couvrir le groupe<\/a><\/p>\n<p><img loading=\"lazy\" decoding=\"async\" class=\"so-widget-image\" src=\"http:\/\/www.novalliance.net\/wp-content\/uploads\/2017\/04\/photo-PDG-Ronan-Gorin.png\" width=\"116\" height=\"116\" \/><\/p>\n<p>\u00ab Guid\u00e9 par la passion de l\u2019innovation et des id\u00e9es nouvelles, le groupe Novalliance est anim\u00e9 par la volont\u00e9 de semer les graines d\u2019un monde meilleur et plus respectueux de l\u2019autre. \u00bb<\/p>\n<p>Ronan GORIN, PDG Novalliance<\/p>\n<h2>Notre mission<\/h2>\n<p>Permettre aux paysans Africains d\u2019avoir acc\u00e8s \u00e0 des semences de l\u00e9gumes de qualit\u00e9, par le biais d\u2019un r\u00e9seau de distribution de plus en plus \u00e9tendu, et contribuer plus largement au d\u00e9veloppement d\u2019une agriculture tropicale performante.<\/p>\n<p>&nbsp;<\/p>\n<p><a class=\"bouton_bleu\" href=\"http:\/\/novalliance.com.ot-sh-php-1.test.oceanet.eu\/notre-groupe\/notre-groupe\/\" target=\"_blank\" rel=\"noopener\">En savoir plus<\/a><\/p>\n<p><img loading=\"lazy\" decoding=\"async\" class=\"so-widget-image\" src=\"http:\/\/www.novalliance.net\/wp-content\/uploads\/2017\/04\/visuel-textes.jpg\" width=\"384\" height=\"264\" \/><\/p>\n<h2>Nos valeurs<\/h2>\n<p><a href=\"\/?page_id=89\"> <img loading=\"lazy\" decoding=\"async\" class=\"so-widget-image\" src=\"http:\/\/www.novalliance.net\/wp-content\/uploads\/2017\/04\/croissance-esprit-conquete.jpg\" width=\"383\" height=\"247\" \/><br \/>\n<\/a><\/p>\n<h3 class=\"widget-title\">La croissance et l&#8217;esprit de conqu\u00eate<\/h3>\n<p><a href=\"\/?page_id=89\"> <img loading=\"lazy\" decoding=\"async\" class=\"so-widget-image\" src=\"http:\/\/www.novalliance.net\/wp-content\/uploads\/2017\/04\/curiosite-innovation-vegetale.jpg\" width=\"383\" height=\"247\" \/><br \/>\n<\/a><\/p>\n<h3 class=\"widget-title\">La curiosit\u00e9 et l&#8217;innovation v\u00e9g\u00e9tale<\/h3>\n<p><a href=\"\/?page_id=89\"> <img loading=\"lazy\" decoding=\"async\" class=\"so-widget-image\" src=\"http:\/\/www.novalliance.net\/wp-content\/uploads\/2017\/04\/^9CA8A23751C9ED3110E877FACD8B8ED00C7C3E1E1811EC7D05^pimgpsh_mobile_save_distr.jpg\" width=\"383\" height=\"247\" \/><br \/>\n<\/a><\/p>\n<h3 class=\"widget-title\">Le respect des autres<\/h3>\n<p>&nbsp;<\/p>\n<p>&nbsp;<\/p>\n<h2>Nos actualit\u00e9s<\/h2>\n<p>&nbsp;<\/p>\n<p>&nbsp;<\/p>\n<h2>Nos engagements<\/h2>\n<p><img loading=\"lazy\" decoding=\"async\" class=\"size-full wp-image-2820 alignleft\" src=\"http:\/\/www.novalliance.net\/wp-content\/uploads\/2017\/04\/mecenat.gif\" alt=\"\" width=\"87\" height=\"96\" \/><\/p>\n<p>&nbsp;<\/p>\n<p>Novalliance a la passion de son m\u00e9tier de semencier. Elle est convaincue que les hommes sont la cl\u00e9 de son succ\u00e8s.<\/p>\n<p>Pour cette raison, l\u2019engagement social fait \u00e9galement partie int\u00e9grante de sa culture d\u2019entreprise.<br \/>\nSa vocation n\u2019est pas seulement de commercialiser des semences potag\u00e8res et florales mais&#8230;<\/p>\n<p><a class=\"view-article\" href=\"http:\/\/novalliance.com.ot-sh-php-1.test.oceanet.eu\/mecenat\/\" target=\"_blank\" rel=\"noopener\">Lire la suite<\/a><\/p>\n<h2>Notre revue technique<\/h2>\n<p>D\u00e9couvrez Novaculture, la revue technique du groupe Novalliance pour vous apporter conseils et appui technique sur nos produits<br \/>\nRetrouvez tous les num\u00e9ros de Novaculture.<br \/>\nRejoignez-nous sur la page<br \/>\n<a href=\"https:\/\/www.facebook.com\/revueagriculture\/\" target=\"_blank\" rel=\"noopener\"><br \/>\nFacebook Novaculture. <\/a><br \/>\n<img alt=\"\" \/><\/p>\n<h2 style=\"margin-bottom: 0\">Nos\u00a0marques<\/h2>\n<p><a href=\"\/?page_id=68#bloc_agrinova\"> <img loading=\"lazy\" decoding=\"async\" class=\"so-widget-image\" src=\"http:\/\/www.novalliance.net\/wp-content\/uploads\/2017\/04\/agrinova.gif\" alt=\"icone recherche\" width=\"176\" height=\"75\" \/><br \/>\n<\/a><br \/>\n<a href=\"\/?page_id=68#bloc_jardinova\"> <img loading=\"lazy\" decoding=\"async\" class=\"so-widget-image\" src=\"http:\/\/www.novalliance.net\/wp-content\/uploads\/2017\/04\/jardinova.gif\" width=\"210\" height=\"52\" \/><br \/>\n<\/a><br \/>\n<a href=\"\/?page_id=68#bloc_jarditropic\"> <img loading=\"lazy\" decoding=\"async\" class=\"so-widget-image\" src=\"http:\/\/www.novalliance.net\/wp-content\/uploads\/2017\/04\/jarditropic.gif\" width=\"202\" height=\"67\" \/><br \/>\n<\/a><br \/>\n<a href=\"\/?page_id=68#bloc_technisem\"> <img loading=\"lazy\" decoding=\"async\" class=\"so-widget-image\" src=\"http:\/\/www.novalliance.net\/wp-content\/uploads\/2017\/04\/technisem.gif\" width=\"185\" height=\"44\" \/><br \/>\n<\/a><br \/>\n<a href=\"\/?page_id=68#bloc_tropica\"> <img loading=\"lazy\" decoding=\"async\" class=\"so-widget-image\" src=\"http:\/\/www.novalliance.net\/wp-content\/uploads\/2017\/04\/tropica.gif\" width=\"183\" height=\"71\" \/><br \/>\n<\/a><\/p>\n<h2 style=\"margin-bottom: 0\">Notre m\u00e9tier<\/h2>\n<p><a href=\"http:\/\/novalliance.com.ot-sh-php-1.test.oceanet.eu\/notre-metier\/recherche\/\" target=\"_blank\" rel=\"noopener\"> <img decoding=\"async\" class=\"so-widget-image\" src=\"http:\/\/www.novalliance.net\/wp-content\/uploads\/2017\/04\/recherche.svg\" \/><br \/>\n<\/a><\/p>\n<h3 class=\"widget-title\">Recherche<\/h3>\n<p><a href=\"http:\/\/novalliance.com.ot-sh-php-1.test.oceanet.eu\/notre-metier\/production\/\" target=\"_blank\" rel=\"noopener\"> <img decoding=\"async\" class=\"so-widget-image\" src=\"http:\/\/www.novalliance.net\/wp-content\/uploads\/2017\/04\/production.svg\" \/><br \/>\n<\/a><\/p>\n<h3 class=\"widget-title\">Production<\/h3>\n<p><a href=\"http:\/\/novalliance.com.ot-sh-php-1.test.oceanet.eu\/notre-metier\/industrie\/\" target=\"_blank\" rel=\"noopener\"> <img decoding=\"async\" class=\"so-widget-image\" src=\"http:\/\/www.novalliance.net\/wp-content\/uploads\/2017\/04\/industrie.svg\" \/><br \/>\n<\/a><\/p>\n<h3 class=\"widget-title\">Industrie<\/h3>\n<p><a href=\"http:\/\/novalliance.com.ot-sh-php-1.test.oceanet.eu\/notre-metier\/distribution\/\" target=\"_blank\" rel=\"noopener\"> <img decoding=\"async\" class=\"so-widget-image\" src=\"http:\/\/www.novalliance.net\/wp-content\/uploads\/2017\/04\/distribution.svg\" \/><br \/>\n<\/a><\/p>\n<h3 class=\"widget-title\">Distribution<\/h3>\n<p><a href=\"http:\/\/novalliance.com.ot-sh-php-1.test.oceanet.eu\/notre-metier\/services\/\" target=\"_blank\" rel=\"noopener\"> <img decoding=\"async\" class=\"so-widget-image\" src=\"http:\/\/www.novalliance.net\/wp-content\/uploads\/2017\/04\/services.svg\" \/><br \/>\n<\/a><\/p>\n<h3 class=\"widget-title\">Services<\/h3>\n<h2 style=\"margin-bottom: 0\">Notre vid\u00e9o corporate Novalliance<\/h2>\n<p>\u00c0 travers ce film, d\u00e9couvrez les activit\u00e9s et les valeurs du groupe Novalliance : Groupe franco-africain qui se consacre principalement \u00e0 la s\u00e9lection, la production et la distribution de semences potag\u00e8res et florales pour les zones tropicales mais qui commercialise aussi une large gamme de produits compl\u00e9mentaires (intrants, outils).<\/p>\n<p><img decoding=\"async\" class=\"attachment-visuel_actu_home size-visuel_actu_home wp-post-image\" src=\"http:\/\/www.novalliance.net\/wp-content\/uploads\/2020\/08\/Digital-vision-266x146.png\" alt=\"\" \/> 05-08-2020 Novalliance : D\u00e9ploiement de la culture du digital au sein de Novalliance Novalliance souhaite aller encore plus loin dans sa transformation digitale afin de continuer \u00e0 cro\u00eetre tout en conservant ses acquis, ses parts de march\u00e9, \u2026 mais aussi pour pouvoir s\u2019adapter \u00e0 de nouvelles attentes. Pour parler de sa transformation num\u00e9rique, le slogan \u00ab Digital Vision \u00bb a \u00e9t\u00e9 retenu. \u00a0 Comment se transformer ? Un\u2026 <a class=\"view-article\" href=\"\/?p=12681\">Voir l\u2019article<\/a><br \/>\n<img decoding=\"async\" class=\"attachment-visuel_actu_home size-visuel_actu_home wp-post-image\" src=\"http:\/\/www.novalliance.net\/wp-content\/uploads\/2020\/05\/WE-ARE-TOGETHER-NOVALLIANCE-266x146.jpg\" alt=\"\" \/> 27-05-2020 Novalliance : tous ensemble pour faire face \u00e0 la crise sanitaire du COVID-19 Depuis le d\u00e9but de l\u2019ann\u00e9e, le monde est frapp\u00e9 par une forte propagation du COVID-19. Cette pand\u00e9mie exige la prise de d\u00e9cisions tr\u00e8s fortes autant pour les populations en g\u00e9n\u00e9ral que pour les entreprises. En effet, les populations doivent dor\u00e9navant apprendre \u00e0 vivre autrement pour faire face \u00e0 cette situation sanitaire catastrophique. Au sein du\u2026 <a class=\"view-article\" href=\"\/?p=12320\">Voir l\u2019article<\/a><br \/>\n<img decoding=\"async\" class=\"attachment-visuel_actu_home size-visuel_actu_home wp-post-image\" src=\"http:\/\/www.novalliance.net\/wp-content\/uploads\/2020\/02\/seedlab-266x146.jpg\" alt=\"\" \/> 06-02-2020 Toujours plus loin pour le contr\u00f4le qualit\u00e9 des semences Ce d\u00e9but d\u2019ann\u00e9e marque le commencement d\u2019un nouveau projet pour SeedLab, notre laboratoire partenaire de contr\u00f4le qualit\u00e9 des semences. Un charg\u00e9 de projet en marquage mol\u00e9culaire a rejoint l\u2019\u00e9quipe d\u00e9but janvier afin de mettre en place une nouvelle prestation d\u2019analyse\u00a0: le contr\u00f4le de la puret\u00e9 vari\u00e9tale par marquage mol\u00e9culaire. Un beau projet en perspective, qui\u2026 <a class=\"view-article\" href=\"\/?p=11770\">Voir l\u2019article<\/a><br \/>\n<img decoding=\"async\" class=\"attachment-visuel_actu_home size-visuel_actu_home wp-post-image\" src=\"http:\/\/www.novalliance.net\/wp-content\/uploads\/2019\/10\/P1310822-266x146.jpg\" alt=\"\" \/> 01-11-2019 Sortie du 1er catalogue Jardinova ! Cette fin d\u2019ann\u00e9e 2019, marque la sortie du 1er\u00a0catalogue Jardinova. Ce catalogue regroupe toute l\u2019offre produits (hors semences) destin\u00e9e aux professionnels du mara\u00eechage en milieu tropical. Les produits composants cette gamme professionnelle ont \u00e9t\u00e9 r\u00e9partis dans 7 cat\u00e9gories en fonction de leur utilisation. Support de culture Nutrition des plantes Protection des plantes Outillage et mat\u00e9riel\u2026 <a class=\"view-article\" href=\"\/?p=11229\">Voir l\u2019article<\/a><br \/>\n<img decoding=\"async\" class=\"attachment-visuel_actu_home size-visuel_actu_home wp-post-image\" src=\"http:\/\/www.novalliance.net\/wp-content\/uploads\/2019\/07\/mockup-page-couv-copie-1-266x146.jpg\" alt=\"\" \/> 05-08-2019 Sortie du nouveau catalogue Technisem ! L\u2019\u00e9t\u00e9 2019 voit arriver la nouvelle \u00e9dition du catalogue de Technisem. Cette nouvelle version est l\u2019occasion de pr\u00e9senter nos derni\u00e8res vari\u00e9t\u00e9s et innovations. Celui-ci regroupe une s\u00e9lection de vari\u00e9t\u00e9s les mieux adapt\u00e9es \u00e0 la culture en zone tropicale qui allient performance, rusticit\u00e9 r\u00e9sistances aux maladies et qualit\u00e9s nutritionnelles et gustatives. Compos\u00e9 de 64 pages, il\u2026 <a class=\"view-article\" href=\"\/?p=10968\">Voir l\u2019article<\/a><br \/>\n<img decoding=\"async\" class=\"attachment-visuel_actu_home size-visuel_actu_home wp-post-image\" src=\"http:\/\/www.novalliance.net\/wp-content\/uploads\/2019\/04\/Photo-packagingTS-266x146.jpg\" alt=\"\" \/> 01-05-2019 Les nouveaux emballages arrivent ! Entam\u00e9e en 2017, la r\u00e9flexion autour des emballages porte aujourd\u2019hui ses fruits. Les boites et sachets de la marque Technisem vont \u00eatre modernis\u00e9s et commercialis\u00e9s d\u2019ici septembre 2019. Il s\u2019agit d\u2019une transition assez douce qui modernise nos emballages tout en gardant l\u2019identit\u00e9 de Technisem (logo, couleurs, lignes). La taille des articles, la qualit\u00e9 des emballages\u2026 <a class=\"view-article\" href=\"\/?p=10715\">Voir l\u2019article<\/a><\/p>\n","protected":false},"excerpt":{"rendered":"<p>Contribuer au d\u00e9veloppement d\u2019une agriculture tropicale avec un visage humain. Novalliance, a different worLd vision Le groupe familial Novalliance a pour m\u00e9tier principal l&#8217;am\u00e9lioration des plantes, la production et la commercialisation de semences potag\u00e8res pour les zones tropicales, dont notamment l\u2019Afrique de l\u2019Ouest, l\u2019Afrique Centrale, les pays du Maghreb, du Moyen-Orient, l&#8217;Am\u00e9rique Latine et la [&hellip;]<\/p>\n","protected":false},"author":1,"featured_media":0,"parent":0,"menu_order":27,"comment_status":"open","ping_status":"closed","template":"template-home.php","meta":{"_acf_changed":false,"footnotes":""},"class_list":["post-2070","page","type-page","status-publish","hentry"],"acf":[],"_links":{"self":[{"href":"https:\/\/novalliance.net\/ar\/wp-json\/wp\/v2\/pages\/2070","targetHints":{"allow":["GET"]}}],"collection":[{"href":"https:\/\/novalliance.net\/ar\/wp-json\/wp\/v2\/pages"}],"about":[{"href":"https:\/\/novalliance.net\/ar\/wp-json\/wp\/v2\/types\/page"}],"author":[{"embeddable":true,"href":"https:\/\/novalliance.net\/ar\/wp-json\/wp\/v2\/users\/1"}],"replies":[{"embeddable":true,"href":"https:\/\/novalliance.net\/ar\/wp-json\/wp\/v2\/comments?post=2070"}],"version-history":[{"count":9,"href":"https:\/\/novalliance.net\/ar\/wp-json\/wp\/v2\/pages\/2070\/revisions"}],"predecessor-version":[{"id":5017,"href":"https:\/\/novalliance.net\/ar\/wp-json\/wp\/v2\/pages\/2070\/revisions\/5017"}],"wp:attachment":[{"href":"https:\/\/novalliance.net\/ar\/wp-json\/wp\/v2\/media?parent=2070"}],"curies":[{"name":"wp","href":"https:\/\/api.w.org\/{rel}","templated":true}]}}