{"id":2054,"date":"2021-04-22T10:43:23","date_gmt":"2021-04-22T08:43:23","guid":{"rendered":"https:\/\/novalliance.net\/notre-metier\/recherche\/"},"modified":"2021-07-12T11:48:39","modified_gmt":"2021-07-12T09:48:39","slug":"recherche","status":"publish","type":"page","link":"https:\/\/novalliance.net\/ar\/notre-metier\/recherche\/","title":{"rendered":"\u0627\u0644\u0628\u062d\u062b"},"content":{"rendered":"<h1>Recherche<\/h1>\n<ul class=\"sow-slider-images\" data-settings=\"{&quot;pagination&quot;:true,&quot;speed&quot;:800,&quot;timeout&quot;:8000,&quot;swipe&quot;:true}\">\n<li class=\"sow-slider-image\"><img loading=\"lazy\" decoding=\"async\" class=\"attachment-full size-full\" src=\"http:\/\/www.novalliance.net\/wp-content\/uploads\/2017\/05\/visuel_recherche.jpg\" alt=\"\" width=\"856\" height=\"384\" \/><\/li>\n<li class=\"sow-slider-image\"><img loading=\"lazy\" decoding=\"async\" class=\"attachment-full size-full\" src=\"http:\/\/www.novalliance.net\/wp-content\/uploads\/2017\/05\/Recherche-1-1.jpg\" alt=\"\" width=\"856\" height=\"384\" \/><\/li>\n<li class=\"sow-slider-image\"><img loading=\"lazy\" decoding=\"async\" class=\"attachment-full size-full\" src=\"http:\/\/www.novalliance.net\/wp-content\/uploads\/2017\/05\/Recherche-2-1.jpg\" alt=\"\" width=\"856\" height=\"384\" \/><\/li>\n<\/ul>\n<ol class=\"sow-slider-pagination\">\n<li><a href=\"#\" data-goto=\"0\">1<\/a><\/li>\n<li><a href=\"#\" data-goto=\"1\">2<\/a><\/li>\n<li><a href=\"#\" data-goto=\"2\">3<\/a><\/li>\n<\/ol>\n<p><img loading=\"lazy\" decoding=\"async\" class=\"so-widget-image\" src=\"http:\/\/www.novalliance.net\/wp-content\/uploads\/2017\/05\/recherche_bleu.jpg\" width=\"72\" height=\"97\" \/><\/p>\n<p>L\u2019objectif du secteur recherche du groupe Novalliance est d\u2019apporter des vari\u00e9t\u00e9s performantes et adapt\u00e9es r\u00e9pondant aux attentes des producteurs des zones tropicales. Pour ce faire, la s\u00e9lection vari\u00e9tale est r\u00e9alis\u00e9e dans cinq pays aux conditions p\u00e9do-climatiques vari\u00e9es, repr\u00e9sentatives de celles pr\u00e9sentes dans la majorit\u00e9 des zones de production o\u00f9 sont commercialis\u00e9es les semences.<\/p>\n<p>Un pool de comp\u00e9tences et de moyens au service de la cr\u00e9ation vari\u00e9tale.<\/p>\n<p><a href=\"#bloc_TropicaSem\"> <img loading=\"lazy\" decoding=\"async\" class=\"so-widget-image\" src=\"http:\/\/www.novalliance.net\/wp-content\/uploads\/2017\/04\/Logo-Tropicasem-140x40.jpg\" width=\"140\" height=\"40\" \/><br \/>\n<\/a><br \/>\n<a href=\"#bloc_nankogenetic\"> <img loading=\"lazy\" decoding=\"async\" class=\"so-widget-image\" src=\"http:\/\/www.novalliance.net\/wp-content\/uploads\/2017\/04\/Logo-Nankogenetic-horizontal-140x27.jpg\" width=\"140\" height=\"27\" \/><br \/>\n<\/a><br \/>\n<a href=\"#bloc_semagri\"> <img loading=\"lazy\" decoding=\"async\" class=\"so-widget-image\" src=\"http:\/\/www.novalliance.net\/wp-content\/uploads\/2017\/04\/Logo-Semagri-140x47.jpg\" width=\"140\" height=\"47\" \/><br \/>\n<\/a><br \/>\n<a href=\"#bloc_semana\"> <img loading=\"lazy\" decoding=\"async\" class=\"so-widget-image\" src=\"http:\/\/www.novalliance.net\/wp-content\/uploads\/2017\/04\/Logo-Semana-140x45.jpg\" width=\"140\" height=\"45\" \/><br \/>\n<\/a><br \/>\n<a href=\"#bloc_armorgenetic\"> <img loading=\"lazy\" decoding=\"async\" class=\"so-widget-image\" src=\"http:\/\/www.novalliance.net\/wp-content\/uploads\/2017\/04\/Logo-Armor-Genetic-140x33.jpg\" width=\"140\" height=\"33\" \/><br \/>\n<\/a><\/p>\n<h3>S\u00e9n\u00e9gal<\/h3>\n<ul>\n<li>3 stations de recherche<\/li>\n<li>1 laboratoire de phytopathologie<\/li>\n<\/ul>\n<p>S\u00e9lection pour les pays sah\u00e9liens, vent\u00e9s\u00a0avec une influence maritime.<\/p>\n<h3>Burkina Faso<\/h3>\n<ul>\n<li>1 station de recherche<\/li>\n<\/ul>\n<p>S\u00e9lection pour les pays sah\u00e9liens, tr\u00e8s chauds avec une influence continentale.<\/p>\n<h3>Cameroun<\/h3>\n<ul>\n<li>1 station de recherche<\/li>\n<li>1 laboratoire de phytopathologie<\/li>\n<\/ul>\n<p>S\u00e9lection pour les pays ayant un climat tropical humide.<\/p>\n<h3>Madagascar<\/h3>\n<ul>\n<li>1 station de recherche<\/li>\n<\/ul>\n<p>S\u00e9lection pour les zones d\u2019altitude.<\/p>\n<h3>France<\/h3>\n<ul>\n<li>\u00a01 station d\u2019exp\u00e9rimentation \/ production<\/li>\n<\/ul>\n<p>Appui aux probl\u00e9matiques de production et exp\u00e9rimentation.<\/p>\n<p>La Recherche travaille prioritairement sur des l\u00e9gumes typiquement africains tels que l\u2019aubergine africaine (Jaxatu), le gombo, le bissap, le piment chinense, l\u2019oignon de jour court strict ou encore l\u2019amarante mais \u00e9galement sur les esp\u00e8ces mondialement connues telles que la tomate ou la past\u00e8que. Pour chacune elle essaye d\u2019apporter, entre autres, une bonne pr\u00e9cocit\u00e9 de r\u00e9colte, une tr\u00e8s bonne productivit\u00e9 et une bonne dur\u00e9e de conservation apr\u00e8s r\u00e9colte. Une attention particuli\u00e8re est apport\u00e9e \u00e0 la recherche de r\u00e9sistances face aux maladies tropicales.<br \/>\nD\u00e9velopper une nouvelle vari\u00e9t\u00e9 est un processus long et il peut s\u2019\u00e9couler une dizaine d\u2019ann\u00e9es avant qu\u2019une vari\u00e9t\u00e9 totalement adapt\u00e9e aux producteurs n\u2019\u00e9merge.<\/p>\n<p>Cr\u00e9\u00e9 en juillet 2014, Nova Genetic est le p\u00f4le Recherche et Innovation France du groupe Novalliance. Son travail se d\u00e9cline en trois activit\u00e9s principales\u00a0:<\/p>\n<ul>\n<li>La coordination des activit\u00e9s Recherche du groupe Novalliance. Nova Genetic fait le lien entre les \u00a0diff\u00e9rentes entit\u00e9s et les diff\u00e9rents services\u00a0: Production et Marketing.<\/li>\n<li>L\u2019ouverture et l\u2019innovation \u00e0 travers la recherche de collaboration avec des instituts de recherche ou autres soci\u00e9t\u00e9s priv\u00e9es.<\/li>\n<li>La gestion de projet et le d\u00e9veloppement des activit\u00e9s.<\/li>\n<\/ul>\n<p>&nbsp;<\/p>\n<p><a class=\"bouton_bleu\" href=\"\/?page_id=59\">&lt;&lt; Notre m\u00e9tier<\/a><\/p>\n","protected":false},"excerpt":{"rendered":"<p>Recherche 1 2 3 L\u2019objectif du secteur recherche du groupe Novalliance est d\u2019apporter des vari\u00e9t\u00e9s performantes et adapt\u00e9es r\u00e9pondant aux attentes des producteurs des zones tropicales. Pour ce faire, la s\u00e9lection vari\u00e9tale est r\u00e9alis\u00e9e dans cinq pays aux conditions p\u00e9do-climatiques vari\u00e9es, repr\u00e9sentatives de celles pr\u00e9sentes dans la majorit\u00e9 des zones de production o\u00f9 sont commercialis\u00e9es [&hellip;]<\/p>\n","protected":false},"author":1,"featured_media":0,"parent":1979,"menu_order":76,"comment_status":"open","ping_status":"closed","template":"template-flexible.php","meta":{"_acf_changed":false,"footnotes":""},"class_list":["post-2054","page","type-page","status-publish","hentry"],"acf":[],"_links":{"self":[{"href":"https:\/\/novalliance.net\/ar\/wp-json\/wp\/v2\/pages\/2054","targetHints":{"allow":["GET"]}}],"collection":[{"href":"https:\/\/novalliance.net\/ar\/wp-json\/wp\/v2\/pages"}],"about":[{"href":"https:\/\/novalliance.net\/ar\/wp-json\/wp\/v2\/types\/page"}],"author":[{"embeddable":true,"href":"https:\/\/novalliance.net\/ar\/wp-json\/wp\/v2\/users\/1"}],"replies":[{"embeddable":true,"href":"https:\/\/novalliance.net\/ar\/wp-json\/wp\/v2\/comments?post=2054"}],"version-history":[{"count":9,"href":"https:\/\/novalliance.net\/ar\/wp-json\/wp\/v2\/pages\/2054\/revisions"}],"predecessor-version":[{"id":2605,"href":"https:\/\/novalliance.net\/ar\/wp-json\/wp\/v2\/pages\/2054\/revisions\/2605"}],"up":[{"embeddable":true,"href":"https:\/\/novalliance.net\/ar\/wp-json\/wp\/v2\/pages\/1979"}],"wp:attachment":[{"href":"https:\/\/novalliance.net\/ar\/wp-json\/wp\/v2\/media?parent=2054"}],"curies":[{"name":"wp","href":"https:\/\/api.w.org\/{rel}","templated":true}]}}