{"id":2042,"date":"2021-04-22T10:43:23","date_gmt":"2021-04-22T08:43:23","guid":{"rendered":"https:\/\/novalliance.net\/notre-metier\/services\/"},"modified":"2021-07-12T12:18:20","modified_gmt":"2021-07-12T10:18:20","slug":"services","status":"publish","type":"page","link":"https:\/\/novalliance.net\/ar\/notre-metier\/services\/","title":{"rendered":"\u0627\u0644\u062e\u062f\u0645\u0627\u062a"},"content":{"rendered":"<h1>Services<\/h1>\n<ul class=\"sow-slider-images\" data-settings=\"{&quot;pagination&quot;:true,&quot;speed&quot;:800,&quot;timeout&quot;:8000,&quot;swipe&quot;:true}\">\n<li class=\"sow-slider-image\"><img loading=\"lazy\" decoding=\"async\" class=\"attachment-full size-full\" src=\"http:\/\/www.novalliance.net\/wp-content\/uploads\/2017\/05\/visuel_services2.jpg\" alt=\"\" width=\"854\" height=\"382\" \/><\/li>\n<li class=\"sow-slider-image\"><img loading=\"lazy\" decoding=\"async\" class=\"attachment-full size-full\" src=\"http:\/\/www.novalliance.net\/wp-content\/uploads\/2017\/05\/Laboratoire-vue-densemble2.jpg\" alt=\"\" width=\"10098\" height=\"4547\" \/><\/li>\n<li class=\"sow-slider-image\"><img loading=\"lazy\" decoding=\"async\" class=\"attachment-full size-full\" src=\"http:\/\/www.novalliance.net\/wp-content\/uploads\/2017\/05\/1506-Burkina-Hounde2-2.jpg\" alt=\"\" width=\"1919\" height=\"863\" \/><\/li>\n<\/ul>\n<ol class=\"sow-slider-pagination\">\n<li><a href=\"#\" data-goto=\"0\">1<\/a><\/li>\n<li><a href=\"#\" data-goto=\"1\">2<\/a><\/li>\n<li><a href=\"#\" data-goto=\"2\">3<\/a><\/li>\n<\/ol>\n<p>&nbsp;<\/p>\n<p>&nbsp;<\/p>\n<p><img loading=\"lazy\" decoding=\"async\" class=\"so-widget-image\" src=\"http:\/\/www.novalliance.net\/wp-content\/uploads\/2017\/05\/services_bleu.jpg\" width=\"111\" height=\"81\" \/><\/p>\n<p>Novalliance regroupe des entreprises avec des comp\u00e9tences diverses afin de r\u00e9pondre \u00e0 tous les besoins sp\u00e9cifiques qui tournent autour du m\u00e9tier de semencier. De la cr\u00e9ation d&#8217;entreprise \u00e0 la qualit\u00e9 des semences en passant par du conseil en gestion, les soci\u00e9t\u00e9s de service du groupe Novalliance d\u00e9ploient leurs \u00e9quipes sur le terrain pour r\u00e9pondre \u00e0 ces besoins.<\/p>\n<p><img loading=\"lazy\" decoding=\"async\" class=\"decale alignnone wp-image-504 size-full\" src=\"http:\/\/www.novalliance.net\/wp-content\/uploads\/2017\/05\/logo_agroaventure.png\" alt=\"\" width=\"201\" height=\"78\" \/><\/p>\n<h2>Agroventure<\/h2>\n<p>Soci\u00e9t\u00e9 de conseils et de services \u00e0 l\u2019entreprise \u201ctropicale\u201d<\/p>\n<p><em>\u00c9tude de march\u00e9, cr\u00e9ation d\u2019entreprises, audits financiers &amp; organisationnels, d\u00e9veloppement commercial&#8230;<\/em><\/p>\n<p>Agroventure est une soci\u00e9t\u00e9 de conseils et de services \u00e0 l&#8217;entreprise tropicale. Elle intervient dans les domaines de l&#8217;entreprenariat, de gestion d&#8217;entreprises, de d\u00e9veloppement commercial et de gestion de projets.<\/p>\n<p>Initialement, un service interne de la soci\u00e9t\u00e9 TECHNISEM, Agroventure a pris son \u201cind\u00e9pendance\u201d en 2014 afin de r\u00e9pondre \u00e0 un besoin grandissant en conseil et en soutien \u00e0 la gestion et au d\u00e9veloppement commercial des autres soci\u00e9t\u00e9s du Groupe. Actuellement elle travaille pour 29 soci\u00e9t\u00e9s (2 fran\u00e7aises, 1 am\u00e9ricaine, 24 africaines et 2 dans les Cara\u00efbes).<\/p>\n<p><strong class=\"services-text-accordeon1\">SES DOMAINES D&#8217;INTERVENTION<\/strong><\/p>\n<h4 style=\"text-align: center;\"><span class=\"texte_bleu\"><img loading=\"lazy\" decoding=\"async\" class=\"alignnone wp-image-492 size-full\" src=\"http:\/\/www.novalliance.net\/wp-content\/uploads\/2017\/05\/picto_entreprenariat.gif\" alt=\"\" width=\"110\" height=\"109\" \/><\/span><\/h4>\n<h4 style=\"text-align: center;\"><span class=\"texte_bleu\">Entreprenariat<\/span><\/h4>\n<p style=\"text-align: center;\">&#8211; \u00c9tudes de march\u00e9<br \/>\n&#8211; Cr\u00e9ation d&#8217;entreprises<br \/>\n&#8211; D\u00e9marches juridiques et administratives<br \/>\n&#8211; Recherche de partenaires d&#8217;affaires<\/p>\n<h4 style=\"text-align: center;\"><span class=\"texte_bleu\"><img loading=\"lazy\" decoding=\"async\" class=\"alignnone wp-image-491 size-full\" src=\"http:\/\/www.novalliance.net\/wp-content\/uploads\/2017\/05\/picto_gestion_entreprise.gif\" alt=\"\" width=\"110\" height=\"109\" \/><\/span><\/h4>\n<h4 style=\"text-align: center;\"><span class=\"texte_bleu\">Gestion d&#8217;entreprise <\/span><\/h4>\n<p style=\"text-align: center;\">&#8211; Audit financier<br \/>\n&#8211; Audit organisationnel<br \/>\n&#8211; Gestion de stock (achats, approvisionnement magasin, rotation&#8230;)<br \/>\n&#8211; Appui au recrutement<\/p>\n<h4 style=\"text-align: center;\"><span class=\"texte_bleu\"><img loading=\"lazy\" decoding=\"async\" class=\"alignnone wp-image-491 size-full\" src=\"http:\/\/www.novalliance.net\/wp-content\/uploads\/2017\/05\/picto_gestion_entreprise.gif\" alt=\"\" width=\"110\" height=\"109\" \/><\/span><\/h4>\n<h4 style=\"text-align: center;\"><span class=\"texte_bleu\">D\u00e9veloppement commercial <\/span><\/h4>\n<p style=\"text-align: center;\">&#8211; Identification et analyse de nouveaux march\u00e9s<br \/>\n&#8211; Adaptation de l&#8217;offre (produits \/ services) aux demandes locales<br \/>\n&#8211; Promotion de l&#8217;offre Veille concurrentielle<br \/>\n&#8211; Soutien aux \u00e9quipes locales<\/p>\n<h4 style=\"text-align: center;\"><span class=\"texte_bleu\"><img loading=\"lazy\" decoding=\"async\" class=\"alignnone wp-image-490 size-full\" src=\"http:\/\/www.novalliance.net\/wp-content\/uploads\/2017\/05\/picto_developpement_commercial.gif\" alt=\"\" width=\"110\" height=\"109\" \/><\/span><\/h4>\n<h4 style=\"text-align: center;\"><span class=\"texte_bleu\">Gestion de projets <\/span><\/h4>\n<p style=\"text-align: center;\">Vous avez un projet en t\u00eate mais vous n&#8217;avez pas le temps pour le mettre en place. Faites appel \u00e0 nos \u00e9quipes !<\/p>\n<p><img loading=\"lazy\" decoding=\"async\" class=\"decale alignnone wp-image-507 size-full\" src=\"http:\/\/www.novalliance.net\/wp-content\/uploads\/2017\/05\/agrivision.png\" alt=\"\" width=\"203\" height=\"87\" \/><\/p>\n<h2 class=\"services-text-accordeon2\">Agrivision<\/h2>\n<p>D\u00e8s 2015, Agroventure a ouvert 4 filiales africaines (au S\u00e9n\u00e9gal, Burkina, Cameroun, et Maroc) afin de r\u00e9pondre avec plus de r\u00e9activit\u00e9 et de pertinence aux d\u00e9fis de ses clients. Ainsi, un r\u00e9seau performant d\u2019auditeurs, de d\u00e9veloppeurs et d\u2019animateurs est pr\u00eat \u00e0 relever les d\u00e9fis les plus fous d\u2019une entreprise.<\/p>\n<p><img loading=\"lazy\" decoding=\"async\" class=\"transparente services-panel-accordeon2 wp-image-8534 aligncenter\" src=\"http:\/\/www.novalliance.net\/wp-content\/uploads\/2017\/05\/Nos-succursales-africaines-2018-800x800.jpg\" alt=\"\" width=\"598\" height=\"598\" \/><\/p>\n<p><img loading=\"lazy\" decoding=\"async\" class=\"wp-image-508 alignnone\" src=\"http:\/\/www.novalliance.net\/wp-content\/uploads\/2017\/05\/logo-seedlab-250x124.png\" alt=\"\" width=\"238\" height=\"118\" \/><\/p>\n<h2>SeedLab<\/h2>\n<p><strong>LABORATOIRE COORDINATEUR DE CONTR\u00d4LE QUALIT\u00c9 DES SEMENCES.<\/strong><\/p>\n<p>SeedLab est le laboratoire de contr\u00f4le qualit\u00e9 du groupe Novalliance. Il a deux missions\u00a0: la coordination du contr\u00f4le qualit\u00e9 des semences et le d\u00e9veloppement d\u2019outils rapides d\u2019analyse pour le terrain.<\/p>\n<p><strong>La qualit\u00e9, notre m\u00e9tier <\/strong><\/p>\n<p>Sp\u00e9cialis\u00e9 dans le contr\u00f4le qualit\u00e9 des semences potag\u00e8res et florales le laboratoire b\u00e9n\u00e9ficie de 30 ans de savoir-faire. Dans le cadre de l&#8217;\u00e9volution du groupe Novalliance, le laboratoire est devenu une structure ind\u00e9pendante, cr\u00e9\u00e9e en juillet 2014.<br \/>\nSa devise est la fiabilit\u00e9 et la rapidit\u00e9 des r\u00e9sultats. Le laboratoire participe au groupe de travail \u00ab\u00a0Qualit\u00e9 physique et germinative\u00a0\u00bb de la Section Potag\u00e8re et Florales de l&#8217;UFS (Union Fran\u00e7aise des Semenciers) pour la mise au point de m\u00e9thodes d&#8217;analyses et la calibration du laboratoire, afin de garantir des r\u00e9sultats fiables.<br \/>\nSeedLab est membre de l\u2019ISTA (International Seed Testing Association), depuis f\u00e9vrier 2016 et participe \u00e0 ce titre \u00e0 des essais d\u2019aptitude.<\/p>\n<p><strong class=\"services-text-accordeon3\">Nos domaines d\u2019intervention\u00a0: <\/strong><\/p>\n<ul>\n<li>Contr\u00f4les de qualit\u00e9 physiologique et physique : tests de germination, teneur en eau, masse de mille semences et puret\u00e9 sp\u00e9cifique. Chaque ann\u00e9e, Seedlab r\u00e9alise plus de 7000 analyses sur semences.<\/li>\n<li>Contr\u00f4le vari\u00e9tal\u00a0: via un r\u00e9seau de stations performantes<br \/>\nSeedlab coordonne un r\u00e9seau de stations pour le contr\u00f4le vari\u00e9tal en micro-parcelles. Au S\u00e9n\u00e9gal, \u00e0 Madagascar, au Burkina Faso, les \u00e9quipes sont sp\u00e9cialis\u00e9es dans l\u2019identification des vari\u00e9t\u00e9s. La grande diversit\u00e9 entre ces stations (climatiques, p\u00e9dologiques, pression parasitaire) permet de faire des tests toute l\u2019ann\u00e9e, en fonction des crit\u00e8res recherch\u00e9s.<\/li>\n<li>Contr\u00f4le vari\u00e9tal assist\u00e9 par marquage mol\u00e9culaire<br \/>\nEn parall\u00e8le des tests classiques, le laboratoire d\u00e9veloppe le contr\u00f4le vari\u00e9tal assist\u00e9 par marqueurs mol\u00e9culaires en collaboration avec des prestataires sp\u00e9cialis\u00e9s.<\/li>\n<li>Apporteur de solutions\u00a0: SeedLab propose diff\u00e9rents kits rapides d&#8217;analyses pour permettre de tester la qualit\u00e9 des stocks de semences, des plantes ou des sols\u00a0: kits de germination, kits de diagnostic sanitaire, kits d&#8217;analyse de sol.<\/li>\n<li>Formation et expertise\u00a0: le laboratoire est acteur de la qualit\u00e9 sur le terrain, par le biais de formations locales, destin\u00e9es aux techniciens des stations, aux commerciaux et aux \u00e9quipes de d\u00e9veloppement. SeedLab est l\u00e0 pour mettre au point des tests correspondants aux r\u00e9alit\u00e9s terrain. Ensemble, d\u00e9finissons votre besoin et mettons au point des outils adapt\u00e9s \u00e0 votre demande.<\/li>\n<\/ul>\n<h4><span class=\"texte_bleu\">SeedLab : Notre r\u00e9seau est notre force <\/span><\/h4>\n<p>Gr\u00e2ce \u00e0 un travail rigoureux et une connaissance approfondie des semences, SeedLab est un partenaire de choix pour vous accompagner dans vos d\u00e9marches de contr\u00f4le qualit\u00e9.<\/p>\n<p><a href=\"http:\/\/www.nova-seedlab.com\/fr\/\" target=\"_blank\" rel=\"noopener noreferrer\">http:\/\/www.nova-seedlab.com\/fr\/<\/a><\/p>\n<p><a class=\"bouton_bleu\" href=\"http:\/\/novalliance.com.ot-sh-php-1.test.oceanet.eu\/notre-metier\/\" target=\"_blank\" rel=\"noopener\">&lt;&lt; Notre m\u00e9tier<\/a><\/p>\n","protected":false},"excerpt":{"rendered":"<p>Services 1 2 3 &nbsp; &nbsp; Novalliance regroupe des entreprises avec des comp\u00e9tences diverses afin de r\u00e9pondre \u00e0 tous les besoins sp\u00e9cifiques qui tournent autour du m\u00e9tier de semencier. De la cr\u00e9ation d&#8217;entreprise \u00e0 la qualit\u00e9 des semences en passant par du conseil en gestion, les soci\u00e9t\u00e9s de service du groupe Novalliance d\u00e9ploient leurs \u00e9quipes [&hellip;]<\/p>\n","protected":false},"author":1,"featured_media":0,"parent":1979,"menu_order":71,"comment_status":"open","ping_status":"closed","template":"template-flexible.php","meta":{"_acf_changed":false,"footnotes":""},"class_list":["post-2042","page","type-page","status-publish","hentry"],"acf":[],"_links":{"self":[{"href":"https:\/\/novalliance.net\/ar\/wp-json\/wp\/v2\/pages\/2042","targetHints":{"allow":["GET"]}}],"collection":[{"href":"https:\/\/novalliance.net\/ar\/wp-json\/wp\/v2\/pages"}],"about":[{"href":"https:\/\/novalliance.net\/ar\/wp-json\/wp\/v2\/types\/page"}],"author":[{"embeddable":true,"href":"https:\/\/novalliance.net\/ar\/wp-json\/wp\/v2\/users\/1"}],"replies":[{"embeddable":true,"href":"https:\/\/novalliance.net\/ar\/wp-json\/wp\/v2\/comments?post=2042"}],"version-history":[{"count":4,"href":"https:\/\/novalliance.net\/ar\/wp-json\/wp\/v2\/pages\/2042\/revisions"}],"predecessor-version":[{"id":2613,"href":"https:\/\/novalliance.net\/ar\/wp-json\/wp\/v2\/pages\/2042\/revisions\/2613"}],"up":[{"embeddable":true,"href":"https:\/\/novalliance.net\/ar\/wp-json\/wp\/v2\/pages\/1979"}],"wp:attachment":[{"href":"https:\/\/novalliance.net\/ar\/wp-json\/wp\/v2\/media?parent=2042"}],"curies":[{"name":"wp","href":"https:\/\/api.w.org\/{rel}","templated":true}]}}