{"id":1989,"date":"2021-04-22T10:43:23","date_gmt":"2021-04-22T08:43:23","guid":{"rendered":"https:\/\/novalliance.net\/notre-metier\/production\/"},"modified":"2021-06-14T17:00:55","modified_gmt":"2021-06-14T15:00:55","slug":"production","status":"publish","type":"page","link":"https:\/\/novalliance.net\/ar\/notre-metier\/production\/","title":{"rendered":"\u0627\u0644\u0625\u0646\u062a\u0627\u062c"},"content":{"rendered":"<h1>Production<\/h1>\n<ul class=\"sow-slider-images\" data-settings=\"{&quot;pagination&quot;:true,&quot;speed&quot;:800,&quot;timeout&quot;:8000,&quot;swipe&quot;:true}\">\n<li class=\"sow-slider-image\"><img loading=\"lazy\" decoding=\"async\" class=\"attachment-full size-full\" src=\"http:\/\/www.novalliance.net\/wp-content\/uploads\/2017\/05\/visue_production.jpg\" srcset=\"http:\/\/www.novalliance.net\/wp-content\/uploads\/2017\/05\/visue_production-250x113.jpg 640w,http:\/\/www.novalliance.net\/wp-content\/uploads\/2017\/05\/visue_production-500x225.jpg 1024w,http:\/\/www.novalliance.net\/wp-content\/uploads\/2017\/05\/visue_production-800x360.jpg 1440w,http:\/\/www.novalliance.net\/wp-content\/uploads\/2017\/05\/visue_production-800x360.jpg 655w\" alt=\"\" width=\"855\" height=\"385\" \/><\/li>\n<\/ul>\n<ol class=\"sow-slider-pagination\">\n<li><a href=\"#\" data-goto=\"0\">1<\/a><\/li>\n<\/ol>\n<p><img loading=\"lazy\" decoding=\"async\" class=\"so-widget-image\" src=\"http:\/\/www.novalliance.net\/wp-content\/uploads\/2017\/05\/picto_production_bleu.gif\" width=\"100\" height=\"101\" \/><\/p>\n<p>Au sein du groupe Novalliance, l\u2019activit\u00e9 Production a pour mission l\u2019approvisionnement en semences de qualit\u00e9, au meilleur co\u00fbt et dans les meilleurs d\u00e9lais pour \u00eatre le plus r\u00e9actif possible sur les march\u00e9s o\u00f9 nous sommes pr\u00e9sents.<\/p>\n<p>Pour \u00eatre au plus pr\u00e8s des besoins commerciaux, apr\u00e8s l\u2019\u00e9valuation des stocks, les pr\u00e9visions de vente et les estimations de production de nos fournisseurs. Les semences sont produites par Novalliance dans le monde entier, dans la recherche permanente des meilleures conditions climatiques, des meilleurs fournisseurs et d\u2019une r\u00e9partition optimale du risque. La sp\u00e9cificit\u00e9 de Novalliance est de travailler en \u00e9troite collaboration avec les stations de recherche du Groupe, situ\u00e9es au S\u00e9n\u00e9gal, Burkina Faso, Cameroun et \u00e0 Madagascar. En effet, une partie des semences est produite sur ces stations par les \u00e9quipes production. Pour cela, elles sont quotidiennement en lien avec les \u00e9quipes sur place. Les \u00e9quipes Production peuvent compter sur l\u2019appui des \u00e9quipes de recherche dont leurs missions sont de proposer des nouvelles vari\u00e9t\u00e9s adapt\u00e9es aux besoins des mara\u00eechers et des consommateurs africains.<\/p>\n<p>&nbsp;<\/p>\n<p><a class=\"bouton_bleu\" href=\"\/?page_id=59\">&lt;&lt; Notre m\u00e9tier<\/a><\/p>\n","protected":false},"excerpt":{"rendered":"<p>Production 1 Au sein du groupe Novalliance, l\u2019activit\u00e9 Production a pour mission l\u2019approvisionnement en semences de qualit\u00e9, au meilleur co\u00fbt et dans les meilleurs d\u00e9lais pour \u00eatre le plus r\u00e9actif possible sur les march\u00e9s o\u00f9 nous sommes pr\u00e9sents. Pour \u00eatre au plus pr\u00e8s des besoins commerciaux, apr\u00e8s l\u2019\u00e9valuation des stocks, les pr\u00e9visions de vente et [&hellip;]<\/p>\n","protected":false},"author":1,"featured_media":0,"parent":1979,"menu_order":56,"comment_status":"open","ping_status":"closed","template":"template-flexible.php","meta":{"_acf_changed":false,"footnotes":""},"class_list":["post-1989","page","type-page","status-publish","hentry"],"acf":[],"_links":{"self":[{"href":"https:\/\/novalliance.net\/ar\/wp-json\/wp\/v2\/pages\/1989","targetHints":{"allow":["GET"]}}],"collection":[{"href":"https:\/\/novalliance.net\/ar\/wp-json\/wp\/v2\/pages"}],"about":[{"href":"https:\/\/novalliance.net\/ar\/wp-json\/wp\/v2\/types\/page"}],"author":[{"embeddable":true,"href":"https:\/\/novalliance.net\/ar\/wp-json\/wp\/v2\/users\/1"}],"replies":[{"embeddable":true,"href":"https:\/\/novalliance.net\/ar\/wp-json\/wp\/v2\/comments?post=1989"}],"version-history":[{"count":3,"href":"https:\/\/novalliance.net\/ar\/wp-json\/wp\/v2\/pages\/1989\/revisions"}],"predecessor-version":[{"id":2002,"href":"https:\/\/novalliance.net\/ar\/wp-json\/wp\/v2\/pages\/1989\/revisions\/2002"}],"up":[{"embeddable":true,"href":"https:\/\/novalliance.net\/ar\/wp-json\/wp\/v2\/pages\/1979"}],"wp:attachment":[{"href":"https:\/\/novalliance.net\/ar\/wp-json\/wp\/v2\/media?parent=1989"}],"curies":[{"name":"wp","href":"https:\/\/api.w.org\/{rel}","templated":true}]}}