{"id":1966,"date":"2021-04-22T10:43:23","date_gmt":"2021-04-22T08:43:23","guid":{"rendered":"https:\/\/novalliance.net\/actualites\/medias\/"},"modified":"2021-06-14T16:25:30","modified_gmt":"2021-06-14T14:25:30","slug":"medias","status":"publish","type":"page","link":"https:\/\/novalliance.net\/ar\/actualites\/medias\/","title":{"rendered":"M\u00e9dias"},"content":{"rendered":"<h1>D\u00e9couvrez les articles publi\u00e9s sur Novalliance dans les m\u00e9dias<\/h1>\n<ul class=\"avec_fleche_verte\">\n<li><em>Article paru en avril 2018 dans le magazine &#8220;Jeune Afrique&#8221;<\/em><\/li>\n<\/ul>\n<p><a style=\"color: #3366ff;\" href=\"http:\/\/www.novalliance.net\/wp-content\/uploads\/2018\/05\/Jeune-Afrique-avril-2018-Technisem-et-Novalliance.pdf\" target=\"_blank\" rel=\"noopener noreferrer\"><img loading=\"lazy\" decoding=\"async\" class=\"alignnone wp-image-934\" src=\"http:\/\/www.novalliance.net\/wp-content\/uploads\/2017\/05\/PictoPDF.png\" srcset=\"http:\/\/www.novalliance.net\/wp-content\/uploads\/2017\/05\/PictoPDF.png 640w,http:\/\/www.novalliance.net\/wp-content\/uploads\/2017\/05\/PictoPDF.png 1024w,http:\/\/www.novalliance.net\/wp-content\/uploads\/2017\/05\/PictoPDF.png 1440w,http:\/\/www.novalliance.net\/wp-content\/uploads\/2017\/05\/PictoPDF.png 655w\" alt=\"\" width=\"44\" height=\"42\" \/> <span style=\"color: #000000;\"><strong>Jeune Afrique &#8211; Avril 2018<\/strong><\/span><\/a><\/p>\n<p><img loading=\"lazy\" decoding=\"async\" class=\"alignnone wp-image-9004 \" src=\"http:\/\/www.novalliance.net\/wp-content\/uploads\/2017\/05\/Jeune-Afrique-avril-2018-Technisem-et-Novalliance_Page_2.jpg\" alt=\"\" width=\"644\" height=\"904\" \/><\/p>\n<p>&nbsp;<\/p>\n<ul class=\"avec_fleche_verte\">\n<li><em>Article paru en septembre 2017 dans le magazine &#8220;Afrique Agriculture&#8221;<\/em><\/li>\n<\/ul>\n<p><a style=\"color: #3366ff;\" href=\"http:\/\/www.novalliance.net\/wp-content\/uploads\/2017\/05\/Afrique-Agriculture-Sept-2017.pdf\" target=\"_blank\" rel=\"noopener noreferrer\"><img loading=\"lazy\" decoding=\"async\" class=\"alignnone wp-image-934\" src=\"http:\/\/www.novalliance.net\/wp-content\/uploads\/2017\/05\/PictoPDF.png\" srcset=\"http:\/\/www.novalliance.net\/wp-content\/uploads\/2017\/05\/PictoPDF.png 640w,http:\/\/www.novalliance.net\/wp-content\/uploads\/2017\/05\/PictoPDF.png 1024w,http:\/\/www.novalliance.net\/wp-content\/uploads\/2017\/05\/PictoPDF.png 1440w,http:\/\/www.novalliance.net\/wp-content\/uploads\/2017\/05\/PictoPDF.png 655w\" alt=\"\" width=\"44\" height=\"42\" \/><\/a> <span class=\"texte_bleu\"><strong><a href=\"http:\/\/www.novalliance.net\/wp-content\/uploads\/2017\/05\/Afrique-Agriculture-Sept-2017.pdf\" target=\"_blank\" rel=\"noopener noreferrer\">Afrique Agriculture &#8211; Sept 2017<\/a><\/strong><\/span><\/p>\n<p>&nbsp;<\/p>\n<ul class=\"avec_fleche_verte\">\n<li><em>Article paru en d\u00e9cembre 2016 dans le journal &#8220;Le courrier de l&#8217;Ouest&#8221;<\/em><\/li>\n<\/ul>\n<p><img loading=\"lazy\" decoding=\"async\" class=\"alignnone wp-image-2316\" src=\"http:\/\/www.novalliance.net\/wp-content\/uploads\/2017\/05\/Courrier-de-ouest-dec-2016-800x840.jpg\" alt=\"\" width=\"700\" height=\"735\" \/><\/p>\n","protected":false},"excerpt":{"rendered":"<p>D\u00e9couvrez les articles publi\u00e9s sur Novalliance dans les m\u00e9dias Article paru en avril 2018 dans le magazine &#8220;Jeune Afrique&#8221; Jeune Afrique &#8211; Avril 2018 &nbsp; Article paru en septembre 2017 dans le magazine &#8220;Afrique Agriculture&#8221; Afrique Agriculture &#8211; Sept 2017 &nbsp; Article paru en d\u00e9cembre 2016 dans le journal &#8220;Le courrier de l&#8217;Ouest&#8221;<\/p>\n","protected":false},"author":1,"featured_media":0,"parent":1917,"menu_order":50,"comment_status":"open","ping_status":"closed","template":"template-flexible.php","meta":{"_acf_changed":false,"footnotes":""},"class_list":["post-1966","page","type-page","status-publish","hentry"],"acf":[],"_links":{"self":[{"href":"https:\/\/novalliance.net\/ar\/wp-json\/wp\/v2\/pages\/1966","targetHints":{"allow":["GET"]}}],"collection":[{"href":"https:\/\/novalliance.net\/ar\/wp-json\/wp\/v2\/pages"}],"about":[{"href":"https:\/\/novalliance.net\/ar\/wp-json\/wp\/v2\/types\/page"}],"author":[{"embeddable":true,"href":"https:\/\/novalliance.net\/ar\/wp-json\/wp\/v2\/users\/1"}],"replies":[{"embeddable":true,"href":"https:\/\/novalliance.net\/ar\/wp-json\/wp\/v2\/comments?post=1966"}],"version-history":[{"count":1,"href":"https:\/\/novalliance.net\/ar\/wp-json\/wp\/v2\/pages\/1966\/revisions"}],"predecessor-version":[{"id":1974,"href":"https:\/\/novalliance.net\/ar\/wp-json\/wp\/v2\/pages\/1966\/revisions\/1974"}],"up":[{"embeddable":true,"href":"https:\/\/novalliance.net\/ar\/wp-json\/wp\/v2\/pages\/1917"}],"wp:attachment":[{"href":"https:\/\/novalliance.net\/ar\/wp-json\/wp\/v2\/media?parent=1966"}],"curies":[{"name":"wp","href":"https:\/\/api.w.org\/{rel}","templated":true}]}}